{"id":2016,"date":"2022-03-01T14:23:09","date_gmt":"2022-03-01T14:23:09","guid":{"rendered":"https:\/\/magazzinimanzanesi.overpx.com\/catalogo\/unkategorisiert\/handedesinfektionsgel\/"},"modified":"2022-03-01T14:23:09","modified_gmt":"2022-03-01T14:23:09","slug":"handedesinfektionsgel","status":"publish","type":"product","link":"https:\/\/magazzinimanzanesi.it\/de\/katalog\/werkzeug-de\/handedesinfektionsgel\/","title":{"rendered":"H\u00e4ndedesinfektionsgel"},"content":{"rendered":"<p>Dank seiner speziellen Formel mit Alkohol mit antibakterieller Wirkung, angereichert mit Extrakten aus isl\u00e4ndischen Flechten, Aloe und Panthenol, reinigt es die Haut der H\u00e4nde gr\u00fcndlich, ohne Wasser zu ben\u00f6tigen.<\/p>\n","protected":false},"excerpt":{"rendered":"<p>Dank seiner speziellen Formel mit Alkohol mit antibakterieller Wirkung, angereichert mit Extrakten aus isl\u00e4ndischen Flechten, Aloe und Panthenol, reinigt es die Haut der H\u00e4nde gr\u00fcndlich, ohne Wasser zu ben\u00f6tigen.<\/p>\n","protected":false},"featured_media":1207,"comment_status":"open","ping_status":"closed","template":"","meta":{"_acf_changed":false},"product_brand":[],"product_cat":[236],"product_tag":[],"class_list":{"0":"post-2016","1":"product","2":"type-product","3":"status-publish","4":"has-post-thumbnail","6":"product_cat-werkzeug-de","8":"first","9":"instock","10":"shipping-taxable","11":"product-type-simple"},"acf":[],"_links":{"self":[{"href":"https:\/\/magazzinimanzanesi.it\/de\/wp-json\/wp\/v2\/product\/2016","targetHints":{"allow":["GET"]}}],"collection":[{"href":"https:\/\/magazzinimanzanesi.it\/de\/wp-json\/wp\/v2\/product"}],"about":[{"href":"https:\/\/magazzinimanzanesi.it\/de\/wp-json\/wp\/v2\/types\/product"}],"replies":[{"embeddable":true,"href":"https:\/\/magazzinimanzanesi.it\/de\/wp-json\/wp\/v2\/comments?post=2016"}],"wp:featuredmedia":[{"embeddable":true,"href":"https:\/\/magazzinimanzanesi.it\/de\/wp-json\/wp\/v2\/media\/1207"}],"wp:attachment":[{"href":"https:\/\/magazzinimanzanesi.it\/de\/wp-json\/wp\/v2\/media?parent=2016"}],"wp:term":[{"taxonomy":"product_brand","embeddable":true,"href":"https:\/\/magazzinimanzanesi.it\/de\/wp-json\/wp\/v2\/product_brand?post=2016"},{"taxonomy":"product_cat","embeddable":true,"href":"https:\/\/magazzinimanzanesi.it\/de\/wp-json\/wp\/v2\/product_cat?post=2016"},{"taxonomy":"product_tag","embeddable":true,"href":"https:\/\/magazzinimanzanesi.it\/de\/wp-json\/wp\/v2\/product_tag?post=2016"}],"curies":[{"name":"wp","href":"https:\/\/api.w.org\/{rel}","templated":true}]}}