{"id":2026,"date":"2022-03-01T14:23:06","date_gmt":"2022-03-01T14:23:06","guid":{"rendered":"https:\/\/magazzinimanzanesi.overpx.com\/catalogo\/unkategorisiert\/stahl-filzgleiter-mit-schraube\/"},"modified":"2026-04-04T09:43:34","modified_gmt":"2026-04-04T09:43:34","slug":"stahl-filzgleiter-mit-schraube","status":"publish","type":"product","link":"https:\/\/magazzinimanzanesi.it\/de\/katalog\/stosspolster-und-fuesse\/stosstange-mit-schraube\/stahl-filzgleiter-mit-schraube\/","title":{"rendered":"Stahl-Filz-Gleiter mit Schraube"},"content":{"rendered":"<h1>Stahl- und Filzf\u00fc\u00dfe mit Schraube<\/h1>\n<p>&nbsp;<\/p>\n<h2>Stahl-Filz-Gleiter mit Schraube: Widerstandsf\u00e4hig und schonend<\/h2>\n<p>Stahl-Filz-Gleiter mit vormontierter Schraube PZ2. Die verzinkte Stahlstruktur macht diesen Fu\u00df besonders widerstandsf\u00e4hig, w\u00e4hrend die Filzunterseite ihn ideal f\u00fcr empfindliche Oberfl\u00e4chen wie Parkett macht.<\/p>\n<h3>Stahl-Filz-Gleiter mit Schraube \u2013 Ma\u00dfe:<\/h3>\n<p>\u2022 Stahldurchmesser: von 18 mm bis 35 mm<br \/>\n\u2022 Filzdurchmesser: von 15 mm bis 32 mm<br \/>\n\u2022 Schraube: \u00d8 3,5\u00d720 mm PZ2<\/p>\n<p>&nbsp;<\/p>\n<p>Verf\u00fcgbare Gr\u00f6\u00dfen:<br \/>\n\u2022 18 \/ 15 mm<br \/>\n\u2022 20 \/ 17 mm<br \/>\n\u2022 22 \/ 19 mm<br \/>\n\u2022 24 \/ 21 mm<br \/>\n\u2022 28 \/ 25 mm<br \/>\n\u2022 30 \/ 27 mm<br \/>\n\u2022 35 \/ 32 mm<\/p>\n","protected":false},"excerpt":{"rendered":"<p>Stahl- und Filzf\u00fc\u00dfe mit Schraube &nbsp; Stahl-Filz-Gleiter mit Schraube: Widerstandsf\u00e4hig und schonend Stahl-Filz-Gleiter mit vormontierter Schraube PZ2. Die verzinkte Stahlstruktur macht diesen Fu\u00df besonders widerstandsf\u00e4hig, w\u00e4hrend die Filzunterseite ihn ideal f\u00fcr empfindliche Oberfl\u00e4chen wie Parkett macht. Stahl-Filz-Gleiter mit Schraube \u2013 Ma\u00dfe: \u2022 Stahldurchmesser: von 18 mm bis 35 mm \u2022 Filzdurchmesser: von 15 mm bis [&hellip;]<\/p>\n","protected":false},"featured_media":4940,"comment_status":"open","ping_status":"closed","template":"","meta":{"_acf_changed":false},"product_brand":[],"product_cat":[245,243],"product_tag":[],"class_list":{"0":"post-2026","1":"product","2":"type-product","3":"status-publish","4":"has-post-thumbnail","6":"product_cat-stosstange-mit-schraube","7":"product_cat-stosspolster-und-fuesse","9":"first","10":"instock","11":"shipping-taxable","12":"product-type-simple"},"acf":[],"_links":{"self":[{"href":"https:\/\/magazzinimanzanesi.it\/de\/wp-json\/wp\/v2\/product\/2026","targetHints":{"allow":["GET"]}}],"collection":[{"href":"https:\/\/magazzinimanzanesi.it\/de\/wp-json\/wp\/v2\/product"}],"about":[{"href":"https:\/\/magazzinimanzanesi.it\/de\/wp-json\/wp\/v2\/types\/product"}],"replies":[{"embeddable":true,"href":"https:\/\/magazzinimanzanesi.it\/de\/wp-json\/wp\/v2\/comments?post=2026"}],"wp:featuredmedia":[{"embeddable":true,"href":"https:\/\/magazzinimanzanesi.it\/de\/wp-json\/wp\/v2\/media\/4940"}],"wp:attachment":[{"href":"https:\/\/magazzinimanzanesi.it\/de\/wp-json\/wp\/v2\/media?parent=2026"}],"wp:term":[{"taxonomy":"product_brand","embeddable":true,"href":"https:\/\/magazzinimanzanesi.it\/de\/wp-json\/wp\/v2\/product_brand?post=2026"},{"taxonomy":"product_cat","embeddable":true,"href":"https:\/\/magazzinimanzanesi.it\/de\/wp-json\/wp\/v2\/product_cat?post=2026"},{"taxonomy":"product_tag","embeddable":true,"href":"https:\/\/magazzinimanzanesi.it\/de\/wp-json\/wp\/v2\/product_tag?post=2026"}],"curies":[{"name":"wp","href":"https:\/\/api.w.org\/{rel}","templated":true}]}}