{"id":2027,"date":"2022-03-01T14:23:06","date_gmt":"2022-03-01T14:23:06","guid":{"rendered":"https:\/\/magazzinimanzanesi.overpx.com\/catalogo\/unkategorisiert\/teflonpuffer-pfte\/"},"modified":"2026-04-06T17:09:42","modified_gmt":"2026-04-06T17:09:42","slug":"teflonpuffer-pfte","status":"publish","type":"product","link":"https:\/\/magazzinimanzanesi.it\/de\/katalog\/stosspolster-und-fuesse\/pfte-stosfanger\/teflonpuffer-pfte\/","title":{"rendered":"PTFE-Gleiter mit Nagel"},"content":{"rendered":"<p>Teflonf\u00fc\u00dfe mit Nagel<\/p>\n<p>&nbsp;<\/p>\n<h2>PTFE-Gleiter mit Nagel: F\u00fcr alle Oberfl\u00e4chen<\/h2>\n<p>PTFE-Gleiter mit Nagel sind ideal f\u00fcr alle glatten Oberfl\u00e4chen und auch f\u00fcr Anwendungen geeignet, bei denen eine ger\u00e4uscharme Auflage erforderlich ist. Dieser PTFE-Fu\u00df mit Nagel eignet sich besonders als Basis f\u00fcr Sitzm\u00f6bel und andere M\u00f6belst\u00fccke. Dank der sehr hohen Materialqualit\u00e4t ist er besonders widerstandsf\u00e4hig und speziell f\u00fcr Fliesen, Terrakotta und Industrieb\u00f6den geeignet. Er reduziert die Reibung und verbessert die Gleitf\u00e4higkeit.<\/p>\n<p>&nbsp;<\/p>\n<h3><strong>PTFE-Gleiter mit Nagel \u2013 Ma\u00dfe:<\/strong><\/h3>\n<p>\u2022 verf\u00fcgbare Durchmesser: von 20 mm bis 30 mm<br \/>\n\u2022 PTFE-H\u00f6he: 5 mm<br \/>\n\u2022 Nagell\u00e4nge: 15 mm<\/p>\n<p>Auch in selbstklebender Ausf\u00fchrung mit Durchmessern von 20 mm bis 70 mm erh\u00e4ltlich.<\/p>\n","protected":false},"excerpt":{"rendered":"<p>Teflonf\u00fc\u00dfe mit Nagel &nbsp; PTFE-Gleiter mit Nagel: F\u00fcr alle Oberfl\u00e4chen PTFE-Gleiter mit Nagel sind ideal f\u00fcr alle glatten Oberfl\u00e4chen und auch f\u00fcr Anwendungen geeignet, bei denen eine ger\u00e4uscharme Auflage erforderlich ist. Dieser PTFE-Fu\u00df mit Nagel eignet sich besonders als Basis f\u00fcr Sitzm\u00f6bel und andere M\u00f6belst\u00fccke. Dank der sehr hohen Materialqualit\u00e4t ist er besonders widerstandsf\u00e4hig und [&hellip;]<\/p>\n","protected":false},"featured_media":8487,"comment_status":"open","ping_status":"closed","template":"","meta":{"_acf_changed":false},"product_brand":[],"product_cat":[246,243],"product_tag":[],"class_list":{"0":"post-2027","1":"product","2":"type-product","3":"status-publish","4":"has-post-thumbnail","6":"product_cat-pfte-stosfanger","7":"product_cat-stosspolster-und-fuesse","9":"first","10":"instock","11":"shipping-taxable","12":"product-type-simple"},"acf":[],"_links":{"self":[{"href":"https:\/\/magazzinimanzanesi.it\/de\/wp-json\/wp\/v2\/product\/2027","targetHints":{"allow":["GET"]}}],"collection":[{"href":"https:\/\/magazzinimanzanesi.it\/de\/wp-json\/wp\/v2\/product"}],"about":[{"href":"https:\/\/magazzinimanzanesi.it\/de\/wp-json\/wp\/v2\/types\/product"}],"replies":[{"embeddable":true,"href":"https:\/\/magazzinimanzanesi.it\/de\/wp-json\/wp\/v2\/comments?post=2027"}],"wp:featuredmedia":[{"embeddable":true,"href":"https:\/\/magazzinimanzanesi.it\/de\/wp-json\/wp\/v2\/media\/8487"}],"wp:attachment":[{"href":"https:\/\/magazzinimanzanesi.it\/de\/wp-json\/wp\/v2\/media?parent=2027"}],"wp:term":[{"taxonomy":"product_brand","embeddable":true,"href":"https:\/\/magazzinimanzanesi.it\/de\/wp-json\/wp\/v2\/product_brand?post=2027"},{"taxonomy":"product_cat","embeddable":true,"href":"https:\/\/magazzinimanzanesi.it\/de\/wp-json\/wp\/v2\/product_cat?post=2027"},{"taxonomy":"product_tag","embeddable":true,"href":"https:\/\/magazzinimanzanesi.it\/de\/wp-json\/wp\/v2\/product_tag?post=2027"}],"curies":[{"name":"wp","href":"https:\/\/api.w.org\/{rel}","templated":true}]}}