{"id":2029,"date":"2022-03-01T14:23:06","date_gmt":"2022-03-01T14:23:06","guid":{"rendered":"https:\/\/magazzinimanzanesi.overpx.com\/catalogo\/unkategorisiert\/zehenkappen-und-einlegesohlen-mit-filz\/"},"modified":"2026-04-04T10:00:34","modified_gmt":"2026-04-04T10:00:34","slug":"zehenkappen-und-einlegesohlen-mit-filz","status":"publish","type":"product","link":"https:\/\/magazzinimanzanesi.it\/de\/katalog\/stosspolster-und-fuesse\/metallschutz-und-moebeluntersetzer\/zehenkappen-und-einlegesohlen-mit-filz\/","title":{"rendered":"Kappen und Untersetzer mit Filz"},"content":{"rendered":"<h1>Kunststoffkappen mit Filz<\/h1>\n<p>&nbsp;<\/p>\n<h2>Kappen und Untersetzer mit Filz: F\u00fcr Rohrbeine<\/h2>\n<p>Kappen mit Filz sind die passende L\u00f6sung als Basis f\u00fcr Sitzm\u00f6bel und M\u00f6belst\u00fccke, die eine Einlassauflage ben\u00f6tigen. Das gerippte Profil des Schafts erm\u00f6glicht eine schnelle Montage und sorgt zugleich f\u00fcr ausgezeichneten Halt im Rohr. Der Filz an der Basis macht sie ideal f\u00fcr empfindliche Oberfl\u00e4chen wie Parkett. Verf\u00fcgbar f\u00fcr runde, rechteckige und quadratische Tr\u00e4ger.<\/p>\n<p>&nbsp;<\/p>\n<h3>Kappen und Untersetzer mit Filz \u2013 Ma\u00dfe:<\/h3>\n<p>F\u00fcr runde Rohre: \u00d816, \u00d818, \u00d820, \u00d822, \u00d825 mm<\/p>\n<p>F\u00fcr quadratische Rohre: 15\u00d715, 16\u00d716, 20\u00d720, 25\u00d725 mm<\/p>\n","protected":false},"excerpt":{"rendered":"<p>Kunststoffkappen mit Filz &nbsp; Kappen und Untersetzer mit Filz: F\u00fcr Rohrbeine Kappen mit Filz sind die passende L\u00f6sung als Basis f\u00fcr Sitzm\u00f6bel und M\u00f6belst\u00fccke, die eine Einlassauflage ben\u00f6tigen. Das gerippte Profil des Schafts erm\u00f6glicht eine schnelle Montage und sorgt zugleich f\u00fcr ausgezeichneten Halt im Rohr. Der Filz an der Basis macht sie ideal f\u00fcr empfindliche [&hellip;]<\/p>\n","protected":false},"featured_media":5050,"comment_status":"open","ping_status":"closed","template":"","meta":{"_acf_changed":false},"product_brand":[],"product_cat":[248,243],"product_tag":[],"class_list":{"0":"post-2029","1":"product","2":"type-product","3":"status-publish","4":"has-post-thumbnail","6":"product_cat-metallschutz-und-moebeluntersetzer","7":"product_cat-stosspolster-und-fuesse","9":"first","10":"instock","11":"shipping-taxable","12":"product-type-simple"},"acf":[],"_links":{"self":[{"href":"https:\/\/magazzinimanzanesi.it\/de\/wp-json\/wp\/v2\/product\/2029","targetHints":{"allow":["GET"]}}],"collection":[{"href":"https:\/\/magazzinimanzanesi.it\/de\/wp-json\/wp\/v2\/product"}],"about":[{"href":"https:\/\/magazzinimanzanesi.it\/de\/wp-json\/wp\/v2\/types\/product"}],"replies":[{"embeddable":true,"href":"https:\/\/magazzinimanzanesi.it\/de\/wp-json\/wp\/v2\/comments?post=2029"}],"wp:featuredmedia":[{"embeddable":true,"href":"https:\/\/magazzinimanzanesi.it\/de\/wp-json\/wp\/v2\/media\/5050"}],"wp:attachment":[{"href":"https:\/\/magazzinimanzanesi.it\/de\/wp-json\/wp\/v2\/media?parent=2029"}],"wp:term":[{"taxonomy":"product_brand","embeddable":true,"href":"https:\/\/magazzinimanzanesi.it\/de\/wp-json\/wp\/v2\/product_brand?post=2029"},{"taxonomy":"product_cat","embeddable":true,"href":"https:\/\/magazzinimanzanesi.it\/de\/wp-json\/wp\/v2\/product_cat?post=2029"},{"taxonomy":"product_tag","embeddable":true,"href":"https:\/\/magazzinimanzanesi.it\/de\/wp-json\/wp\/v2\/product_tag?post=2029"}],"curies":[{"name":"wp","href":"https:\/\/api.w.org\/{rel}","templated":true}]}}