{"id":2034,"date":"2022-03-01T14:23:05","date_gmt":"2022-03-01T14:23:05","guid":{"rendered":"https:\/\/magazzinimanzanesi.overpx.com\/catalogo\/unkategorisiert\/winkel-ango4054\/"},"modified":"2026-04-02T14:05:15","modified_gmt":"2026-04-02T14:05:15","slug":"winkel-ango4054","status":"publish","type":"product","link":"https:\/\/magazzinimanzanesi.it\/de\/katalog\/fur-tische\/winkel\/winkel-ango4054\/","title":{"rendered":"Verst\u00e4rkter Winkelbeschlag 40\u00d754"},"content":{"rendered":"<h1>Verst\u00e4rkter Innenwinkel aus Eisen 40\u00d754<\/h1>\n<h2>Verst\u00e4rkter Winkelbeschlag 40\u00d754: F\u00fcr kompakte Verbindungen<\/h2>\n<p>Verst\u00e4rkter Innenwinkel aus Eisen in der Gr\u00f6\u00dfe 40\u00d754 mm zur Montage der Tischbeine am Tischgestell.<\/p>\n<h3>Verst\u00e4rkter Winkelbeschlag \u2013 Ma\u00dfe:<\/h3>\n<p>40\u00d754\u00d744 mm  <\/p>\n<p>Oberfl\u00e4chenbehandlungen auf Anfrage.<\/p>\n<p>Diese verst\u00e4rkten Innenwinkel werden verwendet, um Tischbeine sicher mit dem Untergestell zu verbinden. Trotz des kompakten Formats bietet die verst\u00e4rkte Ausf\u00fchrung eine gute Steifigkeit und zuverl\u00e4ssige Stabilit\u00e4t im Eckbereich. Sie kommen im Tisch- und M\u00f6belbau \u00fcberall dort zum Einsatz, wo eine belastbare und platzsparende Winkelverbindung erforderlich ist. Weitere Oberfl\u00e4chen sind auf Anfrage erh\u00e4ltlich.<\/p>\n","protected":false},"excerpt":{"rendered":"<p>Verst\u00e4rkter Innenwinkel aus Eisen 40\u00d754 Verst\u00e4rkter Winkelbeschlag 40\u00d754: F\u00fcr kompakte Verbindungen Verst\u00e4rkter Innenwinkel aus Eisen in der Gr\u00f6\u00dfe 40\u00d754 mm zur Montage der Tischbeine am Tischgestell. Verst\u00e4rkter Winkelbeschlag \u2013 Ma\u00dfe: 40\u00d754\u00d744 mm Oberfl\u00e4chenbehandlungen auf Anfrage. Diese verst\u00e4rkten Innenwinkel werden verwendet, um Tischbeine sicher mit dem Untergestell zu verbinden. Trotz des kompakten Formats bietet die verst\u00e4rkte [&hellip;]<\/p>\n","protected":false},"featured_media":2801,"comment_status":"open","ping_status":"closed","template":"","meta":{"_acf_changed":false},"product_brand":[],"product_cat":[265,268],"product_tag":[],"class_list":{"0":"post-2034","1":"product","2":"type-product","3":"status-publish","4":"has-post-thumbnail","6":"product_cat-fur-tische","7":"product_cat-winkel","9":"first","10":"instock","11":"product-type-simple"},"acf":[],"_links":{"self":[{"href":"https:\/\/magazzinimanzanesi.it\/de\/wp-json\/wp\/v2\/product\/2034","targetHints":{"allow":["GET"]}}],"collection":[{"href":"https:\/\/magazzinimanzanesi.it\/de\/wp-json\/wp\/v2\/product"}],"about":[{"href":"https:\/\/magazzinimanzanesi.it\/de\/wp-json\/wp\/v2\/types\/product"}],"replies":[{"embeddable":true,"href":"https:\/\/magazzinimanzanesi.it\/de\/wp-json\/wp\/v2\/comments?post=2034"}],"wp:featuredmedia":[{"embeddable":true,"href":"https:\/\/magazzinimanzanesi.it\/de\/wp-json\/wp\/v2\/media\/2801"}],"wp:attachment":[{"href":"https:\/\/magazzinimanzanesi.it\/de\/wp-json\/wp\/v2\/media?parent=2034"}],"wp:term":[{"taxonomy":"product_brand","embeddable":true,"href":"https:\/\/magazzinimanzanesi.it\/de\/wp-json\/wp\/v2\/product_brand?post=2034"},{"taxonomy":"product_cat","embeddable":true,"href":"https:\/\/magazzinimanzanesi.it\/de\/wp-json\/wp\/v2\/product_cat?post=2034"},{"taxonomy":"product_tag","embeddable":true,"href":"https:\/\/magazzinimanzanesi.it\/de\/wp-json\/wp\/v2\/product_tag?post=2034"}],"curies":[{"name":"wp","href":"https:\/\/api.w.org\/{rel}","templated":true}]}}