{"id":2035,"date":"2022-03-01T14:23:05","date_gmt":"2022-03-01T14:23:05","guid":{"rendered":"https:\/\/magazzinimanzanesi.overpx.com\/catalogo\/unkategorisiert\/winkel-ango6054\/"},"modified":"2026-04-02T14:07:23","modified_gmt":"2026-04-02T14:07:23","slug":"winkel-ango6054","status":"publish","type":"product","link":"https:\/\/magazzinimanzanesi.it\/de\/katalog\/fur-tische\/winkel\/winkel-ango6054\/","title":{"rendered":"Verst\u00e4rkter Winkelbeschlag 60\u00d754"},"content":{"rendered":"<h1>Verst\u00e4rkter Innenwinkel aus Eisen 60\u00d754<\/h1>\n<h2>Verst\u00e4rkter Winkelbeschlag 60\u00d754: F\u00fcr stabile Eckmontagen<\/h2>\n<p>Verst\u00e4rkter Innenwinkel aus Eisen in der Gr\u00f6\u00dfe 60\u00d754 mm zur Montage der Tischbeine am Tischgestell.<\/p>\n<h3>Verst\u00e4rkter Winkelbeschlag \u2013 Ma\u00dfe:<\/h3>\n<p>60\u00d754\u00d743 mm  <\/p>\n<p>Oberfl\u00e4chenbehandlungen auf Anfrage.<\/p>\n","protected":false},"excerpt":{"rendered":"<p>Verst\u00e4rkter Innenwinkel aus Eisen 60\u00d754 Verst\u00e4rkter Winkelbeschlag 60\u00d754: F\u00fcr stabile Eckmontagen Verst\u00e4rkter Innenwinkel aus Eisen in der Gr\u00f6\u00dfe 60\u00d754 mm zur Montage der Tischbeine am Tischgestell. Verst\u00e4rkter Winkelbeschlag \u2013 Ma\u00dfe: 60\u00d754\u00d743 mm Oberfl\u00e4chenbehandlungen auf Anfrage.<\/p>\n","protected":false},"featured_media":6535,"comment_status":"open","ping_status":"closed","template":"","meta":{"_acf_changed":false},"product_brand":[],"product_cat":[265,268],"product_tag":[],"class_list":{"0":"post-2035","1":"product","2":"type-product","3":"status-publish","4":"has-post-thumbnail","6":"product_cat-fur-tische","7":"product_cat-winkel","9":"first","10":"instock","11":"product-type-simple"},"acf":[],"_links":{"self":[{"href":"https:\/\/magazzinimanzanesi.it\/de\/wp-json\/wp\/v2\/product\/2035","targetHints":{"allow":["GET"]}}],"collection":[{"href":"https:\/\/magazzinimanzanesi.it\/de\/wp-json\/wp\/v2\/product"}],"about":[{"href":"https:\/\/magazzinimanzanesi.it\/de\/wp-json\/wp\/v2\/types\/product"}],"replies":[{"embeddable":true,"href":"https:\/\/magazzinimanzanesi.it\/de\/wp-json\/wp\/v2\/comments?post=2035"}],"wp:featuredmedia":[{"embeddable":true,"href":"https:\/\/magazzinimanzanesi.it\/de\/wp-json\/wp\/v2\/media\/6535"}],"wp:attachment":[{"href":"https:\/\/magazzinimanzanesi.it\/de\/wp-json\/wp\/v2\/media?parent=2035"}],"wp:term":[{"taxonomy":"product_brand","embeddable":true,"href":"https:\/\/magazzinimanzanesi.it\/de\/wp-json\/wp\/v2\/product_brand?post=2035"},{"taxonomy":"product_cat","embeddable":true,"href":"https:\/\/magazzinimanzanesi.it\/de\/wp-json\/wp\/v2\/product_cat?post=2035"},{"taxonomy":"product_tag","embeddable":true,"href":"https:\/\/magazzinimanzanesi.it\/de\/wp-json\/wp\/v2\/product_tag?post=2035"}],"curies":[{"name":"wp","href":"https:\/\/api.w.org\/{rel}","templated":true}]}}