{"id":2041,"date":"2022-03-01T14:23:05","date_gmt":"2022-03-01T14:23:05","guid":{"rendered":"https:\/\/magazzinimanzanesi.overpx.com\/catalogo\/unkategorisiert\/drehbares-klapprohrgestell\/"},"modified":"2026-04-03T08:34:45","modified_gmt":"2026-04-03T08:34:45","slug":"drehbares-klapprohrgestell","status":"publish","type":"product","link":"https:\/\/magazzinimanzanesi.it\/de\/katalog\/fur-tische\/buegelbolzen\/drehbares-klapprohrgestell\/","title":{"rendered":"Trapezf\u00f6rmiger Klappbeschlag"},"content":{"rendered":"<h1>Klappbeschlag: Trapezf\u00f6rmig<\/h1>\n<p>Trapezf\u00f6rmiger Klappbeschlag aus verzinktem Eisen, geeignet zum Kippen von Tischplatten, komplett mit B\u00fcgeln und Halterungen. Die Ma\u00dfe der Beschl\u00e4ge sind auf Anfrage erh\u00e4ltlich.<\/p>\n<p>Ma\u00dfe auf Anfrage.<\/p>\n","protected":false},"excerpt":{"rendered":"<p>Klappbeschlag: Trapezf\u00f6rmig Trapezf\u00f6rmiger Klappbeschlag aus verzinktem Eisen, geeignet zum Kippen von Tischplatten, komplett mit B\u00fcgeln und Halterungen. Die Ma\u00dfe der Beschl\u00e4ge sind auf Anfrage erh\u00e4ltlich. Ma\u00dfe auf Anfrage.<\/p>\n","protected":false},"featured_media":4755,"comment_status":"open","ping_status":"closed","template":"","meta":{"_acf_changed":false},"product_brand":[],"product_cat":[270,265],"product_tag":[],"class_list":{"0":"post-2041","1":"product","2":"type-product","3":"status-publish","4":"has-post-thumbnail","6":"product_cat-buegelbolzen","7":"product_cat-fur-tische","9":"first","10":"instock","11":"product-type-simple"},"acf":[],"_links":{"self":[{"href":"https:\/\/magazzinimanzanesi.it\/de\/wp-json\/wp\/v2\/product\/2041","targetHints":{"allow":["GET"]}}],"collection":[{"href":"https:\/\/magazzinimanzanesi.it\/de\/wp-json\/wp\/v2\/product"}],"about":[{"href":"https:\/\/magazzinimanzanesi.it\/de\/wp-json\/wp\/v2\/types\/product"}],"replies":[{"embeddable":true,"href":"https:\/\/magazzinimanzanesi.it\/de\/wp-json\/wp\/v2\/comments?post=2041"}],"wp:featuredmedia":[{"embeddable":true,"href":"https:\/\/magazzinimanzanesi.it\/de\/wp-json\/wp\/v2\/media\/4755"}],"wp:attachment":[{"href":"https:\/\/magazzinimanzanesi.it\/de\/wp-json\/wp\/v2\/media?parent=2041"}],"wp:term":[{"taxonomy":"product_brand","embeddable":true,"href":"https:\/\/magazzinimanzanesi.it\/de\/wp-json\/wp\/v2\/product_brand?post=2041"},{"taxonomy":"product_cat","embeddable":true,"href":"https:\/\/magazzinimanzanesi.it\/de\/wp-json\/wp\/v2\/product_cat?post=2041"},{"taxonomy":"product_tag","embeddable":true,"href":"https:\/\/magazzinimanzanesi.it\/de\/wp-json\/wp\/v2\/product_tag?post=2041"}],"curies":[{"name":"wp","href":"https:\/\/api.w.org\/{rel}","templated":true}]}}