{"id":2051,"date":"2022-03-01T14:23:05","date_gmt":"2022-03-01T14:23:05","guid":{"rendered":"https:\/\/magazzinimanzanesi.overpx.com\/catalogo\/unkategorisiert\/drehbare-kanaldeckel-fur-tischplatten\/"},"modified":"2026-04-02T13:35:34","modified_gmt":"2026-04-02T13:35:34","slug":"drehbare-kanaldeckel-fur-tischplatten","status":"publish","type":"product","link":"https:\/\/magazzinimanzanesi.it\/de\/katalog\/fur-tische\/angleichung-und-abschluss\/drehbare-kanaldeckel-fur-tischplatten\/","title":{"rendered":"Schwenkbarer Tischverschluss"},"content":{"rendered":"<h1>Schwenkbarer Tischplattenriegel<\/h1>\n<p>&nbsp;<\/p>\n<h2>Schwenkbarer Tischplattenriegel: Komfortabel und robust<\/h2>\n<p>Drehbarer Verriegelungsmechanismus aus verzinktem Eisen, der zum Ausrichten und Verbinden von ausziehbaren Tischplatten dient.  Durch Drehen l\u00e4sst sich der Riegel \u00f6ffnen oder schlie\u00dfen, was eine schnelle und sichere Fixierung erm\u00f6glicht.<\/p>\n<p>&nbsp;<\/p>\n<h3>Schwenkbarer Tischplattenriegel \u2013 Ma\u00dfe:<\/h3>\n<p>Festteil 50\u00d723 mm; Drehteil 50\u00d733 mm; St\u00e4rke 1,5 mm; Loch-\u00d8 3 mm<\/p>\n","protected":false},"excerpt":{"rendered":"<p>Schwenkbarer Tischplattenriegel &nbsp; Schwenkbarer Tischplattenriegel: Komfortabel und robust Drehbarer Verriegelungsmechanismus aus verzinktem Eisen, der zum Ausrichten und Verbinden von ausziehbaren Tischplatten dient. Durch Drehen l\u00e4sst sich der Riegel \u00f6ffnen oder schlie\u00dfen, was eine schnelle und sichere Fixierung erm\u00f6glicht. &nbsp; Schwenkbarer Tischplattenriegel \u2013 Ma\u00dfe: Festteil 50\u00d723 mm; Drehteil 50\u00d733 mm; St\u00e4rke 1,5 mm; Loch-\u00d8 3 mm<\/p>\n","protected":false},"featured_media":4640,"comment_status":"open","ping_status":"closed","template":"","meta":{"_acf_changed":false},"product_brand":[],"product_cat":[267,265],"product_tag":[],"class_list":{"0":"post-2051","1":"product","2":"type-product","3":"status-publish","4":"has-post-thumbnail","6":"product_cat-angleichung-und-abschluss","7":"product_cat-fur-tische","9":"first","10":"instock","11":"shipping-taxable","12":"product-type-simple"},"acf":[],"_links":{"self":[{"href":"https:\/\/magazzinimanzanesi.it\/de\/wp-json\/wp\/v2\/product\/2051","targetHints":{"allow":["GET"]}}],"collection":[{"href":"https:\/\/magazzinimanzanesi.it\/de\/wp-json\/wp\/v2\/product"}],"about":[{"href":"https:\/\/magazzinimanzanesi.it\/de\/wp-json\/wp\/v2\/types\/product"}],"replies":[{"embeddable":true,"href":"https:\/\/magazzinimanzanesi.it\/de\/wp-json\/wp\/v2\/comments?post=2051"}],"wp:featuredmedia":[{"embeddable":true,"href":"https:\/\/magazzinimanzanesi.it\/de\/wp-json\/wp\/v2\/media\/4640"}],"wp:attachment":[{"href":"https:\/\/magazzinimanzanesi.it\/de\/wp-json\/wp\/v2\/media?parent=2051"}],"wp:term":[{"taxonomy":"product_brand","embeddable":true,"href":"https:\/\/magazzinimanzanesi.it\/de\/wp-json\/wp\/v2\/product_brand?post=2051"},{"taxonomy":"product_cat","embeddable":true,"href":"https:\/\/magazzinimanzanesi.it\/de\/wp-json\/wp\/v2\/product_cat?post=2051"},{"taxonomy":"product_tag","embeddable":true,"href":"https:\/\/magazzinimanzanesi.it\/de\/wp-json\/wp\/v2\/product_tag?post=2051"}],"curies":[{"name":"wp","href":"https:\/\/api.w.org\/{rel}","templated":true}]}}