{"id":2053,"date":"2022-03-01T14:23:04","date_gmt":"2022-03-01T14:23:04","guid":{"rendered":"https:\/\/magazzinimanzanesi.overpx.com\/catalogo\/unkategorisiert\/schubladenfuhrung-mit-rollen-o-19\/"},"modified":"2026-04-03T08:46:16","modified_gmt":"2026-04-03T08:46:16","slug":"schubladenfuhrung-mit-rollen-o-19","status":"publish","type":"product","link":"https:\/\/magazzinimanzanesi.it\/de\/katalog\/fur-tische\/schubladenfuehrungen\/schubladenfuhrung-mit-rollen-o-19\/","title":{"rendered":"Schubladenf\u00fchrung mit Rollen"},"content":{"rendered":"<h1>Schubladenf\u00fchrung mit Rollen f\u00fcr Unterflurmontage<\/h1>\n<h2>Schubladenf\u00fchrung mit Rollen: F\u00fcr die Montage unter der Schublade<\/h2>\n<p>Schubladenf\u00fchrung mit Rollen \u00d8 19 mm f\u00fcr die Unterflurmontage, Tragf\u00e4higkeit bis 20 kg. Diese F\u00fchrung ist aus hochfestem gepresstem Stahl gefertigt. Die Pulverbeschichtung mit Epoxidharz gew\u00e4hrleistet eine lange Lebensdauer. Erh\u00e4ltlich in den Farben Beige (RAL 1050), Wei\u00df (RAL 9010), Braun (RAL 9014) und Schwarz (RAL 9005). Mit Selbsteinzugseffekt.<\/p>\n<h3>Schubladenf\u00fchrung mit Rollen \u2013 Ma\u00dfe:<\/h3>\n<p>Rollendurchmesser \u00d8 19 mm<\/p>\n<p>Tragf\u00e4higkeit bis 20 kg<\/p>\n","protected":false},"excerpt":{"rendered":"<p>Schubladenf\u00fchrung mit Rollen f\u00fcr Unterflurmontage Schubladenf\u00fchrung mit Rollen: F\u00fcr die Montage unter der Schublade Schubladenf\u00fchrung mit Rollen \u00d8 19 mm f\u00fcr die Unterflurmontage, Tragf\u00e4higkeit bis 20 kg. Diese F\u00fchrung ist aus hochfestem gepresstem Stahl gefertigt. Die Pulverbeschichtung mit Epoxidharz gew\u00e4hrleistet eine lange Lebensdauer. Erh\u00e4ltlich in den Farben Beige (RAL 1050), Wei\u00df (RAL 9010), Braun (RAL [&hellip;]<\/p>\n","protected":false},"featured_media":4910,"comment_status":"open","ping_status":"closed","template":"","meta":{"_acf_changed":false},"product_brand":[],"product_cat":[265,271],"product_tag":[],"class_list":{"0":"post-2053","1":"product","2":"type-product","3":"status-publish","4":"has-post-thumbnail","6":"product_cat-fur-tische","7":"product_cat-schubladenfuehrungen","9":"first","10":"instock","11":"product-type-simple"},"acf":[],"_links":{"self":[{"href":"https:\/\/magazzinimanzanesi.it\/de\/wp-json\/wp\/v2\/product\/2053","targetHints":{"allow":["GET"]}}],"collection":[{"href":"https:\/\/magazzinimanzanesi.it\/de\/wp-json\/wp\/v2\/product"}],"about":[{"href":"https:\/\/magazzinimanzanesi.it\/de\/wp-json\/wp\/v2\/types\/product"}],"replies":[{"embeddable":true,"href":"https:\/\/magazzinimanzanesi.it\/de\/wp-json\/wp\/v2\/comments?post=2053"}],"wp:featuredmedia":[{"embeddable":true,"href":"https:\/\/magazzinimanzanesi.it\/de\/wp-json\/wp\/v2\/media\/4910"}],"wp:attachment":[{"href":"https:\/\/magazzinimanzanesi.it\/de\/wp-json\/wp\/v2\/media?parent=2053"}],"wp:term":[{"taxonomy":"product_brand","embeddable":true,"href":"https:\/\/magazzinimanzanesi.it\/de\/wp-json\/wp\/v2\/product_brand?post=2053"},{"taxonomy":"product_cat","embeddable":true,"href":"https:\/\/magazzinimanzanesi.it\/de\/wp-json\/wp\/v2\/product_cat?post=2053"},{"taxonomy":"product_tag","embeddable":true,"href":"https:\/\/magazzinimanzanesi.it\/de\/wp-json\/wp\/v2\/product_tag?post=2053"}],"curies":[{"name":"wp","href":"https:\/\/api.w.org\/{rel}","templated":true}]}}