{"id":2055,"date":"2022-03-01T14:23:04","date_gmt":"2022-03-01T14:23:04","guid":{"rendered":"https:\/\/magazzinimanzanesi.overpx.com\/catalogo\/unkategorisiert\/winkel-anri7058\/"},"modified":"2026-04-02T14:11:48","modified_gmt":"2026-04-02T14:11:48","slug":"winkel-anri7058","status":"publish","type":"product","link":"https:\/\/magazzinimanzanesi.it\/de\/katalog\/fur-tische\/winkel\/winkel-anri7058\/","title":{"rendered":"Verst\u00e4rkter Winkelbeschlag 70\u00d758"},"content":{"rendered":"<h1>Verst\u00e4rkter Innenwinkel aus Eisen 70\u00d758<\/h1>\n<h2>Verst\u00e4rkter Winkelbeschlag 70\u00d758: F\u00fcr universelle Tischgestelle<\/h2>\n<p>Verst\u00e4rkter Innenwinkel aus Eisen in der Gr\u00f6\u00dfe 70\u00d758 mm zur Montage der Tischbeine am Tischgestell.<\/p>\n<h3>Verst\u00e4rkter Winkelbeschlag \u2013 Ma\u00dfe:<\/h3>\n<p>70\u00d758\u00d743 mm  <\/p>\n<p>Oberfl\u00e4chenbehandlungen auf Anfrage.<\/p>\n","protected":false},"excerpt":{"rendered":"<p>Verst\u00e4rkter Innenwinkel aus Eisen 70\u00d758 Verst\u00e4rkter Winkelbeschlag 70\u00d758: F\u00fcr universelle Tischgestelle Verst\u00e4rkter Innenwinkel aus Eisen in der Gr\u00f6\u00dfe 70\u00d758 mm zur Montage der Tischbeine am Tischgestell. Verst\u00e4rkter Winkelbeschlag \u2013 Ma\u00dfe: 70\u00d758\u00d743 mm Oberfl\u00e4chenbehandlungen auf Anfrage.<\/p>\n","protected":false},"featured_media":6545,"comment_status":"open","ping_status":"closed","template":"","meta":{"_acf_changed":false},"product_brand":[],"product_cat":[265,268],"product_tag":[],"class_list":{"0":"post-2055","1":"product","2":"type-product","3":"status-publish","4":"has-post-thumbnail","6":"product_cat-fur-tische","7":"product_cat-winkel","9":"first","10":"instock","11":"product-type-simple"},"acf":[],"_links":{"self":[{"href":"https:\/\/magazzinimanzanesi.it\/de\/wp-json\/wp\/v2\/product\/2055","targetHints":{"allow":["GET"]}}],"collection":[{"href":"https:\/\/magazzinimanzanesi.it\/de\/wp-json\/wp\/v2\/product"}],"about":[{"href":"https:\/\/magazzinimanzanesi.it\/de\/wp-json\/wp\/v2\/types\/product"}],"replies":[{"embeddable":true,"href":"https:\/\/magazzinimanzanesi.it\/de\/wp-json\/wp\/v2\/comments?post=2055"}],"wp:featuredmedia":[{"embeddable":true,"href":"https:\/\/magazzinimanzanesi.it\/de\/wp-json\/wp\/v2\/media\/6545"}],"wp:attachment":[{"href":"https:\/\/magazzinimanzanesi.it\/de\/wp-json\/wp\/v2\/media?parent=2055"}],"wp:term":[{"taxonomy":"product_brand","embeddable":true,"href":"https:\/\/magazzinimanzanesi.it\/de\/wp-json\/wp\/v2\/product_brand?post=2055"},{"taxonomy":"product_cat","embeddable":true,"href":"https:\/\/magazzinimanzanesi.it\/de\/wp-json\/wp\/v2\/product_cat?post=2055"},{"taxonomy":"product_tag","embeddable":true,"href":"https:\/\/magazzinimanzanesi.it\/de\/wp-json\/wp\/v2\/product_tag?post=2055"}],"curies":[{"name":"wp","href":"https:\/\/api.w.org\/{rel}","templated":true}]}}