{"id":2056,"date":"2022-03-01T14:23:00","date_gmt":"2022-03-01T14:23:00","guid":{"rendered":"https:\/\/magazzinimanzanesi.overpx.com\/catalogo\/unkategorisiert\/verstellbarer-fus-mit-gewindestift\/"},"modified":"2026-04-04T09:51:22","modified_gmt":"2026-04-04T09:51:22","slug":"verstellbarer-fus-mit-gewindestift","status":"publish","type":"product","link":"https:\/\/magazzinimanzanesi.it\/de\/katalog\/stosspolster-und-fuesse\/verstellbare-fuesse\/verstellbarer-fus-mit-gewindestift\/","title":{"rendered":"Verchromter Stellfu\u00df"},"content":{"rendered":"<h1>Verchromter Stellfu\u00df<\/h1>\n<p>&nbsp;<\/p>\n<h2>Verchromter Stellfu\u00df: Stabilit\u00e4t und Anpassungsf\u00e4higkeit<\/h2>\n<p>Verchromter Stellfu\u00df aus Stahl mit Basis aus hartem Kunststoff und Eisenstift mit metrischem ISO-Gewinde. Geeignet f\u00fcr Sitzm\u00f6bel und schwere M\u00f6belst\u00fccke \u00fcberall dort, wo eine solide und sichere Basis gefragt ist. Auf Anfrage auch in kugelgelenkiger Ausf\u00fchrung erh\u00e4ltlich.<\/p>\n<p>&nbsp;<\/p>\n<h3>Verchromter Stellfu\u00df \u2013 Ma\u00dfe:<\/h3>\n<p>\u00d8 35 mm: M8\u00d720 mm<\/p>\n","protected":false},"excerpt":{"rendered":"<p>Verchromter Stellfu\u00df &nbsp; Verchromter Stellfu\u00df: Stabilit\u00e4t und Anpassungsf\u00e4higkeit Verchromter Stellfu\u00df aus Stahl mit Basis aus hartem Kunststoff und Eisenstift mit metrischem ISO-Gewinde. Geeignet f\u00fcr Sitzm\u00f6bel und schwere M\u00f6belst\u00fccke \u00fcberall dort, wo eine solide und sichere Basis gefragt ist. Auf Anfrage auch in kugelgelenkiger Ausf\u00fchrung erh\u00e4ltlich. &nbsp; Verchromter Stellfu\u00df \u2013 Ma\u00dfe: \u00d8 35 mm: M8\u00d720 mm<\/p>\n","protected":false},"featured_media":4975,"comment_status":"open","ping_status":"closed","template":"","meta":{"_acf_changed":false},"product_brand":[],"product_cat":[243,247],"product_tag":[],"class_list":{"0":"post-2056","1":"product","2":"type-product","3":"status-publish","4":"has-post-thumbnail","6":"product_cat-stosspolster-und-fuesse","7":"product_cat-verstellbare-fuesse","9":"first","10":"instock","11":"product-type-simple"},"acf":[],"_links":{"self":[{"href":"https:\/\/magazzinimanzanesi.it\/de\/wp-json\/wp\/v2\/product\/2056","targetHints":{"allow":["GET"]}}],"collection":[{"href":"https:\/\/magazzinimanzanesi.it\/de\/wp-json\/wp\/v2\/product"}],"about":[{"href":"https:\/\/magazzinimanzanesi.it\/de\/wp-json\/wp\/v2\/types\/product"}],"replies":[{"embeddable":true,"href":"https:\/\/magazzinimanzanesi.it\/de\/wp-json\/wp\/v2\/comments?post=2056"}],"wp:featuredmedia":[{"embeddable":true,"href":"https:\/\/magazzinimanzanesi.it\/de\/wp-json\/wp\/v2\/media\/4975"}],"wp:attachment":[{"href":"https:\/\/magazzinimanzanesi.it\/de\/wp-json\/wp\/v2\/media?parent=2056"}],"wp:term":[{"taxonomy":"product_brand","embeddable":true,"href":"https:\/\/magazzinimanzanesi.it\/de\/wp-json\/wp\/v2\/product_brand?post=2056"},{"taxonomy":"product_cat","embeddable":true,"href":"https:\/\/magazzinimanzanesi.it\/de\/wp-json\/wp\/v2\/product_cat?post=2056"},{"taxonomy":"product_tag","embeddable":true,"href":"https:\/\/magazzinimanzanesi.it\/de\/wp-json\/wp\/v2\/product_tag?post=2056"}],"curies":[{"name":"wp","href":"https:\/\/api.w.org\/{rel}","templated":true}]}}