{"id":2057,"date":"2022-03-01T14:23:00","date_gmt":"2022-03-01T14:23:00","guid":{"rendered":"https:\/\/magazzinimanzanesi.overpx.com\/catalogo\/unkategorisiert\/sechskantiger-verstellbarer-fus\/"},"modified":"2026-04-04T09:52:59","modified_gmt":"2026-04-04T09:52:59","slug":"sechskantiger-verstellbarer-fus","status":"publish","type":"product","link":"https:\/\/magazzinimanzanesi.it\/de\/katalog\/stosspolster-und-fuesse\/verstellbare-fuesse\/sechskantiger-verstellbarer-fus\/","title":{"rendered":"Sechskant-Stellfu\u00df"},"content":{"rendered":"<h1>Stellfu\u00df mit Sechskantbasis<\/h1>\n<p>&nbsp;<\/p>\n<h2>Sechskant-Stellfu\u00df: Nivellierung von Fl\u00e4chen<\/h2>\n<p>Stellfu\u00df mit Sechskantbasis aus hartem Kunststoff und Eisenstift mit metrischem ISO-Gewinde. Geeignet f\u00fcr Sitzm\u00f6bel und schwere M\u00f6belst\u00fccke, wenn eine solide und sichere Basis erforderlich ist. Die sechseckige Form erleichtert die Regulierung der Auflage und erlaubt die Verwendung eines 22-mm-Schl\u00fcssels f\u00fcr h\u00f6here Anzugskraft.<\/p>\n<p>&nbsp;<\/p>\n<h3>Sechskant-Stellfu\u00df \u2013 Ma\u00dfe:<\/h3>\n<p>M8x25mm<\/p>\n","protected":false},"excerpt":{"rendered":"<p>Stellfu\u00df mit Sechskantbasis &nbsp; Sechskant-Stellfu\u00df: Nivellierung von Fl\u00e4chen Stellfu\u00df mit Sechskantbasis aus hartem Kunststoff und Eisenstift mit metrischem ISO-Gewinde. Geeignet f\u00fcr Sitzm\u00f6bel und schwere M\u00f6belst\u00fccke, wenn eine solide und sichere Basis erforderlich ist. Die sechseckige Form erleichtert die Regulierung der Auflage und erlaubt die Verwendung eines 22-mm-Schl\u00fcssels f\u00fcr h\u00f6here Anzugskraft. &nbsp; Sechskant-Stellfu\u00df \u2013 Ma\u00dfe: M8x25mm<\/p>\n","protected":false},"featured_media":8154,"comment_status":"open","ping_status":"closed","template":"","meta":{"_acf_changed":false},"product_brand":[],"product_cat":[243,247],"product_tag":[],"class_list":{"0":"post-2057","1":"product","2":"type-product","3":"status-publish","4":"has-post-thumbnail","6":"product_cat-stosspolster-und-fuesse","7":"product_cat-verstellbare-fuesse","9":"first","10":"instock","11":"product-type-simple"},"acf":[],"_links":{"self":[{"href":"https:\/\/magazzinimanzanesi.it\/de\/wp-json\/wp\/v2\/product\/2057","targetHints":{"allow":["GET"]}}],"collection":[{"href":"https:\/\/magazzinimanzanesi.it\/de\/wp-json\/wp\/v2\/product"}],"about":[{"href":"https:\/\/magazzinimanzanesi.it\/de\/wp-json\/wp\/v2\/types\/product"}],"replies":[{"embeddable":true,"href":"https:\/\/magazzinimanzanesi.it\/de\/wp-json\/wp\/v2\/comments?post=2057"}],"wp:featuredmedia":[{"embeddable":true,"href":"https:\/\/magazzinimanzanesi.it\/de\/wp-json\/wp\/v2\/media\/8154"}],"wp:attachment":[{"href":"https:\/\/magazzinimanzanesi.it\/de\/wp-json\/wp\/v2\/media?parent=2057"}],"wp:term":[{"taxonomy":"product_brand","embeddable":true,"href":"https:\/\/magazzinimanzanesi.it\/de\/wp-json\/wp\/v2\/product_brand?post=2057"},{"taxonomy":"product_cat","embeddable":true,"href":"https:\/\/magazzinimanzanesi.it\/de\/wp-json\/wp\/v2\/product_cat?post=2057"},{"taxonomy":"product_tag","embeddable":true,"href":"https:\/\/magazzinimanzanesi.it\/de\/wp-json\/wp\/v2\/product_tag?post=2057"}],"curies":[{"name":"wp","href":"https:\/\/api.w.org\/{rel}","templated":true}]}}