{"id":2058,"date":"2022-03-01T14:23:00","date_gmt":"2022-03-01T14:23:00","guid":{"rendered":"https:\/\/magazzinimanzanesi.overpx.com\/catalogo\/unkategorisiert\/buchenholzdubel-din-68150\/"},"modified":"2026-04-03T13:46:15","modified_gmt":"2026-04-03T13:46:15","slug":"buchenholzdubel-din-68150","status":"publish","type":"product","link":"https:\/\/magazzinimanzanesi.it\/de\/katalog\/fur-mobel\/holzstifte\/buchenholzdubel-din-68150\/","title":{"rendered":"Holzd\u00fcbel"},"content":{"rendered":"<h1>D\u00fcbel aus Holz<\/h1>\n<p>&nbsp;<\/p>\n<h2>Holzd\u00fcbel: Aus Buchenholz<\/h2>\n<p>Holzd\u00fcbel aus Buchenholz nach DIN 68150, geeignet f\u00fcr die Montage vorgebohrter Holzelemente. Die L\u00e4ngsrillen auf dem Schaft erm\u00f6glichen eine optimale Verteilung des Leims w\u00e4hrend der Montage.<\/p>\n<p>&nbsp;<\/p>\n<h3>Holzd\u00fcbel \u2013 Ma\u00dfe:<\/h3>\n<p>\u00d86: von 20mma 40mm<\/p>\n<p>\u00d88: vond 20mm bis 60mm<\/p>\n<p>\u00d810: von 20mm bis 110mm<\/p>\n<p>\u00d812: von 30mm bis 60mm<\/p>\n<p>\u00d814: von 30mm bis 60mm<\/p>\n<p>\u00d816: von 40mm bis 50mm<\/p>\n","protected":false},"excerpt":{"rendered":"<p>D\u00fcbel aus Holz &nbsp; Holzd\u00fcbel: Aus Buchenholz Holzd\u00fcbel aus Buchenholz nach DIN 68150, geeignet f\u00fcr die Montage vorgebohrter Holzelemente. Die L\u00e4ngsrillen auf dem Schaft erm\u00f6glichen eine optimale Verteilung des Leims w\u00e4hrend der Montage. &nbsp; Holzd\u00fcbel \u2013 Ma\u00dfe: \u00d86: von 20mma 40mm \u00d88: vond 20mm bis 60mm \u00d810: von 20mm bis 110mm \u00d812: von 30mm bis [&hellip;]<\/p>\n","protected":false},"featured_media":5125,"comment_status":"open","ping_status":"closed","template":"","meta":{"_acf_changed":false},"product_brand":[],"product_cat":[250,257],"product_tag":[],"class_list":{"0":"post-2058","1":"product","2":"type-product","3":"status-publish","4":"has-post-thumbnail","6":"product_cat-fur-mobel","7":"product_cat-holzstifte","9":"first","10":"instock","11":"product-type-simple"},"acf":[],"_links":{"self":[{"href":"https:\/\/magazzinimanzanesi.it\/de\/wp-json\/wp\/v2\/product\/2058","targetHints":{"allow":["GET"]}}],"collection":[{"href":"https:\/\/magazzinimanzanesi.it\/de\/wp-json\/wp\/v2\/product"}],"about":[{"href":"https:\/\/magazzinimanzanesi.it\/de\/wp-json\/wp\/v2\/types\/product"}],"replies":[{"embeddable":true,"href":"https:\/\/magazzinimanzanesi.it\/de\/wp-json\/wp\/v2\/comments?post=2058"}],"wp:featuredmedia":[{"embeddable":true,"href":"https:\/\/magazzinimanzanesi.it\/de\/wp-json\/wp\/v2\/media\/5125"}],"wp:attachment":[{"href":"https:\/\/magazzinimanzanesi.it\/de\/wp-json\/wp\/v2\/media?parent=2058"}],"wp:term":[{"taxonomy":"product_brand","embeddable":true,"href":"https:\/\/magazzinimanzanesi.it\/de\/wp-json\/wp\/v2\/product_brand?post=2058"},{"taxonomy":"product_cat","embeddable":true,"href":"https:\/\/magazzinimanzanesi.it\/de\/wp-json\/wp\/v2\/product_cat?post=2058"},{"taxonomy":"product_tag","embeddable":true,"href":"https:\/\/magazzinimanzanesi.it\/de\/wp-json\/wp\/v2\/product_tag?post=2058"}],"curies":[{"name":"wp","href":"https:\/\/api.w.org\/{rel}","templated":true}]}}