{"id":2060,"date":"2022-03-01T14:23:00","date_gmt":"2022-03-01T14:23:00","guid":{"rendered":"https:\/\/magazzinimanzanesi.overpx.com\/catalogo\/unkategorisiert\/beschlage-verpackung\/"},"modified":"2026-04-06T17:57:20","modified_gmt":"2026-04-06T17:57:20","slug":"beschlage-verpackung","status":"publish","type":"product","link":"https:\/\/magazzinimanzanesi.it\/de\/katalog\/serviceleistung\/verpackung-de\/beschlage-verpackung\/","title":{"rendered":"Materialkonfektionierung"},"content":{"rendered":"<h1>Verpackungsservice: Konfektionierung<\/h1>\n<p>Service zur Konfektionierung und Verpackung von Material nach Kundenanforderung, geeignet f\u00fcr kundenspezifische Sets, Montages\u00e4tze und bedarfsgerechte St\u00fcckzahlen.<\/p>\n<p>&nbsp;<\/p>\n<h3>Verpackungsservice \u2013 Ma\u00dfe:<\/h3>\n<p>Je nach Kundenbedarf<\/p>\n<p>\n&nbsp;<\/p>\n<p>Der Verpackungsservice ist f\u00fcr Kunden gedacht, die Material nicht nur als Einzelkomponenten, sondern bereits sortiert, gruppiert oder in kundenspezifischer Menge ben\u00f6tigen. Er eignet sich besonders f\u00fcr Montages\u00e4tze, Zubeh\u00f6rkits und Lieferungen, bei denen Ordnung, Wiederholbarkeit und sofortige Verwendbarkeit wichtig sind. Laut der Servizi-Seite bietet das Unternehmen erg\u00e4nzend zum Produktkatalog Leistungen auf Anfrage an, darunter die Anpassung bestehender Produkte, die Lieferung kundenspezifischer Mengen f\u00fcr Gro\u00dfauftr\u00e4ge und die Beschaffung nicht katalogisierter Artikel. Aus diesen Angaben l\u00e4sst sich sinnvoll ableiten, dass der Verpackungsservice vor allem auf praktische, ma\u00dfgeschneiderte Bereitstellung und logistische Vereinfachung f\u00fcr den Kunden ausgerichtet ist.<\/p>\n<p>&nbsp;<\/p>\n","protected":false},"excerpt":{"rendered":"<p><video \n  src=\"https:\/\/magazzinimanzanesi.it\/wp-content\/uploads\/2024\/05\/confezionamento.mp4\" \n  controls \n  style=\"width: 100%; height: auto;\" \n  preload=\"metadata\"\n><\/video><\/p>\n","protected":false},"featured_media":4670,"comment_status":"open","ping_status":"closed","template":"","meta":{"_acf_changed":false},"product_brand":[],"product_cat":[851],"product_tag":[726],"class_list":{"0":"post-2060","1":"product","2":"type-product","3":"status-publish","4":"has-post-thumbnail","6":"product_cat-verpackung-de","7":"product_tag-verpackungsmaterial","9":"first","10":"instock","11":"product-type-simple"},"acf":[],"_links":{"self":[{"href":"https:\/\/magazzinimanzanesi.it\/de\/wp-json\/wp\/v2\/product\/2060","targetHints":{"allow":["GET"]}}],"collection":[{"href":"https:\/\/magazzinimanzanesi.it\/de\/wp-json\/wp\/v2\/product"}],"about":[{"href":"https:\/\/magazzinimanzanesi.it\/de\/wp-json\/wp\/v2\/types\/product"}],"replies":[{"embeddable":true,"href":"https:\/\/magazzinimanzanesi.it\/de\/wp-json\/wp\/v2\/comments?post=2060"}],"wp:featuredmedia":[{"embeddable":true,"href":"https:\/\/magazzinimanzanesi.it\/de\/wp-json\/wp\/v2\/media\/4670"}],"wp:attachment":[{"href":"https:\/\/magazzinimanzanesi.it\/de\/wp-json\/wp\/v2\/media?parent=2060"}],"wp:term":[{"taxonomy":"product_brand","embeddable":true,"href":"https:\/\/magazzinimanzanesi.it\/de\/wp-json\/wp\/v2\/product_brand?post=2060"},{"taxonomy":"product_cat","embeddable":true,"href":"https:\/\/magazzinimanzanesi.it\/de\/wp-json\/wp\/v2\/product_cat?post=2060"},{"taxonomy":"product_tag","embeddable":true,"href":"https:\/\/magazzinimanzanesi.it\/de\/wp-json\/wp\/v2\/product_tag?post=2060"}],"curies":[{"name":"wp","href":"https:\/\/api.w.org\/{rel}","templated":true}]}}