{"id":2061,"date":"2022-03-01T14:23:00","date_gmt":"2022-03-01T14:23:00","guid":{"rendered":"https:\/\/magazzinimanzanesi.overpx.com\/catalogo\/unkategorisiert\/set-fur-ausziehtische-zum-gleiten-der-flache\/"},"modified":"2026-04-03T08:59:52","modified_gmt":"2026-04-03T08:59:52","slug":"set-fur-ausziehtische-zum-gleiten-der-flache","status":"publish","type":"product","link":"https:\/\/magazzinimanzanesi.it\/de\/katalog\/fur-tische\/ablagenschiene\/set-fur-ausziehtische-zum-gleiten-der-flache\/","title":{"rendered":"Gleitset f\u00fcr Tischplatten"},"content":{"rendered":"<h1>Rollen f\u00fcr das Gleiten von Tischplatten<\/h1>\n<p>&nbsp;<\/p>\n<h2>Gleitset f\u00fcr Tischplatten: F\u00fcr gefr\u00e4ste F\u00fchrungsnuten<\/h2>\n<p>Gleitset f\u00fcr Tischplatten, bestehend aus Montageschraube, Kunststoffscheibe oder Kunststoffrolle. Ma\u00dfe auf Anfrage je nach Anforderung.<\/p>\n<p>&nbsp;<\/p>\n<p>Ma\u00dfe auf Anfrage.<\/p>\n","protected":false},"excerpt":{"rendered":"<p>Rollen f\u00fcr das Gleiten von Tischplatten &nbsp; Gleitset f\u00fcr Tischplatten: F\u00fcr gefr\u00e4ste F\u00fchrungsnuten Gleitset f\u00fcr Tischplatten, bestehend aus Montageschraube, Kunststoffscheibe oder Kunststoffrolle. Ma\u00dfe auf Anfrage je nach Anforderung. &nbsp; Ma\u00dfe auf Anfrage.<\/p>\n","protected":false},"featured_media":4870,"comment_status":"open","ping_status":"closed","template":"","meta":{"_acf_changed":false},"product_brand":[],"product_cat":[273,265],"product_tag":[],"class_list":{"0":"post-2061","1":"product","2":"type-product","3":"status-publish","4":"has-post-thumbnail","6":"product_cat-ablagenschiene","7":"product_cat-fur-tische","9":"first","10":"instock","11":"product-type-simple"},"acf":[],"_links":{"self":[{"href":"https:\/\/magazzinimanzanesi.it\/de\/wp-json\/wp\/v2\/product\/2061","targetHints":{"allow":["GET"]}}],"collection":[{"href":"https:\/\/magazzinimanzanesi.it\/de\/wp-json\/wp\/v2\/product"}],"about":[{"href":"https:\/\/magazzinimanzanesi.it\/de\/wp-json\/wp\/v2\/types\/product"}],"replies":[{"embeddable":true,"href":"https:\/\/magazzinimanzanesi.it\/de\/wp-json\/wp\/v2\/comments?post=2061"}],"wp:featuredmedia":[{"embeddable":true,"href":"https:\/\/magazzinimanzanesi.it\/de\/wp-json\/wp\/v2\/media\/4870"}],"wp:attachment":[{"href":"https:\/\/magazzinimanzanesi.it\/de\/wp-json\/wp\/v2\/media?parent=2061"}],"wp:term":[{"taxonomy":"product_brand","embeddable":true,"href":"https:\/\/magazzinimanzanesi.it\/de\/wp-json\/wp\/v2\/product_brand?post=2061"},{"taxonomy":"product_cat","embeddable":true,"href":"https:\/\/magazzinimanzanesi.it\/de\/wp-json\/wp\/v2\/product_cat?post=2061"},{"taxonomy":"product_tag","embeddable":true,"href":"https:\/\/magazzinimanzanesi.it\/de\/wp-json\/wp\/v2\/product_tag?post=2061"}],"curies":[{"name":"wp","href":"https:\/\/api.w.org\/{rel}","templated":true}]}}