{"id":2062,"date":"2022-03-01T14:23:00","date_gmt":"2022-03-01T14:23:00","guid":{"rendered":"https:\/\/magazzinimanzanesi.overpx.com\/catalogo\/unkategorisiert\/klebefilze\/"},"modified":"2026-04-03T14:02:03","modified_gmt":"2026-04-03T14:02:03","slug":"klebefilze","status":"publish","type":"product","link":"https:\/\/magazzinimanzanesi.it\/de\/katalog\/fur-mobel\/filzkissen\/klebefilze\/","title":{"rendered":"Selbstklebender Filzgleiter"},"content":{"rendered":"<h1>Selbstklebender Filz<\/h1>\n<h2>Selbstklebender Filzgleiter: Qualit\u00e4tsfilz<\/h2>\n<p>Selbstklebender Filzgleiter, geeignet als Unterlage f\u00fcr Sitzm\u00f6bel und M\u00f6belst\u00fccke. Die hohe Qualit\u00e4t des Filzes gew\u00e4hrleistet lange Haltbarkeit und gute Verschlei\u00dffestigkeit. Erh\u00e4ltlich in verschiedenen Formen, quadratisch, rechteckig, rund und oval, und in Rollen oder B\u00f6gen verpackt.<\/p>\n<p><span data-olk-copy-source=\"MessageBody\">Colori: Marrone scuro e bianco.<\/span><\/p>\n<h2>Selbstklebender Filzgleiter \u2013 Ma\u00dfe:<\/h2>\n<p>Rund: von \u00d816 mm bis \u00d850 mm<\/p>\n<p>Quadratisch: 20\u00d720 mm \/ 25\u00d725 mm<\/p>\n<p>Rechteckig: 25\u00d730 mm<\/p>\n<p>&nbsp;<\/p>\n","protected":false},"excerpt":{"rendered":"<p>Selbstklebender Filz Selbstklebender Filzgleiter: Qualit\u00e4tsfilz Selbstklebender Filzgleiter, geeignet als Unterlage f\u00fcr Sitzm\u00f6bel und M\u00f6belst\u00fccke. Die hohe Qualit\u00e4t des Filzes gew\u00e4hrleistet lange Haltbarkeit und gute Verschlei\u00dffestigkeit. Erh\u00e4ltlich in verschiedenen Formen, quadratisch, rechteckig, rund und oval, und in Rollen oder B\u00f6gen verpackt. Colori: Marrone scuro e bianco. Selbstklebender Filzgleiter \u2013 Ma\u00dfe: Rund: von \u00d816 mm bis \u00d850 [&hellip;]<\/p>\n","protected":false},"featured_media":4720,"comment_status":"open","ping_status":"closed","template":"","meta":{"_acf_changed":false},"product_brand":[],"product_cat":[255,250],"product_tag":[],"class_list":{"0":"post-2062","1":"product","2":"type-product","3":"status-publish","4":"has-post-thumbnail","6":"product_cat-filzkissen","7":"product_cat-fur-mobel","9":"first","10":"instock","11":"product-type-simple"},"acf":[],"_links":{"self":[{"href":"https:\/\/magazzinimanzanesi.it\/de\/wp-json\/wp\/v2\/product\/2062","targetHints":{"allow":["GET"]}}],"collection":[{"href":"https:\/\/magazzinimanzanesi.it\/de\/wp-json\/wp\/v2\/product"}],"about":[{"href":"https:\/\/magazzinimanzanesi.it\/de\/wp-json\/wp\/v2\/types\/product"}],"replies":[{"embeddable":true,"href":"https:\/\/magazzinimanzanesi.it\/de\/wp-json\/wp\/v2\/comments?post=2062"}],"wp:featuredmedia":[{"embeddable":true,"href":"https:\/\/magazzinimanzanesi.it\/de\/wp-json\/wp\/v2\/media\/4720"}],"wp:attachment":[{"href":"https:\/\/magazzinimanzanesi.it\/de\/wp-json\/wp\/v2\/media?parent=2062"}],"wp:term":[{"taxonomy":"product_brand","embeddable":true,"href":"https:\/\/magazzinimanzanesi.it\/de\/wp-json\/wp\/v2\/product_brand?post=2062"},{"taxonomy":"product_cat","embeddable":true,"href":"https:\/\/magazzinimanzanesi.it\/de\/wp-json\/wp\/v2\/product_cat?post=2062"},{"taxonomy":"product_tag","embeddable":true,"href":"https:\/\/magazzinimanzanesi.it\/de\/wp-json\/wp\/v2\/product_tag?post=2062"}],"curies":[{"name":"wp","href":"https:\/\/api.w.org\/{rel}","templated":true}]}}