{"id":2064,"date":"2022-03-01T14:23:00","date_gmt":"2022-03-01T14:23:00","guid":{"rendered":"https:\/\/magazzinimanzanesi.overpx.com\/catalogo\/unkategorisiert\/kratzfestes-beflocktes-papier\/"},"modified":"2026-04-03T14:05:55","modified_gmt":"2026-04-03T14:05:55","slug":"kratzfestes-beflocktes-papier","status":"publish","type":"product","link":"https:\/\/magazzinimanzanesi.it\/de\/katalog\/fur-mobel\/filzkissen\/kratzfestes-beflocktes-papier\/","title":{"rendered":"Selbstklebendes Flockpapier in Rollen"},"content":{"rendered":"<h1>Kratzschutzpapier<\/h1>\n<p>&nbsp;<\/p>\n<h2>Selbstklebendes Flockpapier in Rollen: F\u00fcr den Schutz von Platten und Einlegeplatten<\/h2>\n<p>Selbstklebendes kratzfestes Flockpapier in Rollen, geeignet als Schutz f\u00fcr Tischplatten und Verl\u00e4ngerungsplatten. Die selbstklebende R\u00fcckseite erm\u00f6glicht eine einfache Anbringung auf verschiedenen Oberfl\u00e4chen. Weitere Ma\u00dfe auf Anfrage.<\/p>\n<p>&nbsp;<\/p>\n<p>&nbsp;<\/p>\n<h3>Selbstklebendes Flockpapier in Rollen \u2013 Ma\u00dfe:<\/h3>\n<p>H45mmx10mt.<\/p>\n<p>H25mmx75mt.<\/p>\n<p>H20mmx75mt.<\/p>\n<p>&nbsp;<\/p>\n<p>Weitere Ma\u00dfe auf Anfrage.<\/p>\n","protected":false},"excerpt":{"rendered":"<p>Kratzschutzpapier &nbsp; Selbstklebendes Flockpapier in Rollen: F\u00fcr den Schutz von Platten und Einlegeplatten Selbstklebendes kratzfestes Flockpapier in Rollen, geeignet als Schutz f\u00fcr Tischplatten und Verl\u00e4ngerungsplatten. Die selbstklebende R\u00fcckseite erm\u00f6glicht eine einfache Anbringung auf verschiedenen Oberfl\u00e4chen. Weitere Ma\u00dfe auf Anfrage. &nbsp; &nbsp; Selbstklebendes Flockpapier in Rollen \u2013 Ma\u00dfe: H45mmx10mt. H25mmx75mt. H20mmx75mt. &nbsp; Weitere Ma\u00dfe auf Anfrage.<\/p>\n","protected":false},"featured_media":4590,"comment_status":"open","ping_status":"closed","template":"","meta":{"_acf_changed":false},"product_brand":[],"product_cat":[255,250],"product_tag":[],"class_list":{"0":"post-2064","1":"product","2":"type-product","3":"status-publish","4":"has-post-thumbnail","6":"product_cat-filzkissen","7":"product_cat-fur-mobel","9":"first","10":"instock","11":"product-type-simple"},"acf":[],"_links":{"self":[{"href":"https:\/\/magazzinimanzanesi.it\/de\/wp-json\/wp\/v2\/product\/2064","targetHints":{"allow":["GET"]}}],"collection":[{"href":"https:\/\/magazzinimanzanesi.it\/de\/wp-json\/wp\/v2\/product"}],"about":[{"href":"https:\/\/magazzinimanzanesi.it\/de\/wp-json\/wp\/v2\/types\/product"}],"replies":[{"embeddable":true,"href":"https:\/\/magazzinimanzanesi.it\/de\/wp-json\/wp\/v2\/comments?post=2064"}],"wp:featuredmedia":[{"embeddable":true,"href":"https:\/\/magazzinimanzanesi.it\/de\/wp-json\/wp\/v2\/media\/4590"}],"wp:attachment":[{"href":"https:\/\/magazzinimanzanesi.it\/de\/wp-json\/wp\/v2\/media?parent=2064"}],"wp:term":[{"taxonomy":"product_brand","embeddable":true,"href":"https:\/\/magazzinimanzanesi.it\/de\/wp-json\/wp\/v2\/product_brand?post=2064"},{"taxonomy":"product_cat","embeddable":true,"href":"https:\/\/magazzinimanzanesi.it\/de\/wp-json\/wp\/v2\/product_cat?post=2064"},{"taxonomy":"product_tag","embeddable":true,"href":"https:\/\/magazzinimanzanesi.it\/de\/wp-json\/wp\/v2\/product_tag?post=2064"}],"curies":[{"name":"wp","href":"https:\/\/api.w.org\/{rel}","templated":true}]}}