{"id":2068,"date":"2022-03-01T14:23:00","date_gmt":"2022-03-01T14:23:00","guid":{"rendered":"https:\/\/magazzinimanzanesi.overpx.com\/catalogo\/unkategorisiert\/fuhrung-mit-zentraler-offnung\/"},"modified":"2026-04-03T08:50:04","modified_gmt":"2026-04-03T08:50:04","slug":"fuhrung-mit-zentraler-offnung","status":"publish","type":"product","link":"https:\/\/magazzinimanzanesi.it\/de\/katalog\/fur-tische\/tischfuehrungen\/fuhrung-mit-zentraler-offnung\/","title":{"rendered":"Mittige Tischplattenf\u00fchrung"},"content":{"rendered":"<h1>Bewegungsmechanismus f\u00fcr Tischplatten mit mittiger \u00d6ffnung<\/h1>\n<h2>Mittige Tischplattenf\u00fchrung: F\u00fcr mittig gelagerte Einlegeplatten<\/h2>\n<p>Mittige Tischplattenf\u00fchrung f\u00fcr Tische, bei denen die Einlegeplatte zentral zwischen den Platten untergebracht wird. Gleitmechanismus mit Stahlkugeln. Die Profile k\u00f6nnen je nach Produktionsanforderung in unterschiedlichen Abmessungen ausgef\u00fchrt werden.<\/p>\n<p>&nbsp;<\/p>\n<p>Weitere Ma\u00dfe auf Anfrage.<\/p>\n","protected":false},"excerpt":{"rendered":"<p>Bewegungsmechanismus f\u00fcr Tischplatten mit mittiger \u00d6ffnung Mittige Tischplattenf\u00fchrung: F\u00fcr mittig gelagerte Einlegeplatten Mittige Tischplattenf\u00fchrung f\u00fcr Tische, bei denen die Einlegeplatte zentral zwischen den Platten untergebracht wird. Gleitmechanismus mit Stahlkugeln. Die Profile k\u00f6nnen je nach Produktionsanforderung in unterschiedlichen Abmessungen ausgef\u00fchrt werden. &nbsp; Weitere Ma\u00dfe auf Anfrage.<\/p>\n","protected":false},"featured_media":4795,"comment_status":"open","ping_status":"closed","template":"","meta":{"_acf_changed":false},"product_brand":[],"product_cat":[265,272],"product_tag":[],"class_list":{"0":"post-2068","1":"product","2":"type-product","3":"status-publish","4":"has-post-thumbnail","6":"product_cat-fur-tische","7":"product_cat-tischfuehrungen","9":"first","10":"instock","11":"product-type-simple"},"acf":[],"_links":{"self":[{"href":"https:\/\/magazzinimanzanesi.it\/de\/wp-json\/wp\/v2\/product\/2068","targetHints":{"allow":["GET"]}}],"collection":[{"href":"https:\/\/magazzinimanzanesi.it\/de\/wp-json\/wp\/v2\/product"}],"about":[{"href":"https:\/\/magazzinimanzanesi.it\/de\/wp-json\/wp\/v2\/types\/product"}],"replies":[{"embeddable":true,"href":"https:\/\/magazzinimanzanesi.it\/de\/wp-json\/wp\/v2\/comments?post=2068"}],"wp:featuredmedia":[{"embeddable":true,"href":"https:\/\/magazzinimanzanesi.it\/de\/wp-json\/wp\/v2\/media\/4795"}],"wp:attachment":[{"href":"https:\/\/magazzinimanzanesi.it\/de\/wp-json\/wp\/v2\/media?parent=2068"}],"wp:term":[{"taxonomy":"product_brand","embeddable":true,"href":"https:\/\/magazzinimanzanesi.it\/de\/wp-json\/wp\/v2\/product_brand?post=2068"},{"taxonomy":"product_cat","embeddable":true,"href":"https:\/\/magazzinimanzanesi.it\/de\/wp-json\/wp\/v2\/product_cat?post=2068"},{"taxonomy":"product_tag","embeddable":true,"href":"https:\/\/magazzinimanzanesi.it\/de\/wp-json\/wp\/v2\/product_tag?post=2068"}],"curies":[{"name":"wp","href":"https:\/\/api.w.org\/{rel}","templated":true}]}}