{"id":2070,"date":"2022-03-01T14:23:00","date_gmt":"2022-03-01T14:23:00","guid":{"rendered":"https:\/\/magazzinimanzanesi.overpx.com\/catalogo\/unkategorisiert\/teleskopische-fuhrung-boston\/"},"modified":"2026-04-03T08:54:19","modified_gmt":"2026-04-03T08:54:19","slug":"teleskopische-fuhrung-boston","status":"publish","type":"product","link":"https:\/\/magazzinimanzanesi.it\/de\/katalog\/fur-tische\/tischfuehrungen\/teleskopische-fuhrung-boston\/","title":{"rendered":"Teleskop-Tischplattenf\u00fchrung"},"content":{"rendered":"<h1>Teleskopischer Bewegungsmechanismus f\u00fcr Tischplatten<\/h1>\n<h2>Teleskop-Tischplattenf\u00fchrung: F\u00fcr zentral gelagerte Einlegeplatten<\/h2>\n<p>&nbsp;<\/p>\n<p>Teleskop-Tischplattenf\u00fchrung f\u00fcr Tische mit mittiger \u00d6ffnung, entwickelt zur direkten Befestigung an den Tischplatten und f\u00fcr einen Auszug, der auch mehr als eine Einlegeplatte aufnehmen kann. Sie wurde speziell f\u00fcr Konsolentische entwickelt, ist in den Ma\u00dfen anpassbar und bietet vielseitige Einsatzm\u00f6glichkeiten. Der \u00d6ffnungsmechanismus arbeitet mit Stahlkugeln. Die Profile k\u00f6nnen je nach Produktionsanforderung in unterschiedlichen Abmessungen gefertigt werden.<\/p>\n<p>&nbsp;<\/p>\n<p>Ausf\u00fchrungen und Ma\u00dfe auf Anfrage.<\/p>\n","protected":false},"excerpt":{"rendered":"<p>Teleskopischer Bewegungsmechanismus f\u00fcr Tischplatten Teleskop-Tischplattenf\u00fchrung: F\u00fcr zentral gelagerte Einlegeplatten &nbsp; Teleskop-Tischplattenf\u00fchrung f\u00fcr Tische mit mittiger \u00d6ffnung, entwickelt zur direkten Befestigung an den Tischplatten und f\u00fcr einen Auszug, der auch mehr als eine Einlegeplatte aufnehmen kann. Sie wurde speziell f\u00fcr Konsolentische entwickelt, ist in den Ma\u00dfen anpassbar und bietet vielseitige Einsatzm\u00f6glichkeiten. Der \u00d6ffnungsmechanismus arbeitet mit Stahlkugeln. [&hellip;]<\/p>\n","protected":false},"featured_media":4805,"comment_status":"open","ping_status":"closed","template":"","meta":{"_acf_changed":false},"product_brand":[],"product_cat":[265,272],"product_tag":[],"class_list":{"0":"post-2070","1":"product","2":"type-product","3":"status-publish","4":"has-post-thumbnail","6":"product_cat-fur-tische","7":"product_cat-tischfuehrungen","9":"first","10":"instock","11":"product-type-simple"},"acf":[],"_links":{"self":[{"href":"https:\/\/magazzinimanzanesi.it\/de\/wp-json\/wp\/v2\/product\/2070","targetHints":{"allow":["GET"]}}],"collection":[{"href":"https:\/\/magazzinimanzanesi.it\/de\/wp-json\/wp\/v2\/product"}],"about":[{"href":"https:\/\/magazzinimanzanesi.it\/de\/wp-json\/wp\/v2\/types\/product"}],"replies":[{"embeddable":true,"href":"https:\/\/magazzinimanzanesi.it\/de\/wp-json\/wp\/v2\/comments?post=2070"}],"wp:featuredmedia":[{"embeddable":true,"href":"https:\/\/magazzinimanzanesi.it\/de\/wp-json\/wp\/v2\/media\/4805"}],"wp:attachment":[{"href":"https:\/\/magazzinimanzanesi.it\/de\/wp-json\/wp\/v2\/media?parent=2070"}],"wp:term":[{"taxonomy":"product_brand","embeddable":true,"href":"https:\/\/magazzinimanzanesi.it\/de\/wp-json\/wp\/v2\/product_brand?post=2070"},{"taxonomy":"product_cat","embeddable":true,"href":"https:\/\/magazzinimanzanesi.it\/de\/wp-json\/wp\/v2\/product_cat?post=2070"},{"taxonomy":"product_tag","embeddable":true,"href":"https:\/\/magazzinimanzanesi.it\/de\/wp-json\/wp\/v2\/product_tag?post=2070"}],"curies":[{"name":"wp","href":"https:\/\/api.w.org\/{rel}","templated":true}]}}