{"id":2071,"date":"2022-03-01T14:23:00","date_gmt":"2022-03-01T14:23:00","guid":{"rendered":"https:\/\/magazzinimanzanesi.overpx.com\/catalogo\/unkategorisiert\/synchronisierte-fuhrung-sincron\/"},"modified":"2026-04-03T08:56:03","modified_gmt":"2026-04-03T08:56:03","slug":"synchronisierte-fuhrung-sincron","status":"publish","type":"product","link":"https:\/\/magazzinimanzanesi.it\/de\/katalog\/fur-tische\/tischfuehrungen\/synchronisierte-fuhrung-sincron\/","title":{"rendered":"Synchronf\u00fchrung f\u00fcr Tischplatten"},"content":{"rendered":"<h1>Bewegungsmechanismus f\u00fcr Tischplatten mit synchroner \u00d6ffnung<\/h1>\n<h2>Synchronf\u00fchrung f\u00fcr Tischplatten: Mit Stahlseil f\u00fcr gleichzeitige Bewegung<\/h2>\n<p>&nbsp;<\/p>\n<p>Synchronf\u00fchrung mit mittiger \u00d6ffnung und Stahlseil, geeignet f\u00fcr Tische, bei denen die Einlegeplatte zentral zwischen den Platten untergebracht wird. Das kennzeichnende Merkmal dieser F\u00fchrung ist das Stahlseil, das eine synchrone \u00d6ffnung der Platten erm\u00f6glicht. Die Profile k\u00f6nnen je nach Produktionsanforderung in unterschiedlichen Abmessungen gefertigt werden.<\/p>\n<p>&nbsp;<\/p>\n<p>Ausf\u00fchrungen und Ma\u00dfe auf Anfrage.<\/p>\n","protected":false},"excerpt":{"rendered":"<p>Bewegungsmechanismus f\u00fcr Tischplatten mit synchroner \u00d6ffnung Synchronf\u00fchrung f\u00fcr Tischplatten: Mit Stahlseil f\u00fcr gleichzeitige Bewegung &nbsp; Synchronf\u00fchrung mit mittiger \u00d6ffnung und Stahlseil, geeignet f\u00fcr Tische, bei denen die Einlegeplatte zentral zwischen den Platten untergebracht wird. Das kennzeichnende Merkmal dieser F\u00fchrung ist das Stahlseil, das eine synchrone \u00d6ffnung der Platten erm\u00f6glicht. Die Profile k\u00f6nnen je nach Produktionsanforderung [&hellip;]<\/p>\n","protected":false},"featured_media":4810,"comment_status":"open","ping_status":"closed","template":"","meta":{"_acf_changed":false},"product_brand":[],"product_cat":[265,272],"product_tag":[],"class_list":{"0":"post-2071","1":"product","2":"type-product","3":"status-publish","4":"has-post-thumbnail","6":"product_cat-fur-tische","7":"product_cat-tischfuehrungen","9":"first","10":"instock","11":"product-type-simple"},"acf":[],"_links":{"self":[{"href":"https:\/\/magazzinimanzanesi.it\/de\/wp-json\/wp\/v2\/product\/2071","targetHints":{"allow":["GET"]}}],"collection":[{"href":"https:\/\/magazzinimanzanesi.it\/de\/wp-json\/wp\/v2\/product"}],"about":[{"href":"https:\/\/magazzinimanzanesi.it\/de\/wp-json\/wp\/v2\/types\/product"}],"replies":[{"embeddable":true,"href":"https:\/\/magazzinimanzanesi.it\/de\/wp-json\/wp\/v2\/comments?post=2071"}],"wp:featuredmedia":[{"embeddable":true,"href":"https:\/\/magazzinimanzanesi.it\/de\/wp-json\/wp\/v2\/media\/4810"}],"wp:attachment":[{"href":"https:\/\/magazzinimanzanesi.it\/de\/wp-json\/wp\/v2\/media?parent=2071"}],"wp:term":[{"taxonomy":"product_brand","embeddable":true,"href":"https:\/\/magazzinimanzanesi.it\/de\/wp-json\/wp\/v2\/product_brand?post=2071"},{"taxonomy":"product_cat","embeddable":true,"href":"https:\/\/magazzinimanzanesi.it\/de\/wp-json\/wp\/v2\/product_cat?post=2071"},{"taxonomy":"product_tag","embeddable":true,"href":"https:\/\/magazzinimanzanesi.it\/de\/wp-json\/wp\/v2\/product_tag?post=2071"}],"curies":[{"name":"wp","href":"https:\/\/api.w.org\/{rel}","templated":true}]}}