{"id":2072,"date":"2022-03-01T14:23:00","date_gmt":"2022-03-01T14:23:00","guid":{"rendered":"https:\/\/magazzinimanzanesi.overpx.com\/catalogo\/unkategorisiert\/teleskopische-fuhrung-tokio\/"},"modified":"2026-04-03T08:57:53","modified_gmt":"2026-04-03T08:57:53","slug":"teleskopische-fuhrung-tokio","status":"publish","type":"product","link":"https:\/\/magazzinimanzanesi.it\/de\/katalog\/fur-tische\/tischfuehrungen\/teleskopische-fuhrung-tokio\/","title":{"rendered":"Synchronisierte Teleskop-Tischplattenf\u00fchrung"},"content":{"rendered":"<h1>Bewegungsmechanismus f\u00fcr Tischplatten mit teleskopischer Seil\u00f6ffnung<\/h1>\n<h2>Synchronisierte Teleskop-Tischplattenf\u00fchrung: Mit Stahlseil und Verriegelungssystem<\/h2>\n<p>&nbsp;<\/p>\n<p>Synchronisierte Teleskop-Tischplattenf\u00fchrung mit Stahlseil und Verriegelungssystem, geeignet f\u00fcr Tische mit mittiger \u00d6ffnung. Sie ist mit teleskopischen Fl\u00fcgeln konstruiert, die durch ein Stahlseil verbunden sind und eine synchrone \u00d6ffnung der Platten erm\u00f6glichen. Die Profile k\u00f6nnen je nach Produktionsanforderung in unterschiedlichen Abmessungen gefertigt werden.<\/p>\n<p>&nbsp;<\/p>\n<p>Ausf\u00fchrungen und Ma\u00dfe auf Anfrage.<\/p>\n","protected":false},"excerpt":{"rendered":"<p>Bewegungsmechanismus f\u00fcr Tischplatten mit teleskopischer Seil\u00f6ffnung Synchronisierte Teleskop-Tischplattenf\u00fchrung: Mit Stahlseil und Verriegelungssystem &nbsp; Synchronisierte Teleskop-Tischplattenf\u00fchrung mit Stahlseil und Verriegelungssystem, geeignet f\u00fcr Tische mit mittiger \u00d6ffnung. Sie ist mit teleskopischen Fl\u00fcgeln konstruiert, die durch ein Stahlseil verbunden sind und eine synchrone \u00d6ffnung der Platten erm\u00f6glichen. Die Profile k\u00f6nnen je nach Produktionsanforderung in unterschiedlichen Abmessungen gefertigt werden. [&hellip;]<\/p>\n","protected":false},"featured_media":4815,"comment_status":"open","ping_status":"closed","template":"","meta":{"_acf_changed":false},"product_brand":[],"product_cat":[265,272],"product_tag":[],"class_list":{"0":"post-2072","1":"product","2":"type-product","3":"status-publish","4":"has-post-thumbnail","6":"product_cat-fur-tische","7":"product_cat-tischfuehrungen","9":"first","10":"instock","11":"product-type-simple"},"acf":[],"_links":{"self":[{"href":"https:\/\/magazzinimanzanesi.it\/de\/wp-json\/wp\/v2\/product\/2072","targetHints":{"allow":["GET"]}}],"collection":[{"href":"https:\/\/magazzinimanzanesi.it\/de\/wp-json\/wp\/v2\/product"}],"about":[{"href":"https:\/\/magazzinimanzanesi.it\/de\/wp-json\/wp\/v2\/types\/product"}],"replies":[{"embeddable":true,"href":"https:\/\/magazzinimanzanesi.it\/de\/wp-json\/wp\/v2\/comments?post=2072"}],"wp:featuredmedia":[{"embeddable":true,"href":"https:\/\/magazzinimanzanesi.it\/de\/wp-json\/wp\/v2\/media\/4815"}],"wp:attachment":[{"href":"https:\/\/magazzinimanzanesi.it\/de\/wp-json\/wp\/v2\/media?parent=2072"}],"wp:term":[{"taxonomy":"product_brand","embeddable":true,"href":"https:\/\/magazzinimanzanesi.it\/de\/wp-json\/wp\/v2\/product_brand?post=2072"},{"taxonomy":"product_cat","embeddable":true,"href":"https:\/\/magazzinimanzanesi.it\/de\/wp-json\/wp\/v2\/product_cat?post=2072"},{"taxonomy":"product_tag","embeddable":true,"href":"https:\/\/magazzinimanzanesi.it\/de\/wp-json\/wp\/v2\/product_tag?post=2072"}],"curies":[{"name":"wp","href":"https:\/\/api.w.org\/{rel}","templated":true}]}}