{"id":2073,"date":"2022-03-01T14:22:59","date_gmt":"2022-03-01T14:22:59","guid":{"rendered":"https:\/\/magazzinimanzanesi.overpx.com\/catalogo\/unkategorisiert\/verschluss\/"},"modified":"2026-04-02T13:40:58","modified_gmt":"2026-04-02T13:40:58","slug":"verschluss","status":"publish","type":"product","link":"https:\/\/magazzinimanzanesi.it\/de\/katalog\/fur-tische\/angleichung-und-abschluss\/verschluss\/","title":{"rendered":"Hebelverschluss"},"content":{"rendered":"<h1>Hebelverschluss ohne Feder<\/h1>\n<p>&nbsp;<\/p>\n<h2>Hebelverschluss: Schnelles Schlie\u00dfsystem<\/h2>\n<p>Verzinkter Hebelverschluss (Clipper) zur sicheren Verbindung der Platten von ausziehbaren Tischen.  Er eignet sich auch f\u00fcr alle Anwendungen, die ein schnelles und zuverl\u00e4ssiges Schlie\u00dfsystem erfordern.<\/p>\n<p>&nbsp;<\/p>\n<h3>Hebelverschluss \u2013 Ma\u00dfe:<\/h3>\n<p>Ausf\u00fchrungen und Abmessungen auf Anfrage<\/p>\n","protected":false},"excerpt":{"rendered":"<p>Hebelverschluss ohne Feder &nbsp; Hebelverschluss: Schnelles Schlie\u00dfsystem Verzinkter Hebelverschluss (Clipper) zur sicheren Verbindung der Platten von ausziehbaren Tischen. Er eignet sich auch f\u00fcr alle Anwendungen, die ein schnelles und zuverl\u00e4ssiges Schlie\u00dfsystem erfordern. &nbsp; Hebelverschluss \u2013 Ma\u00dfe: Ausf\u00fchrungen und Abmessungen auf Anfrage<\/p>\n","protected":false},"featured_media":4645,"comment_status":"open","ping_status":"closed","template":"","meta":{"_acf_changed":false},"product_brand":[],"product_cat":[267,265],"product_tag":[],"class_list":{"0":"post-2073","1":"product","2":"type-product","3":"status-publish","4":"has-post-thumbnail","6":"product_cat-angleichung-und-abschluss","7":"product_cat-fur-tische","9":"first","10":"instock","11":"product-type-simple"},"acf":[],"_links":{"self":[{"href":"https:\/\/magazzinimanzanesi.it\/de\/wp-json\/wp\/v2\/product\/2073","targetHints":{"allow":["GET"]}}],"collection":[{"href":"https:\/\/magazzinimanzanesi.it\/de\/wp-json\/wp\/v2\/product"}],"about":[{"href":"https:\/\/magazzinimanzanesi.it\/de\/wp-json\/wp\/v2\/types\/product"}],"replies":[{"embeddable":true,"href":"https:\/\/magazzinimanzanesi.it\/de\/wp-json\/wp\/v2\/comments?post=2073"}],"wp:featuredmedia":[{"embeddable":true,"href":"https:\/\/magazzinimanzanesi.it\/de\/wp-json\/wp\/v2\/media\/4645"}],"wp:attachment":[{"href":"https:\/\/magazzinimanzanesi.it\/de\/wp-json\/wp\/v2\/media?parent=2073"}],"wp:term":[{"taxonomy":"product_brand","embeddable":true,"href":"https:\/\/magazzinimanzanesi.it\/de\/wp-json\/wp\/v2\/product_brand?post=2073"},{"taxonomy":"product_cat","embeddable":true,"href":"https:\/\/magazzinimanzanesi.it\/de\/wp-json\/wp\/v2\/product_cat?post=2073"},{"taxonomy":"product_tag","embeddable":true,"href":"https:\/\/magazzinimanzanesi.it\/de\/wp-json\/wp\/v2\/product_tag?post=2073"}],"curies":[{"name":"wp","href":"https:\/\/api.w.org\/{rel}","templated":true}]}}