{"id":2075,"date":"2022-03-01T14:22:59","date_gmt":"2022-03-01T14:22:59","guid":{"rendered":"https:\/\/magazzinimanzanesi.overpx.com\/catalogo\/unkategorisiert\/verbindungsset\/"},"modified":"2026-04-03T13:39:42","modified_gmt":"2026-04-03T13:39:42","slug":"verbindungsset","status":"publish","type":"product","link":"https:\/\/magazzinimanzanesi.it\/de\/katalog\/fur-mobel\/verbindungsstuecke\/verbindungsset\/","title":{"rendered":"Komplettes Verbindersystem aus verzinktem Zamak"},"content":{"rendered":"<h1>Verbindersystem aus Zamak<\/h1>\n<p>&nbsp;<\/p>\n<h2>Komplettes Verbindersystem aus verzinktem Zamak: Hohe Festigkeit und Stabilit\u00e4t<\/h2>\n<p>GVerbindung aus Zamak, bestehend aus 3 Elementen (Zylinderh\u00fclse, Madenschraube, Bolzen). Geeignet f\u00fcr die Montage von Holzelementen und ausgelegt f\u00fcr hohe Festigkeit und Stabilit\u00e4t.<\/p>\n<p>&nbsp;<\/p>\n<h3>Komplettes Verbindersystem aus verzinktem Zamak \u2013 Ma\u00dfe:<\/h3>\n<p><strong>Zylinderh\u00fclse aus Zamak<\/strong><\/p>\n<ul>\n<li>\u00d8 14 \u00d7 14 mm, Achsabstand 9 mm \u00d7 M8<\/li>\n<li>\u00d8 14 \u00d7 15 mm, Achsabstand 10 mm \u00d7 M8<\/li>\n<li>\u00d8 16 \u00d7 18 mm, Achsabstand 11 mm \u00d7 M10<\/li>\n<\/ul>\n<p><strong>Madenschraube aus Zamak<\/strong><\/p>\n<ul>\n<li>M8x10 mm<\/li>\n<li>M10x12 mm<\/li>\n<\/ul>\n<p><strong>Bolzen aus Eisen<\/strong><\/p>\n<ul>\n<li>\u00d8 7 \u00d7 36 \u00d7 M6 Au\u00dfengewinde, Achsabstand 18,5 mm\/li>\n<li>\u00d8 7 \u00d7 36 \u00d7 M6 Au\u00dfengewinde, Achsabstand 20 mm<\/li>\n<li>\u00d8 7 \u00d7 36 \u00d7 M6 Au\u00dfengewinde, Achsabstand 30 mm<\/li>\n<li>\u00d8 10 \u00d7 36 \u00d7 M8 Au\u00dfengewinde, Achsabstand 20 mm<\/li>\n<li>\u00d8 10 \u00d7 46 \u00d7 M8 Au\u00dfengewinde, Achsabstand 30 mm<\/li>\n<\/ul>\n<p>Oberfl\u00e4chenbehandlungen auf Anfrage.<\/p>\n","protected":false},"excerpt":{"rendered":"<p>Verbindersystem aus Zamak &nbsp; Komplettes Verbindersystem aus verzinktem Zamak: Hohe Festigkeit und Stabilit\u00e4t GVerbindung aus Zamak, bestehend aus 3 Elementen (Zylinderh\u00fclse, Madenschraube, Bolzen). Geeignet f\u00fcr die Montage von Holzelementen und ausgelegt f\u00fcr hohe Festigkeit und Stabilit\u00e4t. &nbsp; Komplettes Verbindersystem aus verzinktem Zamak \u2013 Ma\u00dfe: Zylinderh\u00fclse aus Zamak \u00d8 14 \u00d7 14 mm, Achsabstand 9 mm [&hellip;]<\/p>\n","protected":false},"featured_media":4775,"comment_status":"open","ping_status":"closed","template":"","meta":{"_acf_changed":false},"product_brand":[],"product_cat":[250,256],"product_tag":[],"class_list":{"0":"post-2075","1":"product","2":"type-product","3":"status-publish","4":"has-post-thumbnail","6":"product_cat-fur-mobel","7":"product_cat-verbindungsstuecke","9":"first","10":"instock","11":"product-type-simple"},"acf":[],"_links":{"self":[{"href":"https:\/\/magazzinimanzanesi.it\/de\/wp-json\/wp\/v2\/product\/2075","targetHints":{"allow":["GET"]}}],"collection":[{"href":"https:\/\/magazzinimanzanesi.it\/de\/wp-json\/wp\/v2\/product"}],"about":[{"href":"https:\/\/magazzinimanzanesi.it\/de\/wp-json\/wp\/v2\/types\/product"}],"replies":[{"embeddable":true,"href":"https:\/\/magazzinimanzanesi.it\/de\/wp-json\/wp\/v2\/comments?post=2075"}],"wp:featuredmedia":[{"embeddable":true,"href":"https:\/\/magazzinimanzanesi.it\/de\/wp-json\/wp\/v2\/media\/4775"}],"wp:attachment":[{"href":"https:\/\/magazzinimanzanesi.it\/de\/wp-json\/wp\/v2\/media?parent=2075"}],"wp:term":[{"taxonomy":"product_brand","embeddable":true,"href":"https:\/\/magazzinimanzanesi.it\/de\/wp-json\/wp\/v2\/product_brand?post=2075"},{"taxonomy":"product_cat","embeddable":true,"href":"https:\/\/magazzinimanzanesi.it\/de\/wp-json\/wp\/v2\/product_cat?post=2075"},{"taxonomy":"product_tag","embeddable":true,"href":"https:\/\/magazzinimanzanesi.it\/de\/wp-json\/wp\/v2\/product_tag?post=2075"}],"curies":[{"name":"wp","href":"https:\/\/api.w.org\/{rel}","templated":true}]}}