{"id":2076,"date":"2022-03-01T14:22:59","date_gmt":"2022-03-01T14:22:59","guid":{"rendered":"https:\/\/magazzinimanzanesi.overpx.com\/catalogo\/unkategorisiert\/verbindungsset-2\/"},"modified":"2026-04-03T13:43:55","modified_gmt":"2026-04-03T13:43:55","slug":"verbindungsset-2","status":"publish","type":"product","link":"https:\/\/magazzinimanzanesi.it\/de\/katalog\/fur-mobel\/verbindungsstuecke\/verbindungsset-2\/","title":{"rendered":"Komplettes hochfestes verzinktes Verbindersystem"},"content":{"rendered":"<h1>Verbindersystem aus Stahl<\/h1>\n<p>&nbsp;<\/p>\n<h2>Komplettes hochfestes verzinktes Verbindersystem: F\u00fcr maximale Sicherheit<\/h2>\n<p>Hochfeste Verbindung, bestehend aus 3 Elementen (Zylinderh\u00fclse, Madenschraube, Bolzen). Besonders empfohlen f\u00fcr die Montage von Holzelementen in Situationen mit hoher Beanspruchung. Wei\u00dfe Verzinkung.<\/p>\n<p>&nbsp;<\/p>\n<h3>Komplettes hochfestes verzinktes Verbindersystem \u2013 Ma\u00dfe:<\/h3>\n<p><strong>Zylinderh\u00fclse aus Eisen<\/strong><\/p>\n<ul>\n<li>\u00d8 10 x 14 mm Achsabstand 9 mm x M6<\/li>\n<li>\u00d8 14 x 17 mm Achsabstand 10 mm x M8<\/li>\n<li>\u00d8 16 x 19 mm Achsabstand 11mm x M10<\/li>\n<\/ul>\n<p><strong>Madenschraube aus Stahl mit 45H-Spitze<\/strong><\/p>\n<ul>\n<li>M6x8 mm<\/li>\n<li>M8x10 mm<\/li>\n<li>M10x12 mm<\/li>\n<\/ul>\n<p><strong>PBolzen aus Eisen<\/strong><\/p>\n<ul>\n<li>\u00d8 7x35xM6 Au\u00dfengewinde, Achsabstand  18,5 mm<\/li>\n<li>\u00d8 7x35xM6 Au\u00dfengewinde, Achsabstand  20 mm<\/li>\n<li>\u00d8 7x46xM6 Au\u00dfengewinde, Achsabstand 30 mm<\/li>\n<li>\u00d8 7\u00d775 2 L\u00f6cher, Achsabstand 58mm<\/li>\n<li>\u00d8 10x35xM6 Innengewinde, Achsabstand 29 mm<\/li>\n<li>\u00d8 10x36xM8 Au\u00dfengewinde, Achsabstand 20 mm<\/li>\n<li>\u00d8 10x46xM8 Au\u00dfengewinde, Achsabstand 30 mm<\/li>\n<li>\u00d8 10x55xM8 Au\u00dfengewinde, Achsabstand 38 mm<\/li>\n<\/ul>\n<p>&nbsp;<\/p>\n","protected":false},"excerpt":{"rendered":"<p>Verbindersystem aus Stahl &nbsp; Komplettes hochfestes verzinktes Verbindersystem: F\u00fcr maximale Sicherheit Hochfeste Verbindung, bestehend aus 3 Elementen (Zylinderh\u00fclse, Madenschraube, Bolzen). Besonders empfohlen f\u00fcr die Montage von Holzelementen in Situationen mit hoher Beanspruchung. Wei\u00dfe Verzinkung. &nbsp; Komplettes hochfestes verzinktes Verbindersystem \u2013 Ma\u00dfe: Zylinderh\u00fclse aus Eisen \u00d8 10 x 14 mm Achsabstand 9 mm x M6 \u00d8 [&hellip;]<\/p>\n","protected":false},"featured_media":5854,"comment_status":"open","ping_status":"closed","template":"","meta":{"_acf_changed":false},"product_brand":[],"product_cat":[250,256],"product_tag":[],"class_list":{"0":"post-2076","1":"product","2":"type-product","3":"status-publish","4":"has-post-thumbnail","6":"product_cat-fur-mobel","7":"product_cat-verbindungsstuecke","9":"first","10":"instock","11":"product-type-simple"},"acf":[],"_links":{"self":[{"href":"https:\/\/magazzinimanzanesi.it\/de\/wp-json\/wp\/v2\/product\/2076","targetHints":{"allow":["GET"]}}],"collection":[{"href":"https:\/\/magazzinimanzanesi.it\/de\/wp-json\/wp\/v2\/product"}],"about":[{"href":"https:\/\/magazzinimanzanesi.it\/de\/wp-json\/wp\/v2\/types\/product"}],"replies":[{"embeddable":true,"href":"https:\/\/magazzinimanzanesi.it\/de\/wp-json\/wp\/v2\/comments?post=2076"}],"wp:featuredmedia":[{"embeddable":true,"href":"https:\/\/magazzinimanzanesi.it\/de\/wp-json\/wp\/v2\/media\/5854"}],"wp:attachment":[{"href":"https:\/\/magazzinimanzanesi.it\/de\/wp-json\/wp\/v2\/media?parent=2076"}],"wp:term":[{"taxonomy":"product_brand","embeddable":true,"href":"https:\/\/magazzinimanzanesi.it\/de\/wp-json\/wp\/v2\/product_brand?post=2076"},{"taxonomy":"product_cat","embeddable":true,"href":"https:\/\/magazzinimanzanesi.it\/de\/wp-json\/wp\/v2\/product_cat?post=2076"},{"taxonomy":"product_tag","embeddable":true,"href":"https:\/\/magazzinimanzanesi.it\/de\/wp-json\/wp\/v2\/product_tag?post=2076"}],"curies":[{"name":"wp","href":"https:\/\/api.w.org\/{rel}","templated":true}]}}