{"id":2078,"date":"2022-03-01T14:22:59","date_gmt":"2022-03-01T14:22:59","guid":{"rendered":"https:\/\/magazzinimanzanesi.overpx.com\/catalogo\/unkategorisiert\/scharnier\/"},"modified":"2026-04-02T14:18:13","modified_gmt":"2026-04-02T14:18:13","slug":"scharnier","status":"publish","type":"product","link":"https:\/\/magazzinimanzanesi.it\/de\/katalog\/fur-tische\/scharniere\/scharnier\/","title":{"rendered":"Br\u00fcniertes Eisenscharnier"},"content":{"rendered":"<h1>Br\u00fcniertes Scharnier aus Eisen, 6-lochig<\/h1>\n<h2>Br\u00fcniertes Eisenscharnier: Traditionelle Eleganz<\/h2>\n<p>Br\u00fcniertes Eisenscharnier mit 6 L\u00f6chern. Es eignet sich besonders zur Befestigung von Platten mit Buch\u00f6ffnung und erm\u00f6glicht ein Umklappen bis nahezu 360\u00b0.<\/p>\n<p>&nbsp;<\/p>\n<h2>Br\u00fcniertes Eisenscharnier \u2013 Ma\u00dfe:<\/h2>\n<p>40x40x1mm<\/p>\n<p>Schraubloch-\u00d8: 3,5 mm<\/p>\n<p>&nbsp;<\/p>\n<p>&nbsp;<\/p>\n","protected":false},"excerpt":{"rendered":"<p>Br\u00fcniertes Scharnier aus Eisen, 6-lochig Br\u00fcniertes Eisenscharnier: Traditionelle Eleganz Br\u00fcniertes Eisenscharnier mit 6 L\u00f6chern. Es eignet sich besonders zur Befestigung von Platten mit Buch\u00f6ffnung und erm\u00f6glicht ein Umklappen bis nahezu 360\u00b0. &nbsp; Br\u00fcniertes Eisenscharnier \u2013 Ma\u00dfe: 40x40x1mm Schraubloch-\u00d8: 3,5 mm &nbsp; &nbsp;<\/p>\n","protected":false},"featured_media":4605,"comment_status":"open","ping_status":"closed","template":"","meta":{"_acf_changed":false},"product_brand":[],"product_cat":[265,269],"product_tag":[],"class_list":{"0":"post-2078","1":"product","2":"type-product","3":"status-publish","4":"has-post-thumbnail","6":"product_cat-fur-tische","7":"product_cat-scharniere","9":"first","10":"instock","11":"product-type-simple"},"acf":[],"_links":{"self":[{"href":"https:\/\/magazzinimanzanesi.it\/de\/wp-json\/wp\/v2\/product\/2078","targetHints":{"allow":["GET"]}}],"collection":[{"href":"https:\/\/magazzinimanzanesi.it\/de\/wp-json\/wp\/v2\/product"}],"about":[{"href":"https:\/\/magazzinimanzanesi.it\/de\/wp-json\/wp\/v2\/types\/product"}],"replies":[{"embeddable":true,"href":"https:\/\/magazzinimanzanesi.it\/de\/wp-json\/wp\/v2\/comments?post=2078"}],"wp:featuredmedia":[{"embeddable":true,"href":"https:\/\/magazzinimanzanesi.it\/de\/wp-json\/wp\/v2\/media\/4605"}],"wp:attachment":[{"href":"https:\/\/magazzinimanzanesi.it\/de\/wp-json\/wp\/v2\/media?parent=2078"}],"wp:term":[{"taxonomy":"product_brand","embeddable":true,"href":"https:\/\/magazzinimanzanesi.it\/de\/wp-json\/wp\/v2\/product_brand?post=2078"},{"taxonomy":"product_cat","embeddable":true,"href":"https:\/\/magazzinimanzanesi.it\/de\/wp-json\/wp\/v2\/product_cat?post=2078"},{"taxonomy":"product_tag","embeddable":true,"href":"https:\/\/magazzinimanzanesi.it\/de\/wp-json\/wp\/v2\/product_tag?post=2078"}],"curies":[{"name":"wp","href":"https:\/\/api.w.org\/{rel}","templated":true}]}}