{"id":2079,"date":"2022-03-01T14:22:59","date_gmt":"2022-03-01T14:22:59","guid":{"rendered":"https:\/\/magazzinimanzanesi.overpx.com\/catalogo\/unkategorisiert\/scharnier-2\/"},"modified":"2026-04-02T14:20:53","modified_gmt":"2026-04-02T14:20:53","slug":"scharnier-2","status":"publish","type":"product","link":"https:\/\/magazzinimanzanesi.it\/de\/katalog\/fur-tische\/scharniere\/scharnier-2\/","title":{"rendered":"Tropikalisiertes Eisenscharnier"},"content":{"rendered":"<h1>Tropikalisiertes Scharnier aus Eisen, 6-lochig<\/h1>\n<h2>Tropikalisiertes Eisenscharnier: F\u00fcr anspruchsvolle Umgebungen<\/h2>\n<p>Tropikalisiertes Eisenscharnier mit 6 L\u00f6chern. Es ist ideal zur Befestigung von Klappplatten mit Buch\u00f6ffnung und erm\u00f6glicht ein nahezu vollst\u00e4ndiges Umklappen bis 360\u00b0.<\/p>\n<p>&nbsp;<\/p>\n<h3>Tropikalisiertes Eisenscharnier \u2013 Ma\u00dfe:<\/h3>\n<p>50\u00d740\u00d71,3 mm<\/p>\n","protected":false},"excerpt":{"rendered":"<p>Tropikalisiertes Scharnier aus Eisen, 6-lochig Tropikalisiertes Eisenscharnier: F\u00fcr anspruchsvolle Umgebungen Tropikalisiertes Eisenscharnier mit 6 L\u00f6chern. Es ist ideal zur Befestigung von Klappplatten mit Buch\u00f6ffnung und erm\u00f6glicht ein nahezu vollst\u00e4ndiges Umklappen bis 360\u00b0. &nbsp; Tropikalisiertes Eisenscharnier \u2013 Ma\u00dfe: 50\u00d740\u00d71,3 mm<\/p>\n","protected":false},"featured_media":4610,"comment_status":"open","ping_status":"closed","template":"","meta":{"_acf_changed":false},"product_brand":[],"product_cat":[265,269],"product_tag":[],"class_list":{"0":"post-2079","1":"product","2":"type-product","3":"status-publish","4":"has-post-thumbnail","6":"product_cat-fur-tische","7":"product_cat-scharniere","9":"first","10":"instock","11":"product-type-simple"},"acf":[],"_links":{"self":[{"href":"https:\/\/magazzinimanzanesi.it\/de\/wp-json\/wp\/v2\/product\/2079","targetHints":{"allow":["GET"]}}],"collection":[{"href":"https:\/\/magazzinimanzanesi.it\/de\/wp-json\/wp\/v2\/product"}],"about":[{"href":"https:\/\/magazzinimanzanesi.it\/de\/wp-json\/wp\/v2\/types\/product"}],"replies":[{"embeddable":true,"href":"https:\/\/magazzinimanzanesi.it\/de\/wp-json\/wp\/v2\/comments?post=2079"}],"wp:featuredmedia":[{"embeddable":true,"href":"https:\/\/magazzinimanzanesi.it\/de\/wp-json\/wp\/v2\/media\/4610"}],"wp:attachment":[{"href":"https:\/\/magazzinimanzanesi.it\/de\/wp-json\/wp\/v2\/media?parent=2079"}],"wp:term":[{"taxonomy":"product_brand","embeddable":true,"href":"https:\/\/magazzinimanzanesi.it\/de\/wp-json\/wp\/v2\/product_brand?post=2079"},{"taxonomy":"product_cat","embeddable":true,"href":"https:\/\/magazzinimanzanesi.it\/de\/wp-json\/wp\/v2\/product_cat?post=2079"},{"taxonomy":"product_tag","embeddable":true,"href":"https:\/\/magazzinimanzanesi.it\/de\/wp-json\/wp\/v2\/product_tag?post=2079"}],"curies":[{"name":"wp","href":"https:\/\/api.w.org\/{rel}","templated":true}]}}