{"id":2097,"date":"2022-03-01T14:22:59","date_gmt":"2022-03-01T14:22:59","guid":{"rendered":"https:\/\/magazzinimanzanesi.overpx.com\/catalogo\/unkategorisiert\/klappenscharnier-aus-vermessingtem\/"},"modified":"2026-04-03T08:23:14","modified_gmt":"2026-04-03T08:23:14","slug":"klappenscharnier-aus-vermessingtem","status":"publish","type":"product","link":"https:\/\/magazzinimanzanesi.it\/de\/katalog\/fur-tische\/scharniere\/klappenscharnier-aus-vermessingtem\/","title":{"rendered":"Lappenscharnier aus Eisen"},"content":{"rendered":"<h1>Lappenscharnier 30\u00d780 mm aus Eisen<\/h1>\n<p>&nbsp;<\/p>\n<h2>Lappenscharnier aus Eisen: Stabile und zuverl\u00e4ssige Drehbewegung<\/h2>\n<p>Lappenscharnier aus Eisen 30\u00d780 mm, 6-lochig, ohne Anschlag f\u00fcr Tischplatten. Es eignet sich besonders f\u00fcr Platten mit Buch\u00f6ffnung und erm\u00f6glicht ein Umklappen bis 360\u00b0.<\/p>\n<p>&nbsp;<\/p>\n<h3>Lappenscharnier aus Eisen \u2013 Ma\u00dfe:<\/h3>\n<p>30x80mm<\/p>\n<p>Schraubloch-\u00d8: 3,5 mm<\/p>\n<p>&nbsp;<\/p>\n<p>Der Artikel ist auch in messingfarbener Ausf\u00fchrung erh\u00e4ltlich.<\/p>\n<p>&nbsp;<\/p>\n","protected":false},"excerpt":{"rendered":"<p>Lappenscharnier 30\u00d780 mm aus Eisen &nbsp; Lappenscharnier aus Eisen: Stabile und zuverl\u00e4ssige Drehbewegung Lappenscharnier aus Eisen 30\u00d780 mm, 6-lochig, ohne Anschlag f\u00fcr Tischplatten. Es eignet sich besonders f\u00fcr Platten mit Buch\u00f6ffnung und erm\u00f6glicht ein Umklappen bis 360\u00b0. &nbsp; Lappenscharnier aus Eisen \u2013 Ma\u00dfe: 30x80mm Schraubloch-\u00d8: 3,5 mm &nbsp; Der Artikel ist auch in messingfarbener Ausf\u00fchrung [&hellip;]<\/p>\n","protected":false},"featured_media":4600,"comment_status":"open","ping_status":"closed","template":"","meta":{"_acf_changed":false},"product_brand":[],"product_cat":[265,269],"product_tag":[],"class_list":{"0":"post-2097","1":"product","2":"type-product","3":"status-publish","4":"has-post-thumbnail","6":"product_cat-fur-tische","7":"product_cat-scharniere","9":"first","10":"instock","11":"product-type-simple"},"acf":[],"_links":{"self":[{"href":"https:\/\/magazzinimanzanesi.it\/de\/wp-json\/wp\/v2\/product\/2097","targetHints":{"allow":["GET"]}}],"collection":[{"href":"https:\/\/magazzinimanzanesi.it\/de\/wp-json\/wp\/v2\/product"}],"about":[{"href":"https:\/\/magazzinimanzanesi.it\/de\/wp-json\/wp\/v2\/types\/product"}],"replies":[{"embeddable":true,"href":"https:\/\/magazzinimanzanesi.it\/de\/wp-json\/wp\/v2\/comments?post=2097"}],"wp:featuredmedia":[{"embeddable":true,"href":"https:\/\/magazzinimanzanesi.it\/de\/wp-json\/wp\/v2\/media\/4600"}],"wp:attachment":[{"href":"https:\/\/magazzinimanzanesi.it\/de\/wp-json\/wp\/v2\/media?parent=2097"}],"wp:term":[{"taxonomy":"product_brand","embeddable":true,"href":"https:\/\/magazzinimanzanesi.it\/de\/wp-json\/wp\/v2\/product_brand?post=2097"},{"taxonomy":"product_cat","embeddable":true,"href":"https:\/\/magazzinimanzanesi.it\/de\/wp-json\/wp\/v2\/product_cat?post=2097"},{"taxonomy":"product_tag","embeddable":true,"href":"https:\/\/magazzinimanzanesi.it\/de\/wp-json\/wp\/v2\/product_tag?post=2097"}],"curies":[{"name":"wp","href":"https:\/\/api.w.org\/{rel}","templated":true}]}}