{"id":2100,"date":"2022-03-01T14:22:59","date_gmt":"2022-03-01T14:22:59","guid":{"rendered":"https:\/\/magazzinimanzanesi.overpx.com\/catalogo\/unkategorisiert\/verstellbarer-fus-mit-gewindestift-2\/"},"modified":"2026-04-04T09:54:40","modified_gmt":"2026-04-04T09:54:40","slug":"verstellbarer-fus-mit-gewindestift-2","status":"publish","type":"product","link":"https:\/\/magazzinimanzanesi.it\/de\/katalog\/stosspolster-und-fuesse\/verstellbare-fuesse\/verstellbarer-fus-mit-gewindestift-2\/","title":{"rendered":"Stellfu\u00df aus Kunststoff"},"content":{"rendered":"<h1>Stellfu\u00df mit Basis aus hartem Kunststoff<\/h1>\n<p>&nbsp;<\/p>\n<h2>Stellfu\u00df aus Kunststoff: F\u00fcr unregelm\u00e4\u00dfige Fl\u00e4chen<\/h2>\n<p>Stellfu\u00df aus hartem Kunststoff mit Eisenstift und metrischem ISO-Gewinde. Geeignet f\u00fcr Sitzm\u00f6bel und schwere M\u00f6belst\u00fccke, wenn eine solide und sichere Basis gefragt ist. Die \u00e4u\u00dfere R\u00e4ndelung erleichtert den Griff bei der Montage und macht die Einstellung schnell und einfach.<\/p>\n<p>&nbsp;<\/p>\n<h3>Stellfu\u00df aus Kunststoff \u2013 Ma\u00dfe:<\/h3>\n<p>\u00d815: M6x23mm<\/p>\n<p>\u00d820: M6x18mm<\/p>\n<p>\u00d830: M8x10mm &#8211; M8x20mm<\/p>\n","protected":false},"excerpt":{"rendered":"<p>Stellfu\u00df mit Basis aus hartem Kunststoff &nbsp; Stellfu\u00df aus Kunststoff: F\u00fcr unregelm\u00e4\u00dfige Fl\u00e4chen Stellfu\u00df aus hartem Kunststoff mit Eisenstift und metrischem ISO-Gewinde. Geeignet f\u00fcr Sitzm\u00f6bel und schwere M\u00f6belst\u00fccke, wenn eine solide und sichere Basis gefragt ist. Die \u00e4u\u00dfere R\u00e4ndelung erleichtert den Griff bei der Montage und macht die Einstellung schnell und einfach. &nbsp; Stellfu\u00df aus [&hellip;]<\/p>\n","protected":false},"featured_media":4985,"comment_status":"open","ping_status":"closed","template":"","meta":{"_acf_changed":false},"product_brand":[],"product_cat":[243,247],"product_tag":[],"class_list":{"0":"post-2100","1":"product","2":"type-product","3":"status-publish","4":"has-post-thumbnail","6":"product_cat-stosspolster-und-fuesse","7":"product_cat-verstellbare-fuesse","9":"first","10":"instock","11":"product-type-simple"},"acf":[],"_links":{"self":[{"href":"https:\/\/magazzinimanzanesi.it\/de\/wp-json\/wp\/v2\/product\/2100","targetHints":{"allow":["GET"]}}],"collection":[{"href":"https:\/\/magazzinimanzanesi.it\/de\/wp-json\/wp\/v2\/product"}],"about":[{"href":"https:\/\/magazzinimanzanesi.it\/de\/wp-json\/wp\/v2\/types\/product"}],"replies":[{"embeddable":true,"href":"https:\/\/magazzinimanzanesi.it\/de\/wp-json\/wp\/v2\/comments?post=2100"}],"wp:featuredmedia":[{"embeddable":true,"href":"https:\/\/magazzinimanzanesi.it\/de\/wp-json\/wp\/v2\/media\/4985"}],"wp:attachment":[{"href":"https:\/\/magazzinimanzanesi.it\/de\/wp-json\/wp\/v2\/media?parent=2100"}],"wp:term":[{"taxonomy":"product_brand","embeddable":true,"href":"https:\/\/magazzinimanzanesi.it\/de\/wp-json\/wp\/v2\/product_brand?post=2100"},{"taxonomy":"product_cat","embeddable":true,"href":"https:\/\/magazzinimanzanesi.it\/de\/wp-json\/wp\/v2\/product_cat?post=2100"},{"taxonomy":"product_tag","embeddable":true,"href":"https:\/\/magazzinimanzanesi.it\/de\/wp-json\/wp\/v2\/product_tag?post=2100"}],"curies":[{"name":"wp","href":"https:\/\/api.w.org\/{rel}","templated":true}]}}