{"id":2103,"date":"2022-03-01T14:22:56","date_gmt":"2022-03-01T14:22:56","guid":{"rendered":"https:\/\/magazzinimanzanesi.overpx.com\/catalogo\/unkategorisiert\/haken\/"},"modified":"2026-04-02T13:43:39","modified_gmt":"2026-04-02T13:43:39","slug":"haken","status":"publish","type":"product","link":"https:\/\/magazzinimanzanesi.it\/de\/katalog\/fur-tische\/angleichung-und-abschluss\/haken\/","title":{"rendered":"Eisenhaken"},"content":{"rendered":"<h1>Eisenhaken f\u00fcr ausziehbare Tische<\/h1>\n<h2>Eisenhaken: F\u00fcr ausziehbare Tische<\/h2>\n<p>Verzinkte Eisenhaken, die als einfaches Verriegelungssystem f\u00fcr ausziehbare Tische dienen.  Sie erm\u00f6glichen ein schnelles Koppeln der Tischplatten.<\/p>\n<p>&nbsp;<\/p>\n<h3>Eisenhaken \u2013 Ma\u00dfe:<\/h3>\n<p>Ausf\u00fchrungen auf Anfrage<\/p>\n<p>&nbsp;<\/p>\n","protected":false},"excerpt":{"rendered":"<p>Eisenhaken f\u00fcr ausziehbare Tische Eisenhaken: F\u00fcr ausziehbare Tische Verzinkte Eisenhaken, die als einfaches Verriegelungssystem f\u00fcr ausziehbare Tische dienen. Sie erm\u00f6glichen ein schnelles Koppeln der Tischplatten. &nbsp; Eisenhaken \u2013 Ma\u00dfe: Ausf\u00fchrungen auf Anfrage &nbsp;<\/p>\n","protected":false},"featured_media":4730,"comment_status":"open","ping_status":"closed","template":"","meta":{"_acf_changed":false},"product_brand":[],"product_cat":[267,265],"product_tag":[],"class_list":{"0":"post-2103","1":"product","2":"type-product","3":"status-publish","4":"has-post-thumbnail","6":"product_cat-angleichung-und-abschluss","7":"product_cat-fur-tische","9":"first","10":"instock","11":"product-type-simple"},"acf":[],"_links":{"self":[{"href":"https:\/\/magazzinimanzanesi.it\/de\/wp-json\/wp\/v2\/product\/2103","targetHints":{"allow":["GET"]}}],"collection":[{"href":"https:\/\/magazzinimanzanesi.it\/de\/wp-json\/wp\/v2\/product"}],"about":[{"href":"https:\/\/magazzinimanzanesi.it\/de\/wp-json\/wp\/v2\/types\/product"}],"replies":[{"embeddable":true,"href":"https:\/\/magazzinimanzanesi.it\/de\/wp-json\/wp\/v2\/comments?post=2103"}],"wp:featuredmedia":[{"embeddable":true,"href":"https:\/\/magazzinimanzanesi.it\/de\/wp-json\/wp\/v2\/media\/4730"}],"wp:attachment":[{"href":"https:\/\/magazzinimanzanesi.it\/de\/wp-json\/wp\/v2\/media?parent=2103"}],"wp:term":[{"taxonomy":"product_brand","embeddable":true,"href":"https:\/\/magazzinimanzanesi.it\/de\/wp-json\/wp\/v2\/product_brand?post=2103"},{"taxonomy":"product_cat","embeddable":true,"href":"https:\/\/magazzinimanzanesi.it\/de\/wp-json\/wp\/v2\/product_cat?post=2103"},{"taxonomy":"product_tag","embeddable":true,"href":"https:\/\/magazzinimanzanesi.it\/de\/wp-json\/wp\/v2\/product_tag?post=2103"}],"curies":[{"name":"wp","href":"https:\/\/api.w.org\/{rel}","templated":true}]}}