{"id":2104,"date":"2022-03-01T14:22:56","date_gmt":"2022-03-01T14:22:56","guid":{"rendered":"https:\/\/magazzinimanzanesi.overpx.com\/catalogo\/unkategorisiert\/scharnier-mit-feder\/"},"modified":"2026-04-02T13:45:38","modified_gmt":"2026-04-02T13:45:38","slug":"scharnier-mit-feder","status":"publish","type":"product","link":"https:\/\/magazzinimanzanesi.it\/de\/katalog\/fur-tische\/angleichung-und-abschluss\/scharnier-mit-feder\/","title":{"rendered":"Federdruckbolzen"},"content":{"rendered":"<h1>Federdruckbolzen mit Kolben<\/h1>\n<p>&nbsp;<\/p>\n<h2>Federdruckbolzen: Federkolben<\/h2>\n<p>Federbelasteter Verriegelungsbolzen aus verzinktem Stahl mit gummiertem Kopf und Bolzen \u00d8 8 mm.  Durch Dr\u00fccken wird der Kolben eingezogen, beim Loslassen f\u00e4hrt er wieder aus und verriegelt die Verbindung.<\/p>\n<p>&nbsp;<\/p>\n<h3>Federdruckbolzen \u2013 Ma\u00dfe:<\/h3>\n<p>Fl\u00fcgel 20 mm; H\u00f6he 52 mm; Kolben \u00d8 8 mm; Hub 11 mm<\/p>\n","protected":false},"excerpt":{"rendered":"<p>Federdruckbolzen mit Kolben &nbsp; Federdruckbolzen: Federkolben Federbelasteter Verriegelungsbolzen aus verzinktem Stahl mit gummiertem Kopf und Bolzen \u00d8 8 mm. Durch Dr\u00fccken wird der Kolben eingezogen, beim Loslassen f\u00e4hrt er wieder aus und verriegelt die Verbindung. &nbsp; Federdruckbolzen \u2013 Ma\u00dfe: Fl\u00fcgel 20 mm; H\u00f6he 52 mm; Kolben \u00d8 8 mm; Hub 11 mm<\/p>\n","protected":false},"featured_media":4725,"comment_status":"open","ping_status":"closed","template":"","meta":{"_acf_changed":false},"product_brand":[],"product_cat":[267,265],"product_tag":[],"class_list":{"0":"post-2104","1":"product","2":"type-product","3":"status-publish","4":"has-post-thumbnail","6":"product_cat-angleichung-und-abschluss","7":"product_cat-fur-tische","9":"first","10":"instock","11":"product-type-simple"},"acf":[],"_links":{"self":[{"href":"https:\/\/magazzinimanzanesi.it\/de\/wp-json\/wp\/v2\/product\/2104","targetHints":{"allow":["GET"]}}],"collection":[{"href":"https:\/\/magazzinimanzanesi.it\/de\/wp-json\/wp\/v2\/product"}],"about":[{"href":"https:\/\/magazzinimanzanesi.it\/de\/wp-json\/wp\/v2\/types\/product"}],"replies":[{"embeddable":true,"href":"https:\/\/magazzinimanzanesi.it\/de\/wp-json\/wp\/v2\/comments?post=2104"}],"wp:featuredmedia":[{"embeddable":true,"href":"https:\/\/magazzinimanzanesi.it\/de\/wp-json\/wp\/v2\/media\/4725"}],"wp:attachment":[{"href":"https:\/\/magazzinimanzanesi.it\/de\/wp-json\/wp\/v2\/media?parent=2104"}],"wp:term":[{"taxonomy":"product_brand","embeddable":true,"href":"https:\/\/magazzinimanzanesi.it\/de\/wp-json\/wp\/v2\/product_brand?post=2104"},{"taxonomy":"product_cat","embeddable":true,"href":"https:\/\/magazzinimanzanesi.it\/de\/wp-json\/wp\/v2\/product_cat?post=2104"},{"taxonomy":"product_tag","embeddable":true,"href":"https:\/\/magazzinimanzanesi.it\/de\/wp-json\/wp\/v2\/product_tag?post=2104"}],"curies":[{"name":"wp","href":"https:\/\/api.w.org\/{rel}","templated":true}]}}