{"id":2112,"date":"2022-03-01T14:22:55","date_gmt":"2022-03-01T14:22:55","guid":{"rendered":"https:\/\/magazzinimanzanesi.overpx.com\/catalogo\/unkategorisiert\/verbindungsmutter\/"},"modified":"2026-04-03T09:18:57","modified_gmt":"2026-04-03T09:18:57","slug":"verbindungsmutter","status":"publish","type":"product","link":"https:\/\/magazzinimanzanesi.it\/de\/katalog\/fur-mobel\/zylinder-und-faesschen\/verbindungsmutter\/","title":{"rendered":"Zylinderbolzen aus Eisen"},"content":{"rendered":"<h1>Zylindermutter<\/h1>\n<p>&nbsp;<\/p>\n<h2>Zylinderbolzen aus Eisen: F\u00fcr vorgebohrte Bauteile<\/h2>\n<p>Zylinderbolzen aus Eisen (Zylindermutter) mit ISO-Gewinde. Erh\u00e4ltlich mit versetzter Bohrung (FS) oder mittiger Bohrung (FC). Geeignet als Verbindungselement f\u00fcr vorgebohrte Bauteile und \u00fcber den Schlitzantrieb ausrichtbar.<\/p>\n<p>&nbsp;<\/p>\n<h3>Zylinderbolzen aus Eisen \u2013 Ma\u00dfe:<\/h3>\n<p>M6 FS: 10x12mm \/ 10x18mm<\/p>\n<p>M6 FC: 10x15mm \/ 10x20mm \/ 12x14mm \/ 12x22mm<\/p>\n<p>M8 FS: 12x15mm \/ 12x18mm \/ 12x22mm \/ 12x30mm \/ 15x15mm<\/p>\n<p>M8 FC: 12x60mm<\/p>\n<p>&nbsp;<\/p>\n","protected":false},"excerpt":{"rendered":"<p>Zylindermutter &nbsp; Zylinderbolzen aus Eisen: F\u00fcr vorgebohrte Bauteile Zylinderbolzen aus Eisen (Zylindermutter) mit ISO-Gewinde. Erh\u00e4ltlich mit versetzter Bohrung (FS) oder mittiger Bohrung (FC). Geeignet als Verbindungselement f\u00fcr vorgebohrte Bauteile und \u00fcber den Schlitzantrieb ausrichtbar. &nbsp; Zylinderbolzen aus Eisen \u2013 Ma\u00dfe: M6 FS: 10x12mm \/ 10x18mm M6 FC: 10x15mm \/ 10x20mm \/ 12x14mm \/ 12x22mm M8 [&hellip;]<\/p>\n","protected":false},"featured_media":5281,"comment_status":"open","ping_status":"closed","template":"","meta":{"_acf_changed":false},"product_brand":[],"product_cat":[250,252],"product_tag":[],"class_list":{"0":"post-2112","1":"product","2":"type-product","3":"status-publish","4":"has-post-thumbnail","6":"product_cat-fur-mobel","7":"product_cat-zylinder-und-faesschen","9":"first","10":"instock","11":"product-type-simple"},"acf":[],"_links":{"self":[{"href":"https:\/\/magazzinimanzanesi.it\/de\/wp-json\/wp\/v2\/product\/2112","targetHints":{"allow":["GET"]}}],"collection":[{"href":"https:\/\/magazzinimanzanesi.it\/de\/wp-json\/wp\/v2\/product"}],"about":[{"href":"https:\/\/magazzinimanzanesi.it\/de\/wp-json\/wp\/v2\/types\/product"}],"replies":[{"embeddable":true,"href":"https:\/\/magazzinimanzanesi.it\/de\/wp-json\/wp\/v2\/comments?post=2112"}],"wp:featuredmedia":[{"embeddable":true,"href":"https:\/\/magazzinimanzanesi.it\/de\/wp-json\/wp\/v2\/media\/5281"}],"wp:attachment":[{"href":"https:\/\/magazzinimanzanesi.it\/de\/wp-json\/wp\/v2\/media?parent=2112"}],"wp:term":[{"taxonomy":"product_brand","embeddable":true,"href":"https:\/\/magazzinimanzanesi.it\/de\/wp-json\/wp\/v2\/product_brand?post=2112"},{"taxonomy":"product_cat","embeddable":true,"href":"https:\/\/magazzinimanzanesi.it\/de\/wp-json\/wp\/v2\/product_cat?post=2112"},{"taxonomy":"product_tag","embeddable":true,"href":"https:\/\/magazzinimanzanesi.it\/de\/wp-json\/wp\/v2\/product_tag?post=2112"}],"curies":[{"name":"wp","href":"https:\/\/api.w.org\/{rel}","templated":true}]}}