{"id":2114,"date":"2022-03-01T14:22:55","date_gmt":"2022-03-01T14:22:55","guid":{"rendered":"https:\/\/magazzinimanzanesi.overpx.com\/catalogo\/unkategorisiert\/einschlagmutter\/"},"modified":"2026-04-03T09:03:16","modified_gmt":"2026-04-03T09:03:16","slug":"einschlagmutter","status":"publish","type":"product","link":"https:\/\/magazzinimanzanesi.it\/de\/katalog\/fur-mobel\/buchsen-und-bolzen\/einschlagmutter\/","title":{"rendered":"Einschlagmutter mit 4 Krallen"},"content":{"rendered":"<h1>Einschlagmutter<\/h1>\n<p>&nbsp;<\/p>\n<h2>Einschlagmutter mit 4 Krallen: Schnelle Montage und fester Halt<\/h2>\n<p>Einschlagmutter Extragrip aus Rohstahl mit Mittelbohrung und metrischem ISO-Gewinde, ideal f\u00fcr Befestigungen auf Holz. Die 4 gezahnten Krallen erm\u00f6glichen eine schnelle Montage und sorgen f\u00fcr einen sicheren, dauerhaften Halt<\/p>\n<p>&nbsp;<\/p>\n<h3>Einschlagmutter mit 4 Krallen \u2013 Ma\u00dfe:<\/h3>\n<p>Von M4 bis M10<\/p>\n","protected":false},"excerpt":{"rendered":"<p>Einschlagmutter &nbsp; Einschlagmutter mit 4 Krallen: Schnelle Montage und fester Halt Einschlagmutter Extragrip aus Rohstahl mit Mittelbohrung und metrischem ISO-Gewinde, ideal f\u00fcr Befestigungen auf Holz. Die 4 gezahnten Krallen erm\u00f6glichen eine schnelle Montage und sorgen f\u00fcr einen sicheren, dauerhaften Halt &nbsp; Einschlagmutter mit 4 Krallen \u2013 Ma\u00dfe: Von M4 bis M10<\/p>\n","protected":false},"featured_media":4515,"comment_status":"open","ping_status":"closed","template":"","meta":{"_acf_changed":false},"product_brand":[],"product_cat":[251,250],"product_tag":[],"class_list":{"0":"post-2114","1":"product","2":"type-product","3":"status-publish","4":"has-post-thumbnail","6":"product_cat-buchsen-und-bolzen","7":"product_cat-fur-mobel","9":"first","10":"instock","11":"product-type-simple"},"acf":[],"_links":{"self":[{"href":"https:\/\/magazzinimanzanesi.it\/de\/wp-json\/wp\/v2\/product\/2114","targetHints":{"allow":["GET"]}}],"collection":[{"href":"https:\/\/magazzinimanzanesi.it\/de\/wp-json\/wp\/v2\/product"}],"about":[{"href":"https:\/\/magazzinimanzanesi.it\/de\/wp-json\/wp\/v2\/types\/product"}],"replies":[{"embeddable":true,"href":"https:\/\/magazzinimanzanesi.it\/de\/wp-json\/wp\/v2\/comments?post=2114"}],"wp:featuredmedia":[{"embeddable":true,"href":"https:\/\/magazzinimanzanesi.it\/de\/wp-json\/wp\/v2\/media\/4515"}],"wp:attachment":[{"href":"https:\/\/magazzinimanzanesi.it\/de\/wp-json\/wp\/v2\/media?parent=2114"}],"wp:term":[{"taxonomy":"product_brand","embeddable":true,"href":"https:\/\/magazzinimanzanesi.it\/de\/wp-json\/wp\/v2\/product_brand?post=2114"},{"taxonomy":"product_cat","embeddable":true,"href":"https:\/\/magazzinimanzanesi.it\/de\/wp-json\/wp\/v2\/product_cat?post=2114"},{"taxonomy":"product_tag","embeddable":true,"href":"https:\/\/magazzinimanzanesi.it\/de\/wp-json\/wp\/v2\/product_tag?post=2114"}],"curies":[{"name":"wp","href":"https:\/\/api.w.org\/{rel}","templated":true}]}}