{"id":2126,"date":"2022-03-01T14:22:55","date_gmt":"2022-03-01T14:22:55","guid":{"rendered":"https:\/\/magazzinimanzanesi.overpx.com\/catalogo\/unkategorisiert\/mobelgleiter\/"},"modified":"2026-04-04T10:02:43","modified_gmt":"2026-04-04T10:02:43","slug":"mobelgleiter","status":"publish","type":"product","link":"https:\/\/magazzinimanzanesi.it\/de\/katalog\/stosspolster-und-fuesse\/gleitbahn\/mobelgleiter\/","title":{"rendered":"Gleiter aus vernickeltem Stahl und Gummi"},"content":{"rendered":"<h1>Puffer aus vernickeltem Stahl und Gummi mit Nagel<\/h1>\n<p>&nbsp;<\/p>\n<h2>Gleiter aus vernickeltem Stahl und Gummi: Mit nivellierendem Gummi<\/h2>\n<p>Ideal f\u00fcr Teppichboden, Teppiche und harte Oberfl\u00e4chen wie Fliesen und Stein. Dieser Pufferfu\u00df aus vernickeltem Stahl und Gummi mit Nagel eignet sich besonders als Basis f\u00fcr Sitzm\u00f6bel und andere M\u00f6belst\u00fccke. Dank der Gummischicht absorbiert er Vibrationen und ist f\u00fcr nahezu jede Bodensituation geeignet.<\/p>\n<p>&nbsp;<\/p>\n<h3>Gleiter aus vernickeltem Stahl und Gummi \u2013 Ma\u00dfe:<\/h3>\n<p>\u2022 \u00d8 15 mm bis 40 mm<br \/>\n\u2022 Gesamth\u00f6he 8 mm<br \/>\n\u2022 Gummist\u00e4rke 4 mm<br \/>\n\u2022 Nagell\u00e4nge 15 mm<\/p>\n","protected":false},"excerpt":{"rendered":"<p>Puffer aus vernickeltem Stahl und Gummi mit Nagel &nbsp; Gleiter aus vernickeltem Stahl und Gummi: Mit nivellierendem Gummi Ideal f\u00fcr Teppichboden, Teppiche und harte Oberfl\u00e4chen wie Fliesen und Stein. Dieser Pufferfu\u00df aus vernickeltem Stahl und Gummi mit Nagel eignet sich besonders als Basis f\u00fcr Sitzm\u00f6bel und andere M\u00f6belst\u00fccke. Dank der Gummischicht absorbiert er Vibrationen und [&hellip;]<\/p>\n","protected":false},"featured_media":5110,"comment_status":"open","ping_status":"closed","template":"","meta":{"_acf_changed":false},"product_brand":[],"product_cat":[249,243],"product_tag":[],"class_list":{"0":"post-2126","1":"product","2":"type-product","3":"status-publish","4":"has-post-thumbnail","6":"product_cat-gleitbahn","7":"product_cat-stosspolster-und-fuesse","9":"first","10":"instock","11":"product-type-simple"},"acf":[],"_links":{"self":[{"href":"https:\/\/magazzinimanzanesi.it\/de\/wp-json\/wp\/v2\/product\/2126","targetHints":{"allow":["GET"]}}],"collection":[{"href":"https:\/\/magazzinimanzanesi.it\/de\/wp-json\/wp\/v2\/product"}],"about":[{"href":"https:\/\/magazzinimanzanesi.it\/de\/wp-json\/wp\/v2\/types\/product"}],"replies":[{"embeddable":true,"href":"https:\/\/magazzinimanzanesi.it\/de\/wp-json\/wp\/v2\/comments?post=2126"}],"wp:featuredmedia":[{"embeddable":true,"href":"https:\/\/magazzinimanzanesi.it\/de\/wp-json\/wp\/v2\/media\/5110"}],"wp:attachment":[{"href":"https:\/\/magazzinimanzanesi.it\/de\/wp-json\/wp\/v2\/media?parent=2126"}],"wp:term":[{"taxonomy":"product_brand","embeddable":true,"href":"https:\/\/magazzinimanzanesi.it\/de\/wp-json\/wp\/v2\/product_brand?post=2126"},{"taxonomy":"product_cat","embeddable":true,"href":"https:\/\/magazzinimanzanesi.it\/de\/wp-json\/wp\/v2\/product_cat?post=2126"},{"taxonomy":"product_tag","embeddable":true,"href":"https:\/\/magazzinimanzanesi.it\/de\/wp-json\/wp\/v2\/product_tag?post=2126"}],"curies":[{"name":"wp","href":"https:\/\/api.w.org\/{rel}","templated":true}]}}