{"id":2128,"date":"2022-03-01T14:22:55","date_gmt":"2022-03-01T14:22:55","guid":{"rendered":"https:\/\/magazzinimanzanesi.overpx.com\/catalogo\/unkategorisiert\/mobelgleiter-2\/"},"modified":"2026-04-04T10:04:41","modified_gmt":"2026-04-04T10:04:41","slug":"mobelgleiter-2","status":"publish","type":"product","link":"https:\/\/magazzinimanzanesi.it\/de\/katalog\/stosspolster-und-fuesse\/gleitbahn\/mobelgleiter-2\/","title":{"rendered":"Stahlgleiter mit Nagel"},"content":{"rendered":"<h1>Puffer aus Stahl mit Nagel<\/h1>\n<p>&nbsp;<\/p>\n<h2>Stahlgleiter mit Nagel: Leicht und widerstandsf\u00e4hig<\/h2>\n<p>Ideal f\u00fcr Teppichboden, Teppiche und harte Oberfl\u00e4chen wie Fliesen und Stein. Dieser Pufferfu\u00df aus Stahl mit Nagel eignet sich besonders als Basis f\u00fcr Sitzm\u00f6bel und andere M\u00f6belst\u00fccke. Dank der hohen Materialqualit\u00e4t ist er f\u00fcr nahezu jede Bodenart geeignet.<\/p>\n<p>&nbsp;<\/p>\n<h3>Stahlgleiter mit Nagel \u2013 Ma\u00dfe:<\/h3>\n<p>\u2022 \u00d8 13 mm bis 35 mm<br \/>\n\u2022 Nagell\u00e4nge 15 mm<\/p>\n","protected":false},"excerpt":{"rendered":"<p>Puffer aus Stahl mit Nagel &nbsp; Stahlgleiter mit Nagel: Leicht und widerstandsf\u00e4hig Ideal f\u00fcr Teppichboden, Teppiche und harte Oberfl\u00e4chen wie Fliesen und Stein. Dieser Pufferfu\u00df aus Stahl mit Nagel eignet sich besonders als Basis f\u00fcr Sitzm\u00f6bel und andere M\u00f6belst\u00fccke. Dank der hohen Materialqualit\u00e4t ist er f\u00fcr nahezu jede Bodenart geeignet. &nbsp; Stahlgleiter mit Nagel \u2013 [&hellip;]<\/p>\n","protected":false},"featured_media":5115,"comment_status":"open","ping_status":"closed","template":"","meta":{"_acf_changed":false},"product_brand":[],"product_cat":[249,243],"product_tag":[],"class_list":{"0":"post-2128","1":"product","2":"type-product","3":"status-publish","4":"has-post-thumbnail","6":"product_cat-gleitbahn","7":"product_cat-stosspolster-und-fuesse","9":"first","10":"instock","11":"product-type-simple"},"acf":[],"_links":{"self":[{"href":"https:\/\/magazzinimanzanesi.it\/de\/wp-json\/wp\/v2\/product\/2128","targetHints":{"allow":["GET"]}}],"collection":[{"href":"https:\/\/magazzinimanzanesi.it\/de\/wp-json\/wp\/v2\/product"}],"about":[{"href":"https:\/\/magazzinimanzanesi.it\/de\/wp-json\/wp\/v2\/types\/product"}],"replies":[{"embeddable":true,"href":"https:\/\/magazzinimanzanesi.it\/de\/wp-json\/wp\/v2\/comments?post=2128"}],"wp:featuredmedia":[{"embeddable":true,"href":"https:\/\/magazzinimanzanesi.it\/de\/wp-json\/wp\/v2\/media\/5115"}],"wp:attachment":[{"href":"https:\/\/magazzinimanzanesi.it\/de\/wp-json\/wp\/v2\/media?parent=2128"}],"wp:term":[{"taxonomy":"product_brand","embeddable":true,"href":"https:\/\/magazzinimanzanesi.it\/de\/wp-json\/wp\/v2\/product_brand?post=2128"},{"taxonomy":"product_cat","embeddable":true,"href":"https:\/\/magazzinimanzanesi.it\/de\/wp-json\/wp\/v2\/product_cat?post=2128"},{"taxonomy":"product_tag","embeddable":true,"href":"https:\/\/magazzinimanzanesi.it\/de\/wp-json\/wp\/v2\/product_tag?post=2128"}],"curies":[{"name":"wp","href":"https:\/\/api.w.org\/{rel}","templated":true}]}}