{"id":2129,"date":"2022-03-01T14:22:55","date_gmt":"2022-03-01T14:22:55","guid":{"rendered":"https:\/\/magazzinimanzanesi.overpx.com\/catalogo\/unkategorisiert\/mobelgleiter-3\/"},"modified":"2026-04-04T10:06:20","modified_gmt":"2026-04-04T10:06:20","slug":"mobelgleiter-3","status":"publish","type":"product","link":"https:\/\/magazzinimanzanesi.it\/de\/katalog\/stosspolster-und-fuesse\/gleitbahn\/mobelgleiter-3\/","title":{"rendered":"Stahlgleiter mit 3 Spitzen"},"content":{"rendered":"<h1>Vernickelter Stahlgleiter mit 3 Spitzen<\/h1>\n<p>&nbsp;<\/p>\n<h2>Stahlgleiter mit 3 Spitzen: Mehr Halt<\/h2>\n<p>Ideal f\u00fcr Teppichboden, Teppiche und harte Oberfl\u00e4chen wie Fliesen und Stein. Dieser Stahlgleiter eignet sich besonders als Basis f\u00fcr Sitzm\u00f6bel und andere M\u00f6belst\u00fccke. Dank der hohen Materialqualit\u00e4t ist er f\u00fcr nahezu jede Bodenart geeignet. Die drei Spitzen sorgen f\u00fcr h\u00f6here Stabilit\u00e4t und reduzieren das Risiko von Holzbruch bei der Montage.<\/p>\n<p>&nbsp;<\/p>\n<h3>Stahlgleiter mit 3 Spitzen \u2013 Ma\u00dfe:<\/h3>\n<p>Verf\u00fcgbar von \u00d8 10 mm bis \u00d8 38 mm.<\/p>\n","protected":false},"excerpt":{"rendered":"<p>Vernickelter Stahlgleiter mit 3 Spitzen &nbsp; Stahlgleiter mit 3 Spitzen: Mehr Halt Ideal f\u00fcr Teppichboden, Teppiche und harte Oberfl\u00e4chen wie Fliesen und Stein. Dieser Stahlgleiter eignet sich besonders als Basis f\u00fcr Sitzm\u00f6bel und andere M\u00f6belst\u00fccke. Dank der hohen Materialqualit\u00e4t ist er f\u00fcr nahezu jede Bodenart geeignet. Die drei Spitzen sorgen f\u00fcr h\u00f6here Stabilit\u00e4t und reduzieren [&hellip;]<\/p>\n","protected":false},"featured_media":5105,"comment_status":"open","ping_status":"closed","template":"","meta":{"_acf_changed":false},"product_brand":[],"product_cat":[249,243],"product_tag":[],"class_list":{"0":"post-2129","1":"product","2":"type-product","3":"status-publish","4":"has-post-thumbnail","6":"product_cat-gleitbahn","7":"product_cat-stosspolster-und-fuesse","9":"first","10":"instock","11":"product-type-simple"},"acf":[],"_links":{"self":[{"href":"https:\/\/magazzinimanzanesi.it\/de\/wp-json\/wp\/v2\/product\/2129","targetHints":{"allow":["GET"]}}],"collection":[{"href":"https:\/\/magazzinimanzanesi.it\/de\/wp-json\/wp\/v2\/product"}],"about":[{"href":"https:\/\/magazzinimanzanesi.it\/de\/wp-json\/wp\/v2\/types\/product"}],"replies":[{"embeddable":true,"href":"https:\/\/magazzinimanzanesi.it\/de\/wp-json\/wp\/v2\/comments?post=2129"}],"wp:featuredmedia":[{"embeddable":true,"href":"https:\/\/magazzinimanzanesi.it\/de\/wp-json\/wp\/v2\/media\/5105"}],"wp:attachment":[{"href":"https:\/\/magazzinimanzanesi.it\/de\/wp-json\/wp\/v2\/media?parent=2129"}],"wp:term":[{"taxonomy":"product_brand","embeddable":true,"href":"https:\/\/magazzinimanzanesi.it\/de\/wp-json\/wp\/v2\/product_brand?post=2129"},{"taxonomy":"product_cat","embeddable":true,"href":"https:\/\/magazzinimanzanesi.it\/de\/wp-json\/wp\/v2\/product_cat?post=2129"},{"taxonomy":"product_tag","embeddable":true,"href":"https:\/\/magazzinimanzanesi.it\/de\/wp-json\/wp\/v2\/product_tag?post=2129"}],"curies":[{"name":"wp","href":"https:\/\/api.w.org\/{rel}","templated":true}]}}