{"id":2131,"date":"2022-03-01T14:22:55","date_gmt":"2022-03-01T14:22:55","guid":{"rendered":"https:\/\/magazzinimanzanesi.overpx.com\/catalogo\/unkategorisiert\/gummipuffer-mit-stift\/"},"modified":"2026-04-03T14:13:54","modified_gmt":"2026-04-03T14:13:54","slug":"gummipuffer-mit-stift","status":"publish","type":"product","link":"https:\/\/magazzinimanzanesi.it\/de\/katalog\/stosspolster-und-fuesse\/stosstange-mit-nagel\/gummipuffer-mit-stift\/","title":{"rendered":"Gummipuffer mit Nagel"},"content":{"rendered":"<h1>Gummif\u00fc\u00dfe mit Nagel<\/h1>\n<p>&nbsp;<\/p>\n<h2>Gummipuffer mit Nagel: Weich und vielseitig<\/h2>\n<p>Gummipuffer mit Nagel, erh\u00e4ltlich in Schwarz und Wei\u00df. Ideal f\u00fcr Fliesen, Marmor und andere harte B\u00f6den, wenn eine ger\u00e4uscharme Auflagefl\u00e4che gew\u00fcnscht ist. Dieser Gummifu\u00df mit Nagel eignet sich besonders als Basis f\u00fcr Sitzm\u00f6bel und andere M\u00f6belst\u00fccke.<\/p>\n<p>&nbsp;<\/p>\n<h3>Gummipuffer mit Nagel \u2013 Ma\u00dfe:<\/h3>\n<p>\u2022\u00a0 Durchmesser:  15mm und 20mm<br \/>\n\u2022\u00a0 Gummi-H\u00f6he: 7mm<br \/>\n\u2022\u00a0 Nagell\u00e4nge: 15 mm<\/p>\n<p>&nbsp;<\/p>\n<p><strong>Verf\u00fcgbare Farben:<\/strong><br \/>\n\u2022\u00a0 wei\u00df<br \/>\n\u2022\u00a0 schwarz<\/p>\n","protected":false},"excerpt":{"rendered":"<p>Gummif\u00fc\u00dfe mit Nagel &nbsp; Gummipuffer mit Nagel: Weich und vielseitig Gummipuffer mit Nagel, erh\u00e4ltlich in Schwarz und Wei\u00df. Ideal f\u00fcr Fliesen, Marmor und andere harte B\u00f6den, wenn eine ger\u00e4uscharme Auflagefl\u00e4che gew\u00fcnscht ist. Dieser Gummifu\u00df mit Nagel eignet sich besonders als Basis f\u00fcr Sitzm\u00f6bel und andere M\u00f6belst\u00fccke. &nbsp; Gummipuffer mit Nagel \u2013 Ma\u00dfe: \u2022\u00a0 Durchmesser: 15mm [&hellip;]<\/p>\n","protected":false},"featured_media":4935,"comment_status":"open","ping_status":"closed","template":"","meta":{"_acf_changed":false},"product_brand":[],"product_cat":[244,243],"product_tag":[],"class_list":{"0":"post-2131","1":"product","2":"type-product","3":"status-publish","4":"has-post-thumbnail","6":"product_cat-stosstange-mit-nagel","7":"product_cat-stosspolster-und-fuesse","9":"first","10":"instock","11":"product-type-simple"},"acf":[],"_links":{"self":[{"href":"https:\/\/magazzinimanzanesi.it\/de\/wp-json\/wp\/v2\/product\/2131","targetHints":{"allow":["GET"]}}],"collection":[{"href":"https:\/\/magazzinimanzanesi.it\/de\/wp-json\/wp\/v2\/product"}],"about":[{"href":"https:\/\/magazzinimanzanesi.it\/de\/wp-json\/wp\/v2\/types\/product"}],"replies":[{"embeddable":true,"href":"https:\/\/magazzinimanzanesi.it\/de\/wp-json\/wp\/v2\/comments?post=2131"}],"wp:featuredmedia":[{"embeddable":true,"href":"https:\/\/magazzinimanzanesi.it\/de\/wp-json\/wp\/v2\/media\/4935"}],"wp:attachment":[{"href":"https:\/\/magazzinimanzanesi.it\/de\/wp-json\/wp\/v2\/media?parent=2131"}],"wp:term":[{"taxonomy":"product_brand","embeddable":true,"href":"https:\/\/magazzinimanzanesi.it\/de\/wp-json\/wp\/v2\/product_brand?post=2131"},{"taxonomy":"product_cat","embeddable":true,"href":"https:\/\/magazzinimanzanesi.it\/de\/wp-json\/wp\/v2\/product_cat?post=2131"},{"taxonomy":"product_tag","embeddable":true,"href":"https:\/\/magazzinimanzanesi.it\/de\/wp-json\/wp\/v2\/product_tag?post=2131"}],"curies":[{"name":"wp","href":"https:\/\/api.w.org\/{rel}","templated":true}]}}