{"id":2132,"date":"2022-03-01T14:22:55","date_gmt":"2022-03-01T14:22:55","guid":{"rendered":"https:\/\/magazzinimanzanesi.overpx.com\/catalogo\/unkategorisiert\/plastikmobelgleiter\/"},"modified":"2026-04-04T09:30:59","modified_gmt":"2026-04-04T09:30:59","slug":"plastikmobelgleiter","status":"publish","type":"product","link":"https:\/\/magazzinimanzanesi.it\/de\/katalog\/stosspolster-und-fuesse\/stosstange-mit-nagel\/plastikmobelgleiter\/","title":{"rendered":"Kunststoffpuffer mit Nagel"},"content":{"rendered":"<h1>Kunststofff\u00fc\u00dfe<\/h1>\n<p>&nbsp;<\/p>\n<h2>Kunststoffpuffer mit Nagel: Widerstandsf\u00e4hig und langlebig<\/h2>\n<p>Kunststoffpuffer mit Nagel, besonders geeignet als Basis f\u00fcr Sitzm\u00f6bel und andere M\u00f6belst\u00fccke. Dank der hohen Materialqualit\u00e4t ist er sehr widerstandsf\u00e4hig und f\u00fcr unterschiedlichste Bodenarten geeignet. Erh\u00e4ltlich in Schwarz, Braun und Neutral. Ideal f\u00fcr PVC-B\u00f6den, Teppiche und Parkett.<\/p>\n<p>Disponibile nei colori nero, marrone e neutro. Ideale per pavimenti in PVC, tappeti e parquet<\/p>\n<p>&nbsp;<\/p>\n<h3>Kunststoffpuffer mit Nagel \u2013 Ma\u00dfe:<\/h3>\n<p>\u2022 Durchmesser: von 10 mm bis 28 mm<br \/>\n\u2022 Kunststoffh\u00f6he: 5 mm<br \/>\n\u2022 Nagell\u00e4nge: 15 mm, auf Anfrage 20 mm<\/p>\n<p>&nbsp;<\/p>\n<p><strong>Verf\u00fcgbare Farben:<\/strong><br \/>\n\u2022 neutral<br \/>\n\u2022 braun<br \/>\n\u2022 schwarz<\/p>\n","protected":false},"excerpt":{"rendered":"<p>Kunststofff\u00fc\u00dfe &nbsp; Kunststoffpuffer mit Nagel: Widerstandsf\u00e4hig und langlebig Kunststoffpuffer mit Nagel, besonders geeignet als Basis f\u00fcr Sitzm\u00f6bel und andere M\u00f6belst\u00fccke. Dank der hohen Materialqualit\u00e4t ist er sehr widerstandsf\u00e4hig und f\u00fcr unterschiedlichste Bodenarten geeignet. Erh\u00e4ltlich in Schwarz, Braun und Neutral. Ideal f\u00fcr PVC-B\u00f6den, Teppiche und Parkett. Disponibile nei colori nero, marrone e neutro. Ideale per pavimenti [&hellip;]<\/p>\n","protected":false},"featured_media":4965,"comment_status":"open","ping_status":"closed","template":"","meta":{"_acf_changed":false},"product_brand":[],"product_cat":[244,243],"product_tag":[],"class_list":{"0":"post-2132","1":"product","2":"type-product","3":"status-publish","4":"has-post-thumbnail","6":"product_cat-stosstange-mit-nagel","7":"product_cat-stosspolster-und-fuesse","9":"first","10":"instock","11":"product-type-simple"},"acf":[],"_links":{"self":[{"href":"https:\/\/magazzinimanzanesi.it\/de\/wp-json\/wp\/v2\/product\/2132","targetHints":{"allow":["GET"]}}],"collection":[{"href":"https:\/\/magazzinimanzanesi.it\/de\/wp-json\/wp\/v2\/product"}],"about":[{"href":"https:\/\/magazzinimanzanesi.it\/de\/wp-json\/wp\/v2\/types\/product"}],"replies":[{"embeddable":true,"href":"https:\/\/magazzinimanzanesi.it\/de\/wp-json\/wp\/v2\/comments?post=2132"}],"wp:featuredmedia":[{"embeddable":true,"href":"https:\/\/magazzinimanzanesi.it\/de\/wp-json\/wp\/v2\/media\/4965"}],"wp:attachment":[{"href":"https:\/\/magazzinimanzanesi.it\/de\/wp-json\/wp\/v2\/media?parent=2132"}],"wp:term":[{"taxonomy":"product_brand","embeddable":true,"href":"https:\/\/magazzinimanzanesi.it\/de\/wp-json\/wp\/v2\/product_brand?post=2132"},{"taxonomy":"product_cat","embeddable":true,"href":"https:\/\/magazzinimanzanesi.it\/de\/wp-json\/wp\/v2\/product_cat?post=2132"},{"taxonomy":"product_tag","embeddable":true,"href":"https:\/\/magazzinimanzanesi.it\/de\/wp-json\/wp\/v2\/product_tag?post=2132"}],"curies":[{"name":"wp","href":"https:\/\/api.w.org\/{rel}","templated":true}]}}