{"id":2134,"date":"2022-03-01T14:22:55","date_gmt":"2022-03-01T14:22:55","guid":{"rendered":"https:\/\/magazzinimanzanesi.overpx.com\/catalogo\/unkategorisiert\/plastikmobelgleiter-2\/"},"modified":"2026-04-04T09:33:35","modified_gmt":"2026-04-04T09:33:35","slug":"plastikmobelgleiter-2","status":"publish","type":"product","link":"https:\/\/magazzinimanzanesi.it\/de\/katalog\/stosspolster-und-fuesse\/stosstange-mit-nagel\/plastikmobelgleiter-2\/","title":{"rendered":"Gummi-Kunststoff-Puffer mit Nagel"},"content":{"rendered":"<h1>Gummi- und Kunststofff\u00fc\u00dfe mit Nagel<\/h1>\n<p>&nbsp;<\/p>\n<h2>Gummi-Kunststoff-Puffer mit Nagel: Die d\u00e4mpfende L\u00f6sung<\/h2>\n<p>Selbstnivellierender Gummi-Kunststoff-Puffer mit Nagel, erh\u00e4ltlich in Schwarz, Braun und Neutral. Ideal f\u00fcr PVC-B\u00f6den, Teppiche und Parkett. Dieser Fu\u00df eignet sich besonders als Basis f\u00fcr Sitzm\u00f6bel und andere M\u00f6belst\u00fccke und ist dank der hohen Materialqualit\u00e4t f\u00fcr nahezu alle Bodenarten geeignet.<\/p>\n<p>&nbsp;<\/p>\n<h2>Gummi-Kunststoff-Puffer mit Nagel \u2013 Ma\u00dfe:<\/h2>\n<p>\u2022 Durchmesser: von 15 mm bis 30 mm<br \/>\n\u2022 Gesamth\u00f6he: 10 mm<br \/>\n\u2022 Gummist\u00e4rke: 5 mm<br \/>\n\u2022 Nagell\u00e4nge: 15 mm<\/p>\n<p>&nbsp;<\/p>\n<p><strong>Verf\u00fcgbare Farben:<\/strong><br \/>\n\u2022 wei\u00df mit schwarzem Gummi<br \/>\n\u2022 braun mit schwarzem Gummi<br \/>\n\u2022 schwarz mit schwarzem Gummi<\/p>\n","protected":false},"excerpt":{"rendered":"<p>Gummi- und Kunststofff\u00fc\u00dfe mit Nagel &nbsp; Gummi-Kunststoff-Puffer mit Nagel: Die d\u00e4mpfende L\u00f6sung Selbstnivellierender Gummi-Kunststoff-Puffer mit Nagel, erh\u00e4ltlich in Schwarz, Braun und Neutral. Ideal f\u00fcr PVC-B\u00f6den, Teppiche und Parkett. Dieser Fu\u00df eignet sich besonders als Basis f\u00fcr Sitzm\u00f6bel und andere M\u00f6belst\u00fccke und ist dank der hohen Materialqualit\u00e4t f\u00fcr nahezu alle Bodenarten geeignet. &nbsp; Gummi-Kunststoff-Puffer mit Nagel [&hellip;]<\/p>\n","protected":false},"featured_media":4955,"comment_status":"open","ping_status":"closed","template":"","meta":{"_acf_changed":false},"product_brand":[],"product_cat":[244,243],"product_tag":[],"class_list":{"0":"post-2134","1":"product","2":"type-product","3":"status-publish","4":"has-post-thumbnail","6":"product_cat-stosstange-mit-nagel","7":"product_cat-stosspolster-und-fuesse","9":"first","10":"instock","11":"product-type-simple"},"acf":[],"_links":{"self":[{"href":"https:\/\/magazzinimanzanesi.it\/de\/wp-json\/wp\/v2\/product\/2134","targetHints":{"allow":["GET"]}}],"collection":[{"href":"https:\/\/magazzinimanzanesi.it\/de\/wp-json\/wp\/v2\/product"}],"about":[{"href":"https:\/\/magazzinimanzanesi.it\/de\/wp-json\/wp\/v2\/types\/product"}],"replies":[{"embeddable":true,"href":"https:\/\/magazzinimanzanesi.it\/de\/wp-json\/wp\/v2\/comments?post=2134"}],"wp:featuredmedia":[{"embeddable":true,"href":"https:\/\/magazzinimanzanesi.it\/de\/wp-json\/wp\/v2\/media\/4955"}],"wp:attachment":[{"href":"https:\/\/magazzinimanzanesi.it\/de\/wp-json\/wp\/v2\/media?parent=2134"}],"wp:term":[{"taxonomy":"product_brand","embeddable":true,"href":"https:\/\/magazzinimanzanesi.it\/de\/wp-json\/wp\/v2\/product_brand?post=2134"},{"taxonomy":"product_cat","embeddable":true,"href":"https:\/\/magazzinimanzanesi.it\/de\/wp-json\/wp\/v2\/product_cat?post=2134"},{"taxonomy":"product_tag","embeddable":true,"href":"https:\/\/magazzinimanzanesi.it\/de\/wp-json\/wp\/v2\/product_tag?post=2134"}],"curies":[{"name":"wp","href":"https:\/\/api.w.org\/{rel}","templated":true}]}}