{"id":2135,"date":"2022-03-01T14:22:55","date_gmt":"2022-03-01T14:22:55","guid":{"rendered":"https:\/\/magazzinimanzanesi.overpx.com\/catalogo\/unkategorisiert\/mobelgleiter-4\/"},"modified":"2026-04-04T09:37:27","modified_gmt":"2026-04-04T09:37:27","slug":"mobelgleiter-4","status":"publish","type":"product","link":"https:\/\/magazzinimanzanesi.it\/de\/katalog\/stosspolster-und-fuesse\/stosstange-mit-nagel\/mobelgleiter-4\/","title":{"rendered":"Kunststoff-Filz-Puffer mit Nagel"},"content":{"rendered":"<h1>Kunststoff- und Filzf\u00fc\u00dfe mit Nagel<\/h1>\n<p>&nbsp;<\/p>\n<h2>Kunststoff-Filz-Puffer mit Nagel: Weich und ger\u00e4uscharm<\/h2>\n<p>Kunststoff-Filz-Puffer mit Nagel sind besonders geeignet als Basis f\u00fcr Sitzm\u00f6bel und andere M\u00f6belst\u00fccke auf empfindlichen B\u00f6den wie Holz oder anderen sensiblen Fl\u00e4chen. Auch hier wird der Filz in den Kunststoff eingeschmolzen und nicht aufgeklebt, wodurch sich die beiden Materialien nicht voneinander l\u00f6sen und eine lange Lebensdauer gew\u00e4hrleistet wird.<\/p>\n<p>&nbsp;<\/p>\n<h3>Kunststoff-Filz-Puffer mit Nagel \u2013 Ma\u00dfe:<\/h3>\n<p>\u2022 Kunststoffdurchmesser: von 16 mm bis 31 mm<br \/>\n\u2022 Filzdurchmesser: von 14 mm bis 28 mm<br \/>\n\u2022 Gesamth\u00f6he: 10 mm<br \/>\n\u2022 Filzst\u00e4rke: 5 mm<br \/>\n\u2022 Nagell\u00e4nge: 15 mm<\/p>\n<p>&nbsp;<\/p>\n<p><strong>Verf\u00fcgbare Farben:<\/strong><br \/>\n\u2022 wei\u00df mit wei\u00dfem Filz<br \/>\n\u2022 braun mit grauem Filz<br \/>\n\u2022 schwarz mit grauem Filz<\/p>\n","protected":false},"excerpt":{"rendered":"<p>Kunststoff- und Filzf\u00fc\u00dfe mit Nagel &nbsp; Kunststoff-Filz-Puffer mit Nagel: Weich und ger\u00e4uscharm Kunststoff-Filz-Puffer mit Nagel sind besonders geeignet als Basis f\u00fcr Sitzm\u00f6bel und andere M\u00f6belst\u00fccke auf empfindlichen B\u00f6den wie Holz oder anderen sensiblen Fl\u00e4chen. Auch hier wird der Filz in den Kunststoff eingeschmolzen und nicht aufgeklebt, wodurch sich die beiden Materialien nicht voneinander l\u00f6sen und [&hellip;]<\/p>\n","protected":false},"featured_media":7672,"comment_status":"open","ping_status":"closed","template":"","meta":{"_acf_changed":false},"product_brand":[],"product_cat":[244,243],"product_tag":[],"class_list":{"0":"post-2135","1":"product","2":"type-product","3":"status-publish","4":"has-post-thumbnail","6":"product_cat-stosstange-mit-nagel","7":"product_cat-stosspolster-und-fuesse","9":"first","10":"instock","11":"product-type-simple"},"acf":[],"_links":{"self":[{"href":"https:\/\/magazzinimanzanesi.it\/de\/wp-json\/wp\/v2\/product\/2135","targetHints":{"allow":["GET"]}}],"collection":[{"href":"https:\/\/magazzinimanzanesi.it\/de\/wp-json\/wp\/v2\/product"}],"about":[{"href":"https:\/\/magazzinimanzanesi.it\/de\/wp-json\/wp\/v2\/types\/product"}],"replies":[{"embeddable":true,"href":"https:\/\/magazzinimanzanesi.it\/de\/wp-json\/wp\/v2\/comments?post=2135"}],"wp:featuredmedia":[{"embeddable":true,"href":"https:\/\/magazzinimanzanesi.it\/de\/wp-json\/wp\/v2\/media\/7672"}],"wp:attachment":[{"href":"https:\/\/magazzinimanzanesi.it\/de\/wp-json\/wp\/v2\/media?parent=2135"}],"wp:term":[{"taxonomy":"product_brand","embeddable":true,"href":"https:\/\/magazzinimanzanesi.it\/de\/wp-json\/wp\/v2\/product_brand?post=2135"},{"taxonomy":"product_cat","embeddable":true,"href":"https:\/\/magazzinimanzanesi.it\/de\/wp-json\/wp\/v2\/product_cat?post=2135"},{"taxonomy":"product_tag","embeddable":true,"href":"https:\/\/magazzinimanzanesi.it\/de\/wp-json\/wp\/v2\/product_tag?post=2135"}],"curies":[{"name":"wp","href":"https:\/\/api.w.org\/{rel}","templated":true}]}}