{"id":2138,"date":"2022-03-01T14:22:55","date_gmt":"2022-03-01T14:22:55","guid":{"rendered":"https:\/\/magazzinimanzanesi.overpx.com\/catalogo\/unkategorisiert\/verschraubung-2\/"},"modified":"2026-04-02T13:52:10","modified_gmt":"2026-04-02T13:52:10","slug":"verschraubung-2","status":"publish","type":"product","link":"https:\/\/magazzinimanzanesi.it\/de\/katalog\/fur-tische\/angleichung-und-abschluss\/verschraubung-2\/","title":{"rendered":"Tropikalisierte-Buchse-und-Stift"},"content":{"rendered":"<h1>Buchse und Stift aus tropikalisiertem Eisen<\/h1>\n<p>&nbsp;<\/p>\n<h2>Buchse und Stift aus tropikalisiertem Eisen: F\u00fcr Tischverl\u00e4ngerungen<\/h2>\n<p>Satz aus Buchse und Stift in tropikalisiertem Eisen (Buchse aus Messing) zur pr\u00e4zisen Ausrichtung und Verbindung von Verl\u00e4ngerungsplatten bei schweren Tischen, etwa in Restaurants oder B\u00fcroeinrichtungen.<\/p>\n<p>&nbsp;<\/p>\n<h3><strong>Buchse und Stift \u2013 Ma\u00dfe:<\/strong><\/h3>\n<p>Buchse \u00d8 8 \u00d7 10 mm; Stift \u00d8 8 \u00d7 18 mm; Gesamtl\u00e4nge 20 mm<\/p>\n","protected":false},"excerpt":{"rendered":"<p>Buchse und Stift aus tropikalisiertem Eisen &nbsp; Buchse und Stift aus tropikalisiertem Eisen: F\u00fcr Tischverl\u00e4ngerungen Satz aus Buchse und Stift in tropikalisiertem Eisen (Buchse aus Messing) zur pr\u00e4zisen Ausrichtung und Verbindung von Verl\u00e4ngerungsplatten bei schweren Tischen, etwa in Restaurants oder B\u00fcroeinrichtungen. &nbsp; Buchse und Stift \u2013 Ma\u00dfe: Buchse \u00d8 8 \u00d7 10 mm; Stift \u00d8 [&hellip;]<\/p>\n","protected":false},"featured_media":5180,"comment_status":"open","ping_status":"closed","template":"","meta":{"_acf_changed":false},"product_brand":[],"product_cat":[267,265],"product_tag":[],"class_list":{"0":"post-2138","1":"product","2":"type-product","3":"status-publish","4":"has-post-thumbnail","6":"product_cat-angleichung-und-abschluss","7":"product_cat-fur-tische","9":"first","10":"instock","11":"product-type-simple"},"acf":[],"_links":{"self":[{"href":"https:\/\/magazzinimanzanesi.it\/de\/wp-json\/wp\/v2\/product\/2138","targetHints":{"allow":["GET"]}}],"collection":[{"href":"https:\/\/magazzinimanzanesi.it\/de\/wp-json\/wp\/v2\/product"}],"about":[{"href":"https:\/\/magazzinimanzanesi.it\/de\/wp-json\/wp\/v2\/types\/product"}],"replies":[{"embeddable":true,"href":"https:\/\/magazzinimanzanesi.it\/de\/wp-json\/wp\/v2\/comments?post=2138"}],"wp:featuredmedia":[{"embeddable":true,"href":"https:\/\/magazzinimanzanesi.it\/de\/wp-json\/wp\/v2\/media\/5180"}],"wp:attachment":[{"href":"https:\/\/magazzinimanzanesi.it\/de\/wp-json\/wp\/v2\/media?parent=2138"}],"wp:term":[{"taxonomy":"product_brand","embeddable":true,"href":"https:\/\/magazzinimanzanesi.it\/de\/wp-json\/wp\/v2\/product_brand?post=2138"},{"taxonomy":"product_cat","embeddable":true,"href":"https:\/\/magazzinimanzanesi.it\/de\/wp-json\/wp\/v2\/product_cat?post=2138"},{"taxonomy":"product_tag","embeddable":true,"href":"https:\/\/magazzinimanzanesi.it\/de\/wp-json\/wp\/v2\/product_tag?post=2138"}],"curies":[{"name":"wp","href":"https:\/\/api.w.org\/{rel}","templated":true}]}}