{"id":2142,"date":"2022-03-01T14:22:54","date_gmt":"2022-03-01T14:22:54","guid":{"rendered":"https:\/\/magazzinimanzanesi.overpx.com\/catalogo\/unkategorisiert\/kunststoffscheibe\/"},"modified":"2026-04-02T12:32:24","modified_gmt":"2026-04-02T12:32:24","slug":"kunststoffscheibe","status":"publish","type":"product","link":"https:\/\/magazzinimanzanesi.it\/de\/katalog\/schrauben-de\/rosetten\/kunststoffscheibe\/","title":{"rendered":"Unterlegscheibe aus Eisen TCCE"},"content":{"rendered":"<h1>Unterkopfscheibe aus Kunststoff TCCE<\/h1>\n<p>&nbsp;<\/p>\n<h2>Unterkopfscheibe aus Kunststoff TCCE: f\u00fcr Zylinderschrauben<\/h2>\n<p>Unterkopfscheibe aus schwarzem oder naturfarbenem Kunststoff zur Verwendung mit Zylinderschrauben.  Verf\u00fcgbar in der Gewindegr\u00f6\u00dfe M6 und damit eine leichte, korrosionsbest\u00e4ndige L\u00f6sung f\u00fcr Zylinderschrauben.<\/p>\n<p>&nbsp;<\/p>\n<h3>Unterkopfscheibe \u2013 Ma\u00dfe:<\/h3>\n<p>M6<\/p>\n","protected":false},"excerpt":{"rendered":"<p>Unterkopfscheibe aus Kunststoff TCCE &nbsp; Unterkopfscheibe aus Kunststoff TCCE: f\u00fcr Zylinderschrauben Unterkopfscheibe aus schwarzem oder naturfarbenem Kunststoff zur Verwendung mit Zylinderschrauben. Verf\u00fcgbar in der Gewindegr\u00f6\u00dfe M6 und damit eine leichte, korrosionsbest\u00e4ndige L\u00f6sung f\u00fcr Zylinderschrauben. &nbsp; Unterkopfscheibe \u2013 Ma\u00dfe: M6<\/p>\n","protected":false},"featured_media":5844,"comment_status":"open","ping_status":"closed","template":"","meta":{"_acf_changed":false},"product_brand":[],"product_cat":[280,275],"product_tag":[],"class_list":{"0":"post-2142","1":"product","2":"type-product","3":"status-publish","4":"has-post-thumbnail","6":"product_cat-rosetten","7":"product_cat-schrauben-de","9":"first","10":"instock","11":"product-type-simple"},"acf":[],"_links":{"self":[{"href":"https:\/\/magazzinimanzanesi.it\/de\/wp-json\/wp\/v2\/product\/2142","targetHints":{"allow":["GET"]}}],"collection":[{"href":"https:\/\/magazzinimanzanesi.it\/de\/wp-json\/wp\/v2\/product"}],"about":[{"href":"https:\/\/magazzinimanzanesi.it\/de\/wp-json\/wp\/v2\/types\/product"}],"replies":[{"embeddable":true,"href":"https:\/\/magazzinimanzanesi.it\/de\/wp-json\/wp\/v2\/comments?post=2142"}],"wp:featuredmedia":[{"embeddable":true,"href":"https:\/\/magazzinimanzanesi.it\/de\/wp-json\/wp\/v2\/media\/5844"}],"wp:attachment":[{"href":"https:\/\/magazzinimanzanesi.it\/de\/wp-json\/wp\/v2\/media?parent=2142"}],"wp:term":[{"taxonomy":"product_brand","embeddable":true,"href":"https:\/\/magazzinimanzanesi.it\/de\/wp-json\/wp\/v2\/product_brand?post=2142"},{"taxonomy":"product_cat","embeddable":true,"href":"https:\/\/magazzinimanzanesi.it\/de\/wp-json\/wp\/v2\/product_cat?post=2142"},{"taxonomy":"product_tag","embeddable":true,"href":"https:\/\/magazzinimanzanesi.it\/de\/wp-json\/wp\/v2\/product_tag?post=2142"}],"curies":[{"name":"wp","href":"https:\/\/api.w.org\/{rel}","templated":true}]}}