{"id":2143,"date":"2022-03-01T14:22:54","date_gmt":"2022-03-01T14:22:54","guid":{"rendered":"https:\/\/magazzinimanzanesi.overpx.com\/catalogo\/unkategorisiert\/eisenscheibe-2\/"},"modified":"2026-04-02T12:31:21","modified_gmt":"2026-04-02T12:31:21","slug":"eisenscheibe-2","status":"publish","type":"product","link":"https:\/\/magazzinimanzanesi.it\/de\/katalog\/schrauben-de\/rosetten\/eisenscheibe-2\/","title":{"rendered":"Unterlegscheibe aus Eisen TPSCE"},"content":{"rendered":"<h1>Unterkopfscheibe aus Eisen TPSCE<\/h1>\n<p>&nbsp;<\/p>\n<h2>Unterkopfscheibe aus Eisen TPSCE: f\u00fcr Senkkopf\u2011Schrauben<\/h2>\n<p>Unterkopfscheibe aus Eisen f\u00fcr Senkkopf\u2011Schrauben mit den Gewindegr\u00f6\u00dfen M6 und M8. Verf\u00fcgbar mit verschiedenen Korrosionsschutz\u2011Behandlungen wie Verzinken, Vernickeln oder Tropikalisieren.<\/p>\n<p>&nbsp;<\/p>\n<h3>Unterkopfscheibe \u2013 Ma\u00dfe:<\/h3>\n<p>M6, M8<\/p>\n<p>&nbsp;<\/p>\n<p><strong>Finiture a richiesta:<\/strong><br \/>\n\u2022\u00a0 brunito<br \/>\n\u2022\u00a0 zincato bianco<br \/>\n\u2022\u00a0 zincato giallo<br \/>\n\u2022\u00a0 zincato nero<br \/>\n\u2022\u00a0 nichelato<\/p>\n<p>&nbsp;<\/p>\n","protected":false},"excerpt":{"rendered":"<p>Unterkopfscheibe aus Eisen TPSCE &nbsp; Unterkopfscheibe aus Eisen TPSCE: f\u00fcr Senkkopf\u2011Schrauben Unterkopfscheibe aus Eisen f\u00fcr Senkkopf\u2011Schrauben mit den Gewindegr\u00f6\u00dfen M6 und M8. Verf\u00fcgbar mit verschiedenen Korrosionsschutz\u2011Behandlungen wie Verzinken, Vernickeln oder Tropikalisieren. &nbsp; Unterkopfscheibe \u2013 Ma\u00dfe: M6, M8 &nbsp; Finiture a richiesta: \u2022\u00a0 brunito \u2022\u00a0 zincato bianco \u2022\u00a0 zincato giallo \u2022\u00a0 zincato nero \u2022\u00a0 nichelato &nbsp;<\/p>\n","protected":false},"featured_media":5699,"comment_status":"open","ping_status":"closed","template":"","meta":{"_acf_changed":false},"product_brand":[],"product_cat":[280,275],"product_tag":[],"class_list":{"0":"post-2143","1":"product","2":"type-product","3":"status-publish","4":"has-post-thumbnail","6":"product_cat-rosetten","7":"product_cat-schrauben-de","9":"first","10":"instock","11":"product-type-simple"},"acf":[],"_links":{"self":[{"href":"https:\/\/magazzinimanzanesi.it\/de\/wp-json\/wp\/v2\/product\/2143","targetHints":{"allow":["GET"]}}],"collection":[{"href":"https:\/\/magazzinimanzanesi.it\/de\/wp-json\/wp\/v2\/product"}],"about":[{"href":"https:\/\/magazzinimanzanesi.it\/de\/wp-json\/wp\/v2\/types\/product"}],"replies":[{"embeddable":true,"href":"https:\/\/magazzinimanzanesi.it\/de\/wp-json\/wp\/v2\/comments?post=2143"}],"wp:featuredmedia":[{"embeddable":true,"href":"https:\/\/magazzinimanzanesi.it\/de\/wp-json\/wp\/v2\/media\/5699"}],"wp:attachment":[{"href":"https:\/\/magazzinimanzanesi.it\/de\/wp-json\/wp\/v2\/media?parent=2143"}],"wp:term":[{"taxonomy":"product_brand","embeddable":true,"href":"https:\/\/magazzinimanzanesi.it\/de\/wp-json\/wp\/v2\/product_brand?post=2143"},{"taxonomy":"product_cat","embeddable":true,"href":"https:\/\/magazzinimanzanesi.it\/de\/wp-json\/wp\/v2\/product_cat?post=2143"},{"taxonomy":"product_tag","embeddable":true,"href":"https:\/\/magazzinimanzanesi.it\/de\/wp-json\/wp\/v2\/product_tag?post=2143"}],"curies":[{"name":"wp","href":"https:\/\/api.w.org\/{rel}","templated":true}]}}