{"id":2144,"date":"2022-03-01T14:22:54","date_gmt":"2022-03-01T14:22:54","guid":{"rendered":"https:\/\/magazzinimanzanesi.overpx.com\/catalogo\/unkategorisiert\/kunststoffscheibe-2\/"},"modified":"2026-04-02T12:33:23","modified_gmt":"2026-04-02T12:33:23","slug":"kunststoffscheibe-2","status":"publish","type":"product","link":"https:\/\/magazzinimanzanesi.it\/de\/katalog\/schrauben-de\/rosetten\/kunststoffscheibe-2\/","title":{"rendered":"Kunststoff-Unterlegscheibe TPSCE"},"content":{"rendered":"<h1>Unterkopfscheibe aus Kunststoff TPSCE<\/h1>\n<p>&nbsp;<\/p>\n<h2>Unterkopfscheibe aus Kunststoff TPSCE: f\u00fcr Senkkopf\u2011Schrauben<\/h2>\n<p>Unterkopfscheibe aus Kunststoff f\u00fcr Senkkopf\u2011Schrauben mit Gewindegr\u00f6\u00dfe M8.  Der flache Boden verteilt den Druck gleichm\u00e4\u00dfig und sch\u00fctzt empfindliche Oberfl\u00e4chen.<\/p>\n<p>&nbsp;<\/p>\n<h3>Unterkopfscheibe \u2013 Ma\u00dfe:<\/h3>\n<p>M8<\/p>\n","protected":false},"excerpt":{"rendered":"<p>Unterkopfscheibe aus Kunststoff TPSCE &nbsp; Unterkopfscheibe aus Kunststoff TPSCE: f\u00fcr Senkkopf\u2011Schrauben Unterkopfscheibe aus Kunststoff f\u00fcr Senkkopf\u2011Schrauben mit Gewindegr\u00f6\u00dfe M8. Der flache Boden verteilt den Druck gleichm\u00e4\u00dfig und sch\u00fctzt empfindliche Oberfl\u00e4chen. &nbsp; Unterkopfscheibe \u2013 Ma\u00dfe: M8<\/p>\n","protected":false},"featured_media":5895,"comment_status":"open","ping_status":"closed","template":"","meta":{"_acf_changed":false},"product_brand":[],"product_cat":[280,275],"product_tag":[],"class_list":{"0":"post-2144","1":"product","2":"type-product","3":"status-publish","4":"has-post-thumbnail","6":"product_cat-rosetten","7":"product_cat-schrauben-de","9":"first","10":"instock","11":"product-type-simple"},"acf":[],"_links":{"self":[{"href":"https:\/\/magazzinimanzanesi.it\/de\/wp-json\/wp\/v2\/product\/2144","targetHints":{"allow":["GET"]}}],"collection":[{"href":"https:\/\/magazzinimanzanesi.it\/de\/wp-json\/wp\/v2\/product"}],"about":[{"href":"https:\/\/magazzinimanzanesi.it\/de\/wp-json\/wp\/v2\/types\/product"}],"replies":[{"embeddable":true,"href":"https:\/\/magazzinimanzanesi.it\/de\/wp-json\/wp\/v2\/comments?post=2144"}],"wp:featuredmedia":[{"embeddable":true,"href":"https:\/\/magazzinimanzanesi.it\/de\/wp-json\/wp\/v2\/media\/5895"}],"wp:attachment":[{"href":"https:\/\/magazzinimanzanesi.it\/de\/wp-json\/wp\/v2\/media?parent=2144"}],"wp:term":[{"taxonomy":"product_brand","embeddable":true,"href":"https:\/\/magazzinimanzanesi.it\/de\/wp-json\/wp\/v2\/product_brand?post=2144"},{"taxonomy":"product_cat","embeddable":true,"href":"https:\/\/magazzinimanzanesi.it\/de\/wp-json\/wp\/v2\/product_cat?post=2144"},{"taxonomy":"product_tag","embeddable":true,"href":"https:\/\/magazzinimanzanesi.it\/de\/wp-json\/wp\/v2\/product_tag?post=2144"}],"curies":[{"name":"wp","href":"https:\/\/api.w.org\/{rel}","templated":true}]}}