{"id":2161,"date":"2022-03-01T14:22:54","date_gmt":"2022-03-01T14:22:54","guid":{"rendered":"https:\/\/magazzinimanzanesi.overpx.com\/catalogo\/unkategorisiert\/messingbuchse\/"},"modified":"2026-04-03T09:09:39","modified_gmt":"2026-04-03T09:09:39","slug":"messingbuchse","status":"publish","type":"product","link":"https:\/\/magazzinimanzanesi.it\/de\/katalog\/fur-mobel\/buchsen-und-bolzen\/messingbuchse\/","title":{"rendered":"Holzbuchse aus Stahl"},"content":{"rendered":"<h1>Holzbuchse aus Stahl mit Innensechskant<\/h1>\n<p>&nbsp;<\/p>\n<h2>Holzbuchse aus Stahl: Mit Innensechskant<\/h2>\n<p>Holzbuchse aus Stahl mit Innensechskant, Au\u00dfengewinde f\u00fcr Holz und metrischem ISO-Innengewinde. Ideal f\u00fcr Befestigungen in Holz.<\/p>\n<p>&nbsp;<\/p>\n<h3>Holzbuchse aus Stahl \u2013 Ma\u00dfe:<\/h3>\n<p>Von M4 bis M8<\/p>\n","protected":false},"excerpt":{"rendered":"<p>Holzbuchse aus Stahl mit Innensechskant &nbsp; Holzbuchse aus Stahl: Mit Innensechskant Holzbuchse aus Stahl mit Innensechskant, Au\u00dfengewinde f\u00fcr Holz und metrischem ISO-Innengewinde. Ideal f\u00fcr Befestigungen in Holz. &nbsp; Holzbuchse aus Stahl \u2013 Ma\u00dfe: Von M4 bis M8<\/p>\n","protected":false},"featured_media":7895,"comment_status":"open","ping_status":"closed","template":"","meta":{"_acf_changed":false},"product_brand":[],"product_cat":[251,250],"product_tag":[],"class_list":{"0":"post-2161","1":"product","2":"type-product","3":"status-publish","4":"has-post-thumbnail","6":"product_cat-buchsen-und-bolzen","7":"product_cat-fur-mobel","9":"first","10":"instock","11":"product-type-simple"},"acf":[],"_links":{"self":[{"href":"https:\/\/magazzinimanzanesi.it\/de\/wp-json\/wp\/v2\/product\/2161","targetHints":{"allow":["GET"]}}],"collection":[{"href":"https:\/\/magazzinimanzanesi.it\/de\/wp-json\/wp\/v2\/product"}],"about":[{"href":"https:\/\/magazzinimanzanesi.it\/de\/wp-json\/wp\/v2\/types\/product"}],"replies":[{"embeddable":true,"href":"https:\/\/magazzinimanzanesi.it\/de\/wp-json\/wp\/v2\/comments?post=2161"}],"wp:featuredmedia":[{"embeddable":true,"href":"https:\/\/magazzinimanzanesi.it\/de\/wp-json\/wp\/v2\/media\/7895"}],"wp:attachment":[{"href":"https:\/\/magazzinimanzanesi.it\/de\/wp-json\/wp\/v2\/media?parent=2161"}],"wp:term":[{"taxonomy":"product_brand","embeddable":true,"href":"https:\/\/magazzinimanzanesi.it\/de\/wp-json\/wp\/v2\/product_brand?post=2161"},{"taxonomy":"product_cat","embeddable":true,"href":"https:\/\/magazzinimanzanesi.it\/de\/wp-json\/wp\/v2\/product_cat?post=2161"},{"taxonomy":"product_tag","embeddable":true,"href":"https:\/\/magazzinimanzanesi.it\/de\/wp-json\/wp\/v2\/product_tag?post=2161"}],"curies":[{"name":"wp","href":"https:\/\/api.w.org\/{rel}","templated":true}]}}