{"id":2162,"date":"2022-03-01T14:22:54","date_gmt":"2022-03-01T14:22:54","guid":{"rendered":"https:\/\/magazzinimanzanesi.overpx.com\/catalogo\/unkategorisiert\/eisenbuchse\/"},"modified":"2026-04-03T09:14:08","modified_gmt":"2026-04-03T09:14:08","slug":"eisenbuchse","status":"publish","type":"product","link":"https:\/\/magazzinimanzanesi.it\/de\/katalog\/fur-mobel\/buchsen-und-bolzen\/eisenbuchse\/","title":{"rendered":"Holzbuchse aus Eisen"},"content":{"rendered":"<h1>Gewindebuchse f\u00fcr Holz aus Eisen<\/h1>\n<p>&nbsp;<\/p>\n<h2>Holzbuchse aus Eisen: Die praktische doppelte Ansenkung<\/h2>\n<p>Doppelseitig ansetzbare Holzbuchse aus tropikalisiertem Eisen mit Au\u00dfengewinde f\u00fcr Holz und metrischem ISO-Innengewinde. Ideal f\u00fcr schnelle Befestigungen in Holz dank der Fase an beiden Enden.<\/p>\n<p>&nbsp;<\/p>\n<h3>Holzbuchse aus Eisen \u2013 Ma\u00dfe:<\/h3>\n<p>Von M6 bis M10<\/p>\n","protected":false},"excerpt":{"rendered":"<p>Gewindebuchse f\u00fcr Holz aus Eisen &nbsp; Holzbuchse aus Eisen: Die praktische doppelte Ansenkung Doppelseitig ansetzbare Holzbuchse aus tropikalisiertem Eisen mit Au\u00dfengewinde f\u00fcr Holz und metrischem ISO-Innengewinde. Ideal f\u00fcr schnelle Befestigungen in Holz dank der Fase an beiden Enden. &nbsp; Holzbuchse aus Eisen \u2013 Ma\u00dfe: Von M6 bis M10<\/p>\n","protected":false},"featured_media":7910,"comment_status":"open","ping_status":"closed","template":"","meta":{"_acf_changed":false},"product_brand":[],"product_cat":[251,250],"product_tag":[],"class_list":{"0":"post-2162","1":"product","2":"type-product","3":"status-publish","4":"has-post-thumbnail","6":"product_cat-buchsen-und-bolzen","7":"product_cat-fur-mobel","9":"first","10":"instock","11":"product-type-simple"},"acf":[],"_links":{"self":[{"href":"https:\/\/magazzinimanzanesi.it\/de\/wp-json\/wp\/v2\/product\/2162","targetHints":{"allow":["GET"]}}],"collection":[{"href":"https:\/\/magazzinimanzanesi.it\/de\/wp-json\/wp\/v2\/product"}],"about":[{"href":"https:\/\/magazzinimanzanesi.it\/de\/wp-json\/wp\/v2\/types\/product"}],"replies":[{"embeddable":true,"href":"https:\/\/magazzinimanzanesi.it\/de\/wp-json\/wp\/v2\/comments?post=2162"}],"wp:featuredmedia":[{"embeddable":true,"href":"https:\/\/magazzinimanzanesi.it\/de\/wp-json\/wp\/v2\/media\/7910"}],"wp:attachment":[{"href":"https:\/\/magazzinimanzanesi.it\/de\/wp-json\/wp\/v2\/media?parent=2162"}],"wp:term":[{"taxonomy":"product_brand","embeddable":true,"href":"https:\/\/magazzinimanzanesi.it\/de\/wp-json\/wp\/v2\/product_brand?post=2162"},{"taxonomy":"product_cat","embeddable":true,"href":"https:\/\/magazzinimanzanesi.it\/de\/wp-json\/wp\/v2\/product_cat?post=2162"},{"taxonomy":"product_tag","embeddable":true,"href":"https:\/\/magazzinimanzanesi.it\/de\/wp-json\/wp\/v2\/product_tag?post=2162"}],"curies":[{"name":"wp","href":"https:\/\/api.w.org\/{rel}","templated":true}]}}