{"id":2164,"date":"2022-03-01T14:22:54","date_gmt":"2022-03-01T14:22:54","guid":{"rendered":"https:\/\/magazzinimanzanesi.overpx.com\/catalogo\/unkategorisiert\/hulsenmutter-2\/"},"modified":"2026-04-03T13:22:42","modified_gmt":"2026-04-03T13:22:42","slug":"hulsenmutter-2","status":"publish","type":"product","link":"https:\/\/magazzinimanzanesi.it\/de\/katalog\/fur-mobel\/kopfe\/hulsenmutter-2\/","title":{"rendered":"Messingh\u00fclse mit Flachkopf und Schlitzantrieb"},"content":{"rendered":"<h1>Blindbuchse mit Flachkopf aus Messing<\/h1>\n<p>&nbsp;<\/p>\n<h2>Messingh\u00fclse mit Flachkopf und Schlitzantrieb: Flachkopf mit Schlitz<\/h2>\n<p>Messingh\u00fclse mit Flachkopf und Schlitzantrieb. Mit innen metrisch nach ISO genormtem Gewinde und glatter Au\u00dfenfl\u00e4che ist dieses Montageelement optimal f\u00fcr Anwendungen, bei denen sichere Klemmung erforderlich ist, ohne die \u00c4sthetik zu beeintr\u00e4chtigen. Typischerweise wird die H\u00fclse anstelle einer Mutter verwendet.<\/p>\n<p>&nbsp;<\/p>\n<h3>Messingh\u00fclse mit Flachkopf und Schlitzantrieb \u2013 Ma\u00dfe:<\/h3>\n<p>\u2022\u00a0 \u00d8 della testa: 12mm \/ 14mm<br \/>\n\u2022 Kopfdurchmesser: 12 mm \/ 14 mm<br \/>\n\u2022 Schaftdurchmesser: 10 mm<br \/>\n\u2022 Schaftl\u00e4nge: 12 mm<br \/>\n\u2022 Gewinde: M8<br \/>\nVerf\u00fcgbare Gr\u00f6\u00dfen:<br \/>\n\u2022 M6 12\u00d712<br \/>\n\u2022 M8 14\u00d712<br \/>\nOberfl\u00e4chen auf Anfrage:<br \/>\n\u2022 br\u00fcniert<br \/>\n\u2022 schwarz verzinkt<br \/>\n\u2022 wei\u00df verzinkt<br \/>\n\u2022 tropikalisiert<br \/>\n\u2022 bronziert<br \/>\n\u2022 vernickelt<br \/>\n\u2022 messingfarben<\/p>\n","protected":false},"excerpt":{"rendered":"<p>Blindbuchse mit Flachkopf aus Messing &nbsp; Messingh\u00fclse mit Flachkopf und Schlitzantrieb: Flachkopf mit Schlitz Messingh\u00fclse mit Flachkopf und Schlitzantrieb. Mit innen metrisch nach ISO genormtem Gewinde und glatter Au\u00dfenfl\u00e4che ist dieses Montageelement optimal f\u00fcr Anwendungen, bei denen sichere Klemmung erforderlich ist, ohne die \u00c4sthetik zu beeintr\u00e4chtigen. Typischerweise wird die H\u00fclse anstelle einer Mutter verwendet. &nbsp; [&hellip;]<\/p>\n","protected":false},"featured_media":4520,"comment_status":"open","ping_status":"closed","template":"","meta":{"_acf_changed":false},"product_brand":[],"product_cat":[250,264],"product_tag":[],"class_list":{"0":"post-2164","1":"product","2":"type-product","3":"status-publish","4":"has-post-thumbnail","6":"product_cat-fur-mobel","7":"product_cat-kopfe","9":"first","10":"instock","11":"product-type-simple"},"acf":[],"_links":{"self":[{"href":"https:\/\/magazzinimanzanesi.it\/de\/wp-json\/wp\/v2\/product\/2164","targetHints":{"allow":["GET"]}}],"collection":[{"href":"https:\/\/magazzinimanzanesi.it\/de\/wp-json\/wp\/v2\/product"}],"about":[{"href":"https:\/\/magazzinimanzanesi.it\/de\/wp-json\/wp\/v2\/types\/product"}],"replies":[{"embeddable":true,"href":"https:\/\/magazzinimanzanesi.it\/de\/wp-json\/wp\/v2\/comments?post=2164"}],"wp:featuredmedia":[{"embeddable":true,"href":"https:\/\/magazzinimanzanesi.it\/de\/wp-json\/wp\/v2\/media\/4520"}],"wp:attachment":[{"href":"https:\/\/magazzinimanzanesi.it\/de\/wp-json\/wp\/v2\/media?parent=2164"}],"wp:term":[{"taxonomy":"product_brand","embeddable":true,"href":"https:\/\/magazzinimanzanesi.it\/de\/wp-json\/wp\/v2\/product_brand?post=2164"},{"taxonomy":"product_cat","embeddable":true,"href":"https:\/\/magazzinimanzanesi.it\/de\/wp-json\/wp\/v2\/product_cat?post=2164"},{"taxonomy":"product_tag","embeddable":true,"href":"https:\/\/magazzinimanzanesi.it\/de\/wp-json\/wp\/v2\/product_tag?post=2164"}],"curies":[{"name":"wp","href":"https:\/\/api.w.org\/{rel}","templated":true}]}}