{"id":2167,"date":"2022-03-01T14:22:51","date_gmt":"2022-03-01T14:22:51","guid":{"rendered":"https:\/\/magazzinimanzanesi.overpx.com\/catalogo\/unkategorisiert\/flugelmutter-uni-5448\/"},"modified":"2026-04-01T16:39:13","modified_gmt":"2026-04-01T16:39:13","slug":"flugelmutter-uni-5448","status":"publish","type":"product","link":"https:\/\/magazzinimanzanesi.it\/de\/katalog\/schrauben-de\/schraubenmuttern\/flugelmutter-uni-5448\/","title":{"rendered":"Fl\u00fcgelmutter UNI 5448"},"content":{"rendered":"<h1>Fl\u00fcgelmutter<\/h1>\n<p>&nbsp;<\/p>\n<h2>Fl\u00fcgelmutter UNI 5448: F\u00fcr Handmontagen<\/h2>\n<p>Fl\u00fcgelmutter (Galletto) nach UNI 5448 \u2013 DIN 315 mit metrischem ISO\u2011Gewinde.  Ideal f\u00fcr die schnelle Montage von Bauteilen ohne Werkzeug; sie ist zum manuellen Einschrauben vorgesehen.<\/p>\n<p>&nbsp;<\/p>\n<h3>Fl\u00fcgelmutter \u2013 Ma\u00dfe:<\/h3>\n<p>Erh\u00e4ltlich in den Gr\u00f6\u00dfen M3\u2013M8 (M3, M4, M5, M6, M8)<\/p>\n","protected":false},"excerpt":{"rendered":"<p>Fl\u00fcgelmutter &nbsp; Fl\u00fcgelmutter UNI 5448: F\u00fcr Handmontagen Fl\u00fcgelmutter (Galletto) nach UNI 5448 \u2013 DIN 315 mit metrischem ISO\u2011Gewinde. Ideal f\u00fcr die schnelle Montage von Bauteilen ohne Werkzeug; sie ist zum manuellen Einschrauben vorgesehen. &nbsp; Fl\u00fcgelmutter \u2013 Ma\u00dfe: Erh\u00e4ltlich in den Gr\u00f6\u00dfen M3\u2013M8 (M3, M4, M5, M6, M8)<\/p>\n","protected":false},"featured_media":4685,"comment_status":"open","ping_status":"closed","template":"","meta":{"_acf_changed":false},"product_brand":[],"product_cat":[275,278],"product_tag":[],"class_list":{"0":"post-2167","1":"product","2":"type-product","3":"status-publish","4":"has-post-thumbnail","6":"product_cat-schrauben-de","7":"product_cat-schraubenmuttern","9":"first","10":"instock","11":"product-type-simple"},"acf":[],"_links":{"self":[{"href":"https:\/\/magazzinimanzanesi.it\/de\/wp-json\/wp\/v2\/product\/2167","targetHints":{"allow":["GET"]}}],"collection":[{"href":"https:\/\/magazzinimanzanesi.it\/de\/wp-json\/wp\/v2\/product"}],"about":[{"href":"https:\/\/magazzinimanzanesi.it\/de\/wp-json\/wp\/v2\/types\/product"}],"replies":[{"embeddable":true,"href":"https:\/\/magazzinimanzanesi.it\/de\/wp-json\/wp\/v2\/comments?post=2167"}],"wp:featuredmedia":[{"embeddable":true,"href":"https:\/\/magazzinimanzanesi.it\/de\/wp-json\/wp\/v2\/media\/4685"}],"wp:attachment":[{"href":"https:\/\/magazzinimanzanesi.it\/de\/wp-json\/wp\/v2\/media?parent=2167"}],"wp:term":[{"taxonomy":"product_brand","embeddable":true,"href":"https:\/\/magazzinimanzanesi.it\/de\/wp-json\/wp\/v2\/product_brand?post=2167"},{"taxonomy":"product_cat","embeddable":true,"href":"https:\/\/magazzinimanzanesi.it\/de\/wp-json\/wp\/v2\/product_cat?post=2167"},{"taxonomy":"product_tag","embeddable":true,"href":"https:\/\/magazzinimanzanesi.it\/de\/wp-json\/wp\/v2\/product_tag?post=2167"}],"curies":[{"name":"wp","href":"https:\/\/api.w.org\/{rel}","templated":true}]}}