{"id":2170,"date":"2022-03-01T14:22:51","date_gmt":"2022-03-01T14:22:51","guid":{"rendered":"https:\/\/magazzinimanzanesi.overpx.com\/catalogo\/unkategorisiert\/federscheibe-grower-uni-1751-a\/"},"modified":"2026-04-02T12:35:15","modified_gmt":"2026-04-02T12:35:15","slug":"federscheibe-grower-uni-1751-a","status":"publish","type":"product","link":"https:\/\/magazzinimanzanesi.it\/de\/katalog\/schrauben-de\/unterlegscheiben\/federscheibe-grower-uni-1751-a\/","title":{"rendered":"Elastische Unterlegscheibe Grower UNI1751 A"},"content":{"rendered":"<h1>Federstahlring (Grower) UNI 1751\/A<\/h1>\n<p>&nbsp;<\/p>\n<h2>Federstahlring (Grower) UNI 1751\/A: f\u00fcr hohe Haltekraft<\/h2>\n<p>Spiralf\u00f6rmiger Federring aus geh\u00e4rtetem Stahl, der beim Anziehen elastische Vorspannung erzeugt und das L\u00f6sen von Schraubverbindungen verhindert.<\/p>\n<p>&nbsp;<\/p>\n<h3>Federstahlring \u2013 Ma\u00dfe:<\/h3>\n<p>Durchmesser 4\u201320 mm<\/p>\n","protected":false},"excerpt":{"rendered":"<p>Federstahlring (Grower) UNI 1751\/A &nbsp; Federstahlring (Grower) UNI 1751\/A: f\u00fcr hohe Haltekraft Spiralf\u00f6rmiger Federring aus geh\u00e4rtetem Stahl, der beim Anziehen elastische Vorspannung erzeugt und das L\u00f6sen von Schraubverbindungen verhindert. &nbsp; Federstahlring \u2013 Ma\u00dfe: Durchmesser 4\u201320 mm<\/p>\n","protected":false},"featured_media":5090,"comment_status":"open","ping_status":"closed","template":"","meta":{"_acf_changed":false},"product_brand":[],"product_cat":[275,281],"product_tag":[],"class_list":{"0":"post-2170","1":"product","2":"type-product","3":"status-publish","4":"has-post-thumbnail","6":"product_cat-schrauben-de","7":"product_cat-unterlegscheiben","9":"first","10":"instock","11":"product-type-simple"},"acf":[],"_links":{"self":[{"href":"https:\/\/magazzinimanzanesi.it\/de\/wp-json\/wp\/v2\/product\/2170","targetHints":{"allow":["GET"]}}],"collection":[{"href":"https:\/\/magazzinimanzanesi.it\/de\/wp-json\/wp\/v2\/product"}],"about":[{"href":"https:\/\/magazzinimanzanesi.it\/de\/wp-json\/wp\/v2\/types\/product"}],"replies":[{"embeddable":true,"href":"https:\/\/magazzinimanzanesi.it\/de\/wp-json\/wp\/v2\/comments?post=2170"}],"wp:featuredmedia":[{"embeddable":true,"href":"https:\/\/magazzinimanzanesi.it\/de\/wp-json\/wp\/v2\/media\/5090"}],"wp:attachment":[{"href":"https:\/\/magazzinimanzanesi.it\/de\/wp-json\/wp\/v2\/media?parent=2170"}],"wp:term":[{"taxonomy":"product_brand","embeddable":true,"href":"https:\/\/magazzinimanzanesi.it\/de\/wp-json\/wp\/v2\/product_brand?post=2170"},{"taxonomy":"product_cat","embeddable":true,"href":"https:\/\/magazzinimanzanesi.it\/de\/wp-json\/wp\/v2\/product_cat?post=2170"},{"taxonomy":"product_tag","embeddable":true,"href":"https:\/\/magazzinimanzanesi.it\/de\/wp-json\/wp\/v2\/product_tag?post=2170"}],"curies":[{"name":"wp","href":"https:\/\/api.w.org\/{rel}","templated":true}]}}