{"id":2171,"date":"2022-03-01T14:22:51","date_gmt":"2022-03-01T14:22:51","guid":{"rendered":"https:\/\/magazzinimanzanesi.overpx.com\/catalogo\/unkategorisiert\/scheibe-uni-8842-a-j\/"},"modified":"2026-04-02T12:36:22","modified_gmt":"2026-04-02T12:36:22","slug":"scheibe-uni-8842-a-j","status":"publish","type":"product","link":"https:\/\/magazzinimanzanesi.it\/de\/katalog\/schrauben-de\/unterlegscheiben\/scheibe-uni-8842-a-j\/","title":{"rendered":"Gezahnte Unterlegscheibe UNI 8842 J"},"content":{"rendered":"<h1>Gezahnte Sicherheitsscheibe UNI 8842 A\/J<\/h1>\n<p>&nbsp;<\/p>\n<h2>Gezahnte Sicherheitsscheibe UNI 8842 A\/J: f\u00fcr dynamische Belastungen<\/h2>\n<p>Gezahnte Sicherungsscheibe mit Innen- oder Au\u00dfenverzahnung sorgt f\u00fcr einen sicheren Halt auf Fl\u00e4chen, die gr\u00f6\u00dfer sind als ihr Au\u00dfendurchmesser, und ist ideal f\u00fcr dynamische Belastungen oder Vibrationen.<\/p>\n<p>&nbsp;<\/p>\n<h3>Gezahnte Sicherheitsscheibe \u2013 Ma\u00dfe:<\/h3>\n<p>Durchmesser 4\u201320 mm<\/p>\n<p>&nbsp;<\/p>\n","protected":false},"excerpt":{"rendered":"<p>Gezahnte Sicherheitsscheibe UNI 8842 A\/J &nbsp; Gezahnte Sicherheitsscheibe UNI 8842 A\/J: f\u00fcr dynamische Belastungen Gezahnte Sicherungsscheibe mit Innen- oder Au\u00dfenverzahnung sorgt f\u00fcr einen sicheren Halt auf Fl\u00e4chen, die gr\u00f6\u00dfer sind als ihr Au\u00dfendurchmesser, und ist ideal f\u00fcr dynamische Belastungen oder Vibrationen. &nbsp; Gezahnte Sicherheitsscheibe \u2013 Ma\u00dfe: Durchmesser 4\u201320 mm &nbsp;<\/p>\n","protected":false},"featured_media":5075,"comment_status":"open","ping_status":"closed","template":"","meta":{"_acf_changed":false},"product_brand":[],"product_cat":[275,281],"product_tag":[],"class_list":{"0":"post-2171","1":"product","2":"type-product","3":"status-publish","4":"has-post-thumbnail","6":"product_cat-schrauben-de","7":"product_cat-unterlegscheiben","9":"first","10":"instock","11":"product-type-simple"},"acf":[],"_links":{"self":[{"href":"https:\/\/magazzinimanzanesi.it\/de\/wp-json\/wp\/v2\/product\/2171","targetHints":{"allow":["GET"]}}],"collection":[{"href":"https:\/\/magazzinimanzanesi.it\/de\/wp-json\/wp\/v2\/product"}],"about":[{"href":"https:\/\/magazzinimanzanesi.it\/de\/wp-json\/wp\/v2\/types\/product"}],"replies":[{"embeddable":true,"href":"https:\/\/magazzinimanzanesi.it\/de\/wp-json\/wp\/v2\/comments?post=2171"}],"wp:featuredmedia":[{"embeddable":true,"href":"https:\/\/magazzinimanzanesi.it\/de\/wp-json\/wp\/v2\/media\/5075"}],"wp:attachment":[{"href":"https:\/\/magazzinimanzanesi.it\/de\/wp-json\/wp\/v2\/media?parent=2171"}],"wp:term":[{"taxonomy":"product_brand","embeddable":true,"href":"https:\/\/magazzinimanzanesi.it\/de\/wp-json\/wp\/v2\/product_brand?post=2171"},{"taxonomy":"product_cat","embeddable":true,"href":"https:\/\/magazzinimanzanesi.it\/de\/wp-json\/wp\/v2\/product_cat?post=2171"},{"taxonomy":"product_tag","embeddable":true,"href":"https:\/\/magazzinimanzanesi.it\/de\/wp-json\/wp\/v2\/product_tag?post=2171"}],"curies":[{"name":"wp","href":"https:\/\/api.w.org\/{rel}","templated":true}]}}