{"id":2172,"date":"2022-03-01T14:22:50","date_gmt":"2022-03-01T14:22:50","guid":{"rendered":"https:\/\/magazzinimanzanesi.overpx.com\/catalogo\/unkategorisiert\/rundkopfschraube\/"},"modified":"2026-04-02T12:51:30","modified_gmt":"2026-04-02T12:51:30","slug":"rundkopfschraube","status":"publish","type":"product","link":"https:\/\/magazzinimanzanesi.it\/de\/katalog\/schrauben-de\/metrische-schrauben\/rundkopfschraube\/","title":{"rendered":"TB-Kombischraube"},"content":{"rendered":"<h1>Halbrundkopfschraube mit Kombischlitz<\/h1>\n<p>&nbsp;<\/p>\n<h2>Halbrundkopfschraube mit Kombischlitz: Schlitz\u2011 und Kreuzschlitzaufnahme<\/h2>\n<p>Halbrundkopfschrauben mit kombinierter Schlitz\u2011\/Kreuzaufnahme und metrischem ISO\u2011Gewinde. Sie sind zur Befestigung von Stahlelementen konzipiert.<\/p>\n<p>&nbsp;<\/p>\n<h3><strong>Halbrundkopfschraube \u2013 Ma\u00dfe:<\/strong><\/h3>\n<p>Kopfdurchmesser \u00d8 14 mm mit kombinierter Schlitz\/Kreuz\u2011Aufnahme<br \/>\nGewinde M6, Steigung 1 mm; L\u00e4ngen 30\u201375 mm<br \/>\n\u00d8 M6 con passo da 1mm fornibile nelle lunghezze da 30mm a 75mm.<\/p>\n<p>&nbsp;<\/p>\n<p>Erh\u00e4ltlich in Stahlklasse 4.8 und 8.8\/10.9; Oberfl\u00e4chenbehandlungen wie Br\u00fcnieren, galvanisches Verzinken (wei\u00df, gelb, schwarz) oder Vernickeln<\/p>\n","protected":false},"excerpt":{"rendered":"<p>Halbrundkopfschraube mit Kombischlitz &nbsp; Halbrundkopfschraube mit Kombischlitz: Schlitz\u2011 und Kreuzschlitzaufnahme Halbrundkopfschrauben mit kombinierter Schlitz\u2011\/Kreuzaufnahme und metrischem ISO\u2011Gewinde. Sie sind zur Befestigung von Stahlelementen konzipiert. &nbsp; Halbrundkopfschraube \u2013 Ma\u00dfe: Kopfdurchmesser \u00d8 14 mm mit kombinierter Schlitz\/Kreuz\u2011Aufnahme Gewinde M6, Steigung 1 mm; L\u00e4ngen 30\u201375 mm \u00d8 M6 con passo da 1mm fornibile nelle lunghezze da 30mm a [&hellip;]<\/p>\n","protected":false},"featured_media":5145,"comment_status":"open","ping_status":"closed","template":"","meta":{"_acf_changed":false},"product_brand":[],"product_cat":[283,275],"product_tag":[],"class_list":{"0":"post-2172","1":"product","2":"type-product","3":"status-publish","4":"has-post-thumbnail","6":"product_cat-metrische-schrauben","7":"product_cat-schrauben-de","9":"first","10":"instock","11":"product-type-simple"},"acf":[],"_links":{"self":[{"href":"https:\/\/magazzinimanzanesi.it\/de\/wp-json\/wp\/v2\/product\/2172","targetHints":{"allow":["GET"]}}],"collection":[{"href":"https:\/\/magazzinimanzanesi.it\/de\/wp-json\/wp\/v2\/product"}],"about":[{"href":"https:\/\/magazzinimanzanesi.it\/de\/wp-json\/wp\/v2\/types\/product"}],"replies":[{"embeddable":true,"href":"https:\/\/magazzinimanzanesi.it\/de\/wp-json\/wp\/v2\/comments?post=2172"}],"wp:featuredmedia":[{"embeddable":true,"href":"https:\/\/magazzinimanzanesi.it\/de\/wp-json\/wp\/v2\/media\/5145"}],"wp:attachment":[{"href":"https:\/\/magazzinimanzanesi.it\/de\/wp-json\/wp\/v2\/media?parent=2172"}],"wp:term":[{"taxonomy":"product_brand","embeddable":true,"href":"https:\/\/magazzinimanzanesi.it\/de\/wp-json\/wp\/v2\/product_brand?post=2172"},{"taxonomy":"product_cat","embeddable":true,"href":"https:\/\/magazzinimanzanesi.it\/de\/wp-json\/wp\/v2\/product_cat?post=2172"},{"taxonomy":"product_tag","embeddable":true,"href":"https:\/\/magazzinimanzanesi.it\/de\/wp-json\/wp\/v2\/product_tag?post=2172"}],"curies":[{"name":"wp","href":"https:\/\/api.w.org\/{rel}","templated":true}]}}